{"id":2544,"date":"2024-03-11T10:24:57","date_gmt":"2024-03-11T08:24:57","guid":{"rendered":"https:\/\/blog.edu.turku.fi\/potkuri\/?page_id=2544"},"modified":"2024-03-11T10:56:18","modified_gmt":"2024-03-11T08:56:18","slug":"alueelliset-pienluokat","status":"publish","type":"page","link":"https:\/\/blog.edu.turku.fi\/potkuri\/alueelliset-pienluokat\/","title":{"rendered":"Alueelliset pienluokat"},"content":{"rendered":"<p>Aunelan koulu luokat 5 ja 6<\/p>\n<p>Hannunniitun koulu 3. luokka<\/p>\n<p>Hepokullan koulu luokat 1-6<\/p>\n<p>Ilpoisten koulu luokat 1-2, 3-4 ja 5-6<\/p>\n<p>Lausteen koulu luokat 1 ja 3<\/p>\n<p>Luostarivuoren koulu, Martin yksikk\u00f6 1.-2. luokka<\/p>\n<p>Nummenpakan koulu luokat 1-2, 3-4, 5-6, 7, 8 ja 9<\/p>\n<p>Puropellon koulu luokat 7, 8 ja 9<\/p>\n<p>Raunistulan koulu 1. luokka<\/p>\n<p>Rieskal\u00e4hteen koulu 7, 8 ja 9<\/p>\n<p>Topeliuksen koulu 7. luokka<\/p>\n<p>Turun Lyseon koulu luokat 1, 2, ja 3<\/p>\n<p>Varissuon koulu luokat 4, 5 ja 6<\/p>\n<p>Vasaram\u00e4en koulu 2. luokka<\/p>\n<p>V\u00e4h\u00e4-Heikkil\u00e4n koulu luokat 3-4 ja 5-6<\/p>\n<p>W\u00e4in\u00f6 Aaltosen koulu luokat 1-2 ja 3-4<\/p>\n","protected":false},"excerpt":{"rendered":"<p>Aunelan koulu luokat 5 ja 6 Hannunniitun koulu 3. luokka Hepokullan koulu luokat 1-6 Ilpoisten koulu luokat 1-2, 3-4 ja 5-6 Lausteen koulu luokat 1 ja 3 Luostarivuoren koulu, Martin yksikk\u00f6 1.-2. luokka Nummenpakan koulu luokat 1-2, 3-4, 5-6, 7,<\/p>\n","protected":false},"author":3384,"featured_media":0,"parent":0,"menu_order":0,"comment_status":"closed","ping_status":"closed","template":"","meta":{"footnotes":""},"class_list":["post-2544","page","type-page","status-publish","hentry"],"_links":{"self":[{"href":"https:\/\/blog.edu.turku.fi\/potkuri\/wp-json\/wp\/v2\/pages\/2544","targetHints":{"allow":["GET"]}}],"collection":[{"href":"https:\/\/blog.edu.turku.fi\/potkuri\/wp-json\/wp\/v2\/pages"}],"about":[{"href":"https:\/\/blog.edu.turku.fi\/potkuri\/wp-json\/wp\/v2\/types\/page"}],"author":[{"embeddable":true,"href":"https:\/\/blog.edu.turku.fi\/potkuri\/wp-json\/wp\/v2\/users\/3384"}],"replies":[{"embeddable":true,"href":"https:\/\/blog.edu.turku.fi\/potkuri\/wp-json\/wp\/v2\/comments?post=2544"}],"version-history":[{"count":3,"href":"https:\/\/blog.edu.turku.fi\/potkuri\/wp-json\/wp\/v2\/pages\/2544\/revisions"}],"predecessor-version":[{"id":2551,"href":"https:\/\/blog.edu.turku.fi\/potkuri\/wp-json\/wp\/v2\/pages\/2544\/revisions\/2551"}],"wp:attachment":[{"href":"https:\/\/blog.edu.turku.fi\/potkuri\/wp-json\/wp\/v2\/media?parent=2544"}],"curies":[{"name":"wp","href":"https:\/\/api.w.org\/{rel}","templated":true}]}}