{"id":2527,"date":"2024-03-04T14:35:26","date_gmt":"2024-03-04T12:35:26","guid":{"rendered":"https:\/\/blog.edu.turku.fi\/potkuri\/?page_id=2527"},"modified":"2024-03-04T14:35:41","modified_gmt":"2024-03-04T12:35:41","slug":"kodin-ja-koulun-yhteistyo-tuen-aikana-turun-kaupungissa","status":"publish","type":"page","link":"https:\/\/blog.edu.turku.fi\/potkuri\/kodin-ja-koulun-yhteistyo-tuen-aikana-turun-kaupungissa\/","title":{"rendered":"Kodin ja koulun yhteisty\u00f6 tuen aikana Turun kaupungissa"},"content":{"rendered":"<p>Oppilaan osallisuutta omissa asioissaan tuetaan siten, ett\u00e4 h\u00e4n osallistuu ik\u00e4- ja kehitystasonsa mukaisella tavalla jokaiseen palaveriin, jossa h\u00e4nen oppimisensa ja koulunk\u00e4yntins\u00e4 tukemista suunnitellaan. Kun oppilas ja h\u00e4nen huoltajansa kutsutaan keskustelemaan oppimisen ja koulunk\u00e4ynnin tukeen liittyvist\u00e4 asioista, heille tulee (esim. tapaamiskutsun yhteydess\u00e4) tarjota mahdollisuus mietti\u00e4 etuk\u00e4teen pedagogisiin asiakirjoihin kirjattavia n\u00e4kemyksi\u00e4\u00e4n (mm. koskien oppilaan vahvuuksia, tavoitteita, tuen tarpeita, edistymist\u00e4 ja kotona tarjottavaa tukea).<\/p>\n<p>K\u00e4sitelt\u00e4v\u00e4t asiat tulee avata niin, ett\u00e4 oppilas ja h\u00e4nen huoltajansa ymm\u00e4rt\u00e4v\u00e4t niiden merkityksen oppilaan opiskelulle nyt ja tulevaisuudessa. Tarvittaessa k\u00e4ytet\u00e4\u00e4n tulkkia, jotta kaikki osapuolet tulevat ymm\u00e4rretyiksi. Huoltajilla, joiden lasten \u00e4idinkieli on muu kuin opetuskieli, on oikeus saada tarvitessaan tulkkausapua ja osallistua tasavertaisesti koulu- ja luokkakohtaisiin vanhempainiltoihin. Huoltajien puutteellinen suomen kielen taito tulee ottaa huomioon my\u00f6s kirjallisessa viestinn\u00e4ss\u00e4 kodin ja koulun kesken. Omakielisill\u00e4 opettajilla on keskeinen rooli \u00e4idinkielen\u00e4\u00e4n muuta kuin suomena puhuvan oppilaan huoltajayhteisty\u00f6ss\u00e4 ja tukitoimien j\u00e4rjest\u00e4misess\u00e4.<\/p>\n<p>Koulun opetussuunnitelmassa kuvataan, miten huoltajille annetaan tietoa koulussa annettavan tuen muodoista yleisesti. Lis\u00e4ksi suunnitelmassa kuvataan oppilaan tukeen liittyv\u00e4n kotien kanssa teht\u00e4v\u00e4n yhteisty\u00f6n muodot ja periaatteet.<\/p>\n","protected":false},"excerpt":{"rendered":"<p>Oppilaan osallisuutta omissa asioissaan tuetaan siten, ett\u00e4 h\u00e4n osallistuu ik\u00e4- ja kehitystasonsa mukaisella tavalla jokaiseen palaveriin, jossa h\u00e4nen oppimisensa ja koulunk\u00e4yntins\u00e4 tukemista suunnitellaan. Kun oppilas ja h\u00e4nen huoltajansa kutsutaan keskustelemaan oppimisen ja koulunk\u00e4ynnin tukeen liittyvist\u00e4 asioista, heille tulee (esim. tapaamiskutsun<\/p>\n","protected":false},"author":3384,"featured_media":0,"parent":0,"menu_order":0,"comment_status":"closed","ping_status":"closed","template":"","meta":{"footnotes":""},"class_list":["post-2527","page","type-page","status-publish","hentry"],"_links":{"self":[{"href":"https:\/\/blog.edu.turku.fi\/potkuri\/wp-json\/wp\/v2\/pages\/2527","targetHints":{"allow":["GET"]}}],"collection":[{"href":"https:\/\/blog.edu.turku.fi\/potkuri\/wp-json\/wp\/v2\/pages"}],"about":[{"href":"https:\/\/blog.edu.turku.fi\/potkuri\/wp-json\/wp\/v2\/types\/page"}],"author":[{"embeddable":true,"href":"https:\/\/blog.edu.turku.fi\/potkuri\/wp-json\/wp\/v2\/users\/3384"}],"replies":[{"embeddable":true,"href":"https:\/\/blog.edu.turku.fi\/potkuri\/wp-json\/wp\/v2\/comments?post=2527"}],"version-history":[{"count":2,"href":"https:\/\/blog.edu.turku.fi\/potkuri\/wp-json\/wp\/v2\/pages\/2527\/revisions"}],"predecessor-version":[{"id":2530,"href":"https:\/\/blog.edu.turku.fi\/potkuri\/wp-json\/wp\/v2\/pages\/2527\/revisions\/2530"}],"wp:attachment":[{"href":"https:\/\/blog.edu.turku.fi\/potkuri\/wp-json\/wp\/v2\/media?parent=2527"}],"curies":[{"name":"wp","href":"https:\/\/api.w.org\/{rel}","templated":true}]}}