{"id":2524,"date":"2024-03-04T14:21:28","date_gmt":"2024-03-04T12:21:28","guid":{"rendered":"https:\/\/blog.edu.turku.fi\/potkuri\/?page_id=2524"},"modified":"2024-03-04T14:21:28","modified_gmt":"2024-03-04T12:21:28","slug":"toiminta-ja-yhteistyo-siirtymavaiheissa-turun-kaupungissa","status":"publish","type":"page","link":"https:\/\/blog.edu.turku.fi\/potkuri\/toiminta-ja-yhteistyo-siirtymavaiheissa-turun-kaupungissa\/","title":{"rendered":"Toiminta ja yhteisty\u00f6 siirtym\u00e4vaiheissa turun kaupungissa"},"content":{"rendered":"<p><strong>Toiminta ja yhteisty\u00f6 siirtym\u00e4vaiheissa<\/strong><\/p>\n<p><strong>Esiopetuksesta kouluun<\/strong><\/p>\n<p>Alkuopetuksen oppilaan ennaltaehk\u00e4isev\u00e4n tuen suunnittelun l\u00e4ht\u00f6kohtana on esiopetuksesta saatu tieto oppilaan oppimisen ja koulunk\u00e4ynnin valmiuksista sek\u00e4 mahdollisista tuen tarpeista.<\/p>\n<p>Esiopetuksessa jokaiselle oppilaalle laadittu oppimissuunnitelma (sis\u00e4lt\u00e4en kasvun- ja oppimisen seurantatiedot) sek\u00e4 pidennetyn oppivelvollisuuden oppilaan HOJKS toimitetaan siihen kouluun, jossa oppilas aloittaa perusopetuksen ensimm\u00e4isen vuosiluokan. Jos esiopetusvuoden kev\u00e4\u00e4ll\u00e4 on laadittu pedagoginen arvio tai selvitys ensimm\u00e4isell\u00e4 vuosiluokalla j\u00e4rjestett\u00e4v\u00e4\u00e4 tukea varten, my\u00f6s t\u00e4m\u00e4 asiakirja toimitetaan tulevaan kouluun. Mik\u00e4li esiopetuksessa on k\u00e4yt\u00f6ss\u00e4 Wilma, asiakirjat siirtyv\u00e4t s\u00e4hk\u00f6isesti. N\u00e4in perusopetuksen j\u00e4rjest\u00e4j\u00e4 sek\u00e4 tulevat opettajat saavat jo kev\u00e4\u00e4ll\u00e4 opetuksen ja oppimisen tuen j\u00e4rjest\u00e4miseksi v\u00e4ltt\u00e4m\u00e4tt\u00f6m\u00e4t tiedot tukitoimien suunnittelua ja resursointia varten.<\/p>\n<p>Oppilaan esiopetuksen opettaja antaa opetuksen j\u00e4rjest\u00e4misen kannalta v\u00e4ltt\u00e4m\u00e4tt\u00f6m\u00e4t tiedot oppilaan tulevalle perusopetuksen opettajalle, jotta t\u00e4m\u00e4 voi suunnitella oppilaan tarvitsemia tukitoimia niiden perusteella.<\/p>\n<p><strong><br \/>\nKuudennelta vuosiluokalta seitsem\u00e4nnelle vuosiluokalle<\/strong><\/p>\n<p>Tuen jatkumon turvaamiseksi Wilmaan kuudennella luokalla kirjatut tukimerkinn\u00e4t ja pedagogiset asiakirjat n\u00e4kyv\u00e4t oppilaan rekisteriss\u00e4 seitsem\u00e4nnell\u00e4 luokalla. Oppilaan opetuksen ja oppimisen tuen j\u00e4rjest\u00e4misen kannalta v\u00e4ltt\u00e4m\u00e4tt\u00f6mi\u00e4 tietoja voidaan v\u00e4litt\u00e4\u00e4 siirtym\u00e4vaiheen pedagogisissa tapaamisissa. Tarvittavat tiedot v\u00e4litet\u00e4\u00e4n oppilaan uusille opettajille. Vastaanottavassa koulussa muodostetaan opetusryhm\u00e4t ja suunnitellaan opetuksen j\u00e4rjest\u00e4minen siten, ett\u00e4 kullakin oppilaalla on mahdollisuus saada tarvitsemaansa tukea, esimerkiksi tukiopetusta ja osa-aikaista erityisopetusta.<\/p>\n<p><strong>Perusopetuksen p\u00e4\u00e4ttyess\u00e4<\/strong><\/p>\n<p>Kun yhdeks\u00e4nnen vuosiluokan kev\u00e4\u00e4ll\u00e4 arvioidaan oppimissuunnitelman tai HOJKSin tavoitteiden toteutumista, otetaan huomioon jatko-opintojen edellytt\u00e4m\u00e4t valmiudet sek\u00e4 oppimiseen ja opiskeluun tarvittava tuki. Oppilaanohjaaja ja muut oppilasta opettavat opettajat tarkastelevat oppilaan tilannetta oppilaan ja h\u00e4nen huoltajansa kanssa. Oppimissuunnitelman tai HOJKSin seurantakohtaan kirjataan tiedot, jotka ovat v\u00e4ltt\u00e4m\u00e4tt\u00f6mi\u00e4 tarvittavan tuen suunnittelemiseksi jatko-opinnoissa. Asiakirja siirtyy s\u00e4hk\u00f6isesti tulevaan opiskelupaikkaan Turun kasvatuksen ja koulutuksen palvelukokonaisuudessa (KOPA).<\/p>\n<p><strong>Muut siirtym\u00e4vaiheet\u00a0<\/strong><\/p>\n<p>Jos oppilas siirtyy perusopetuksen aikana tai sen j\u00e4lkeen muun opetuksen j\u00e4rjest\u00e4j\u00e4n j\u00e4rjest\u00e4m\u00e4\u00e4n opetukseen, uuteen kouluun tai oppilaitokseen l\u00e4hetet\u00e4\u00e4n sinne viimeisin voimassa oleva pedagoginen asiakirja.\u00a0<strong><em>Koulun opetussuunnitelmassa<\/em><\/strong>\u00a0m\u00e4\u00e4ritell\u00e4\u00e4n tiedonsiirroista vastaava henkil\u00f6.<\/p>\n<p>Kun oppilas siirtyy valmistavasta opetuksesta perusopetukseen, h\u00e4nen oma opinto-ohjelmansa v\u00e4litet\u00e4\u00e4n tulevaan kouluun. Valmistavassa opetuksessa oppilaalle laaditaan siirtym\u00e4vaiheen pedagoginen arvio tai selvitys perusopetuksessa tarvittavan tuen tason ja tuen muotojen selvitt\u00e4miseksi.<\/p>\n<p>Kaikissa siirtym\u00e4vaiheissa oppilaan oppilashuollollisen tuen j\u00e4rjest\u00e4mist\u00e4 varten kootaan tarvittaessa oppilaan ja\/tai huoltajan kirjallisella suostumuksella oppilashuollon monialainen asiantuntijaryhm\u00e4.<\/p>\n","protected":false},"excerpt":{"rendered":"<p>Toiminta ja yhteisty\u00f6 siirtym\u00e4vaiheissa Esiopetuksesta kouluun Alkuopetuksen oppilaan ennaltaehk\u00e4isev\u00e4n tuen suunnittelun l\u00e4ht\u00f6kohtana on esiopetuksesta saatu tieto oppilaan oppimisen ja koulunk\u00e4ynnin valmiuksista sek\u00e4 mahdollisista tuen tarpeista. Esiopetuksessa jokaiselle oppilaalle laadittu oppimissuunnitelma (sis\u00e4lt\u00e4en kasvun- ja oppimisen seurantatiedot) sek\u00e4 pidennetyn oppivelvollisuuden oppilaan HOJKS<\/p>\n","protected":false},"author":3384,"featured_media":0,"parent":0,"menu_order":0,"comment_status":"closed","ping_status":"closed","template":"","meta":{"footnotes":""},"class_list":["post-2524","page","type-page","status-publish","hentry"],"_links":{"self":[{"href":"https:\/\/blog.edu.turku.fi\/potkuri\/wp-json\/wp\/v2\/pages\/2524","targetHints":{"allow":["GET"]}}],"collection":[{"href":"https:\/\/blog.edu.turku.fi\/potkuri\/wp-json\/wp\/v2\/pages"}],"about":[{"href":"https:\/\/blog.edu.turku.fi\/potkuri\/wp-json\/wp\/v2\/types\/page"}],"author":[{"embeddable":true,"href":"https:\/\/blog.edu.turku.fi\/potkuri\/wp-json\/wp\/v2\/users\/3384"}],"replies":[{"embeddable":true,"href":"https:\/\/blog.edu.turku.fi\/potkuri\/wp-json\/wp\/v2\/comments?post=2524"}],"version-history":[{"count":1,"href":"https:\/\/blog.edu.turku.fi\/potkuri\/wp-json\/wp\/v2\/pages\/2524\/revisions"}],"predecessor-version":[{"id":2526,"href":"https:\/\/blog.edu.turku.fi\/potkuri\/wp-json\/wp\/v2\/pages\/2524\/revisions\/2526"}],"wp:attachment":[{"href":"https:\/\/blog.edu.turku.fi\/potkuri\/wp-json\/wp\/v2\/media?parent=2524"}],"curies":[{"name":"wp","href":"https:\/\/api.w.org\/{rel}","templated":true}]}}