{"id":2516,"date":"2024-03-04T13:25:50","date_gmt":"2024-03-04T11:25:50","guid":{"rendered":"https:\/\/blog.edu.turku.fi\/potkuri\/?page_id=2516"},"modified":"2024-03-04T13:25:50","modified_gmt":"2024-03-04T11:25:50","slug":"todistukset","status":"publish","type":"page","link":"https:\/\/blog.edu.turku.fi\/potkuri\/todistukset\/","title":{"rendered":"Todistukset"},"content":{"rendered":"<p><em>Lukuvuositodistus ja v\u00e4litodistus<\/em><\/p>\n<p><u>Turun kaupungin tarkennus<\/u><\/p>\n<p>Lukuvuoden p\u00e4\u00e4tteeksi annettavassa lukuvuositodistuksessa arvioidaan oppilaan saavuttamat tavoitteet h\u00e4nen opinto-ohjelmaansa kuuluvissa oppiaineissa tai opintokokonaisuuksissa hyv\u00e4ksytty\/hyl\u00e4tty vuosiluokilla 1-3 ja t\u00e4ydennet\u00e4\u00e4n n\u00e4iden vuosiluokkien arviointia sanallisella liitteell\u00e4. Vuosiluokkien 4-8 arviointi suoritetaan numeerisesti.<\/p>\n<p>Oppilaalle, jonka \u00e4idinkieli on muu kuin opetuksessa k\u00e4ytett\u00e4v\u00e4 kieli, voidaan antaa lukuvuositodistuksessa sanallinen arviointi viel\u00e4 vuosiluokilla 5-8. Poikkeuksena ovat p\u00e4\u00e4ttyv\u00e4t oppiaineet, jotka arvioidaan numeerisesti. Yksil\u00f6llistettyjen oppim\u00e4\u00e4rien mukaisesti opiskelluissa oppiaineissa voidaan k\u00e4ytt\u00e4\u00e4 numeroarvioinnin sijasta sanallista arviointia koko perusopetuksen ajan p\u00e4\u00e4tt\u00f6arviointi mukaan lukien.<\/p>\n<p>Lukuvuositodistuksissa k\u00e4ytet\u00e4\u00e4n yhten\u00e4ist\u00e4 todistuspohjaa.<\/p>\n<p>Vuosiluokalla 9 annettava v\u00e4litodistus ja p\u00e4\u00e4tt\u00f6todistus annetaan periaatteilla, jotka on kuvattu p\u00e4\u00e4tt\u00f6todistuksen antamisesta valtakunnallisissa opetussuunnitelman perusteissa.<\/p>\n<p>Kouluissa, joissa on jaksoj\u00e4rjestelm\u00e4, annetaan lukuvuoden aikana korkeintaan yksi v\u00e4litodistus, jossa on numeroarviointi.<\/p>\n<ol start=\"6\">\n<li>luokan v\u00e4litodistus on numeerinen.<\/li>\n<\/ol>\n<p><em><strong>Koulun opetussuunnitelmassa<\/strong><\/em>\u00a0kuvataan<\/p>\n<ul>\n<li>lukuvuoden aikana mahdollisesti annettavien v\u00e4liarviointien ajankohdat ja muodot (esimerkiksi v\u00e4litodistus tai dokumentoitu arviointikeskustelu).<\/li>\n<li>mahdollinen t\u00e4ydent\u00e4v\u00e4 sanallinen arviointi numeerisissa v\u00e4li- ja lukuvuositodistuksissa vuosiluokilla 4-8.<\/li>\n<\/ul>\n<p><em><strong>Koulun lukuvuosisuunnitelmassa\u00a0<\/strong><\/em>kuvataan muun mahdollisen arviointipalautteen ajankohdat ja muodot, tiedottaminen oppilaille ja huoltajille sek\u00e4 yhteisty\u00f6 huoltajien kanssa.<\/p>\n<p><em>Erotodistus<\/em><\/p>\n<p>Erotodistus annetaan oppilaalle, joka vaihtaa toiseen kouluun, eroaa kesken perusopetuksen oppim\u00e4\u00e4r\u00e4n suorittamista koulusta<a href=\"https:\/\/eperusteet.opintopolku.fi\/#_ftn1\">[1]<\/a>\u00a0tai ei ole saanut oppivelvollisuutta suoritetuksi oppivelvollisuutensa aikana. Erotodistuksen liitteen\u00e4 tulee olla koulussa noudatettu tuntijako sek\u00e4 selvitys opetuksen mahdollisista painotuksista. Erillist\u00e4 erotodistusta ei tarvitse antaa, jos oppilas siirtyy saman opetuksen j\u00e4rjest\u00e4j\u00e4n yll\u00e4pit\u00e4m\u00e4\u00e4n toiseen kouluun.<\/p>\n<p><em>Perusopetuksen p\u00e4\u00e4tt\u00f6todistus<\/em><\/p>\n<p>Perusopetuksen p\u00e4\u00e4tt\u00f6todistus annetaan 9. vuosiluokan kouluty\u00f6n p\u00e4\u00e4ttyess\u00e4 oppilaalle, jonka suoriutuminen suhteessa oppiaineiden oppim\u00e4\u00e4rien tavoitteisiin on hyv\u00e4ksytty kaikissa h\u00e4nen opinto-ohjelmaansa kuuluvissa oppiaineissa. Numeroarvosanoja k\u00e4ytett\u00e4ess\u00e4 t\u00e4m\u00e4 merkitsee v\u00e4hint\u00e4\u00e4n todistusarvosanaa viisi (5) ja sanallisesti arvioitavissa oppiaineissa arviota \u201dhyv\u00e4ksytty\u201d.<\/p>\n<p>Arviota oppilaan k\u00e4ytt\u00e4ytymisest\u00e4 ei merkit\u00e4 p\u00e4\u00e4tt\u00f6todistukseen, mutta arvio voidaan antaa liitteen\u00e4.<\/p>\n<p>Jos oppilas on opiskellut yhdess\u00e4 tai useammassa oppiaineessa yksil\u00f6llistetyn oppim\u00e4\u00e4r\u00e4n mukaan, my\u00f6s p\u00e4\u00e4tt\u00f6arviointi voi n\u00e4iss\u00e4 aineissa olla sanallinen. P\u00e4\u00e4tt\u00f6todistuksessa voidaan k\u00e4ytt\u00e4\u00e4 n\u00e4iss\u00e4 oppiaineissa my\u00f6s numeroarviointia. Sek\u00e4 numeroarvosana ett\u00e4 sanallinen arvio varustetaan t\u00e4hdell\u00e4 (*).<em>\u00a0<\/em>Todistuksen lis\u00e4tietoja-kohtaan tulee merkint\u00e4 siit\u00e4, ett\u00e4 oppilas on opiskellut t\u00e4hdell\u00e4 (*) merkityt oppiaineet yksil\u00f6llistetyn oppim\u00e4\u00e4r\u00e4n mukaan.<\/p>\n<p>Oppilaan, jonka opetus on j\u00e4rjestetty toiminta-alueittain, p\u00e4\u00e4tt\u00f6todistus on sanallinen.<\/p>\n","protected":false},"excerpt":{"rendered":"<p>Lukuvuositodistus ja v\u00e4litodistus Turun kaupungin tarkennus Lukuvuoden p\u00e4\u00e4tteeksi annettavassa lukuvuositodistuksessa arvioidaan oppilaan saavuttamat tavoitteet h\u00e4nen opinto-ohjelmaansa kuuluvissa oppiaineissa tai opintokokonaisuuksissa hyv\u00e4ksytty\/hyl\u00e4tty vuosiluokilla 1-3 ja t\u00e4ydennet\u00e4\u00e4n n\u00e4iden vuosiluokkien arviointia sanallisella liitteell\u00e4. Vuosiluokkien 4-8 arviointi suoritetaan numeerisesti. Oppilaalle, jonka \u00e4idinkieli on muu<\/p>\n","protected":false},"author":3384,"featured_media":0,"parent":0,"menu_order":0,"comment_status":"closed","ping_status":"closed","template":"","meta":{"footnotes":""},"class_list":["post-2516","page","type-page","status-publish","hentry"],"_links":{"self":[{"href":"https:\/\/blog.edu.turku.fi\/potkuri\/wp-json\/wp\/v2\/pages\/2516","targetHints":{"allow":["GET"]}}],"collection":[{"href":"https:\/\/blog.edu.turku.fi\/potkuri\/wp-json\/wp\/v2\/pages"}],"about":[{"href":"https:\/\/blog.edu.turku.fi\/potkuri\/wp-json\/wp\/v2\/types\/page"}],"author":[{"embeddable":true,"href":"https:\/\/blog.edu.turku.fi\/potkuri\/wp-json\/wp\/v2\/users\/3384"}],"replies":[{"embeddable":true,"href":"https:\/\/blog.edu.turku.fi\/potkuri\/wp-json\/wp\/v2\/comments?post=2516"}],"version-history":[{"count":1,"href":"https:\/\/blog.edu.turku.fi\/potkuri\/wp-json\/wp\/v2\/pages\/2516\/revisions"}],"predecessor-version":[{"id":2518,"href":"https:\/\/blog.edu.turku.fi\/potkuri\/wp-json\/wp\/v2\/pages\/2516\/revisions\/2518"}],"wp:attachment":[{"href":"https:\/\/blog.edu.turku.fi\/potkuri\/wp-json\/wp\/v2\/media?parent=2516"}],"curies":[{"name":"wp","href":"https:\/\/api.w.org\/{rel}","templated":true}]}}