{"id":2511,"date":"2024-03-04T13:20:46","date_gmt":"2024-03-04T11:20:46","guid":{"rendered":"https:\/\/blog.edu.turku.fi\/potkuri\/?page_id=2511"},"modified":"2024-03-04T13:20:46","modified_gmt":"2024-03-04T11:20:46","slug":"arvioinnin-uusiminen-ja-oikaisu","status":"publish","type":"page","link":"https:\/\/blog.edu.turku.fi\/potkuri\/arvioinnin-uusiminen-ja-oikaisu\/","title":{"rendered":"Arvioinnin uusiminen ja oikaisu"},"content":{"rendered":"<p>Mahdollisuus arvioinnin uusimiseen ja oikaisuun koskee p\u00e4\u00e4tt\u00f6arviointia sek\u00e4 opinnoissa etenemist\u00e4 ja vuosiluokalle j\u00e4tt\u00e4mist\u00e4 koskevaa p\u00e4\u00e4t\u00f6st\u00e4. Pyynt\u00f6 arvioinnin uusimisesta osoitetaan koululle ja huoltajan on teht\u00e4v\u00e4 se kahden kuukauden kuluessa tiedon saamisesta. Uudesta arvioinnista p\u00e4\u00e4tt\u00e4v\u00e4t koulu ja oppilaan opettajat yhdess\u00e4.<\/p>\n","protected":false},"excerpt":{"rendered":"<p>Mahdollisuus arvioinnin uusimiseen ja oikaisuun koskee p\u00e4\u00e4tt\u00f6arviointia sek\u00e4 opinnoissa etenemist\u00e4 ja vuosiluokalle j\u00e4tt\u00e4mist\u00e4 koskevaa p\u00e4\u00e4t\u00f6st\u00e4. Pyynt\u00f6 arvioinnin uusimisesta osoitetaan koululle ja huoltajan on teht\u00e4v\u00e4 se kahden kuukauden kuluessa tiedon saamisesta. Uudesta arvioinnista p\u00e4\u00e4tt\u00e4v\u00e4t koulu ja oppilaan opettajat yhdess\u00e4.<\/p>\n","protected":false},"author":3384,"featured_media":0,"parent":0,"menu_order":0,"comment_status":"closed","ping_status":"closed","template":"","meta":{"footnotes":""},"class_list":["post-2511","page","type-page","status-publish","hentry"],"_links":{"self":[{"href":"https:\/\/blog.edu.turku.fi\/potkuri\/wp-json\/wp\/v2\/pages\/2511","targetHints":{"allow":["GET"]}}],"collection":[{"href":"https:\/\/blog.edu.turku.fi\/potkuri\/wp-json\/wp\/v2\/pages"}],"about":[{"href":"https:\/\/blog.edu.turku.fi\/potkuri\/wp-json\/wp\/v2\/types\/page"}],"author":[{"embeddable":true,"href":"https:\/\/blog.edu.turku.fi\/potkuri\/wp-json\/wp\/v2\/users\/3384"}],"replies":[{"embeddable":true,"href":"https:\/\/blog.edu.turku.fi\/potkuri\/wp-json\/wp\/v2\/comments?post=2511"}],"version-history":[{"count":1,"href":"https:\/\/blog.edu.turku.fi\/potkuri\/wp-json\/wp\/v2\/pages\/2511\/revisions"}],"predecessor-version":[{"id":2513,"href":"https:\/\/blog.edu.turku.fi\/potkuri\/wp-json\/wp\/v2\/pages\/2511\/revisions\/2513"}],"wp:attachment":[{"href":"https:\/\/blog.edu.turku.fi\/potkuri\/wp-json\/wp\/v2\/media?parent=2511"}],"curies":[{"name":"wp","href":"https:\/\/api.w.org\/{rel}","templated":true}]}}