{"id":2495,"date":"2024-03-04T13:01:24","date_gmt":"2024-03-04T11:01:24","guid":{"rendered":"https:\/\/blog.edu.turku.fi\/potkuri\/?page_id=2495"},"modified":"2024-03-04T13:01:24","modified_gmt":"2024-03-04T11:01:24","slug":"opinnoissa-eteneminen-perusopetuksen-aikana","status":"publish","type":"page","link":"https:\/\/blog.edu.turku.fi\/potkuri\/opinnoissa-eteneminen-perusopetuksen-aikana\/","title":{"rendered":"Opinnoissa eteneminen perusopetuksen aikana"},"content":{"rendered":"<p><em>Opinnoissa eteneminen vuosiluokittain<\/em><\/p>\n<p>Oppilas siirtyy seuraavalle vuosiluokalle, jos h\u00e4n on saanut vuosiluokan oppim\u00e4\u00e4r\u00e4\u00e4n sis\u00e4ltyviss\u00e4 oppiaineissa v\u00e4hint\u00e4\u00e4n v\u00e4ltt\u00e4vi\u00e4 tietoja ja taitoja osoittavan numeron tai vastaavan sanallisen arvion.<\/p>\n<p>Oppilas voi my\u00f6s siirty\u00e4 seuraavalle vuosiluokalle, vaikka h\u00e4nen vuosiluokan suorituksensa jossakin oppiaineessa olisi hyl\u00e4tty, jos arvioidaan, ett\u00e4 h\u00e4n kykenee selviytym\u00e4\u00e4n seuraavan vuosiluokan opinnoista hyv\u00e4ksytysti. Oppilas voidaan j\u00e4tt\u00e4\u00e4 vuosiluokalle, jos h\u00e4nen lukuvuotta koskeva suorituksensa yhdess\u00e4 tai useammassa vuosiluokan oppim\u00e4\u00e4r\u00e4\u00e4n kuuluvassa oppiaineessa on tukitoimista huolimatta hyl\u00e4tty.<\/p>\n<p>Mik\u00e4li oppilaan koko vuosiluokan suoritus jossakin oppiaineessa on vaarassa tulla hyl\u00e4tyksi, tulee siit\u00e4 tiedottaa lukuvuoden aikana oppilasta ja huoltajaa sek\u00e4 sopia toimenpiteist\u00e4 oppimisen tukemiseksi. Ennen luokalle j\u00e4tt\u00e4mist\u00e4 oppilaalle tulee varata mahdollisuus opetukseen osallistumatta osoittaa saavuttaneensa asianomaisessa oppiaineessa hyv\u00e4ksytt\u00e4v\u00e4t tiedot ja taidot erillisess\u00e4 n\u00e4yt\u00f6ss\u00e4.\u00a0Mahdollisuuksia voidaan antaa paikallisessa opetussuunnitelmassa p\u00e4\u00e4tett\u00e4v\u00e4ll\u00e4 tavalla yksi tai useampia lukuvuoden aikana tai lukuvuoden kouluty\u00f6n p\u00e4\u00e4tytty\u00e4. Erillinen n\u00e4ytt\u00f6 voi sis\u00e4lt\u00e4\u00e4 monipuolisesti erilaisia suullisia, kirjallisia ja muita suorituksia, joilla oppilas parhaiten kykenee osoittamaan osaamisensa.<\/p>\n<p>Jos suoritusmahdollisuus annetaan lukuvuoden kouluty\u00f6n p\u00e4\u00e4tytty\u00e4, vuosiluokalle j\u00e4tt\u00e4misest\u00e4 voidaan kouluty\u00f6n p\u00e4\u00e4ttyess\u00e4 tehd\u00e4 lukuvuositodistukseen ehdollinen p\u00e4\u00e4t\u00f6s. P\u00e4\u00e4t\u00f6ksess\u00e4 mainitaan ne vuosiluokan oppim\u00e4\u00e4r\u00e4n osa-alueet, joiden hyv\u00e4ksytty suorittaminen erillisess\u00e4 n\u00e4yt\u00f6ss\u00e4 on vuosiluokalta siirtymisen edellytys.<\/p>\n<p>Oppilas voidaan my\u00f6s j\u00e4tt\u00e4\u00e4 vuosiluokalle, vaikka h\u00e4nell\u00e4 ei ole hyl\u00e4ttyj\u00e4 suorituksia, jos se katsotaan h\u00e4nen yleisen koulumenestyksens\u00e4 vuoksi tarkoituksenmukaiseksi. Oppilaalle ja h\u00e4nen huoltajalleen tulee t\u00e4ll\u00f6in varata mahdollisuus tulla kuulluksi ennen p\u00e4\u00e4t\u00f6ksen tekemist\u00e4.<\/p>\n<p>Vuosiluokalle j\u00e4\u00e4v\u00e4n oppilaan suoritukset asianomaiselta luokalta raukeavat.<\/p>\n<p><em>Eteneminen oman opinto-ohjelman mukaan<\/em><\/p>\n<p>Oppilas voi edet\u00e4 opinnoissa vuosiluokkiin jaetun oppim\u00e4\u00e4r\u00e4n sijaan vuosiluokkiin sitomattomasti oman opinto-ohjelman mukaisesti. Paikallisessa opetussuunnitelmassa m\u00e4\u00e4r\u00e4t\u00e4\u00e4n opintokokonaisuuksista, joiden suorittaminen hyv\u00e4ksytysti on edellytyksen\u00e4 opinnoissa etenemiseen asianomaisessa oppiaineessa. Oman opinto-ohjelman mukaan opiskeleva oppilas saa lukuvuoden p\u00e4\u00e4tteeksi lukuvuositodistuksen kyseisen\u00e4 lukuvuonna hyv\u00e4ksytysti suorittamistaan opinnoista ja siirtyy lukuvuoden kouluty\u00f6n p\u00e4\u00e4tytty\u00e4 opinnoissaan eteenp\u00e4in.<\/p>\n<p>Oman opinto-ohjelman mukaisella etenemisell\u00e4 voidaan tarvittaessa v\u00e4ltt\u00e4\u00e4 luokalle j\u00e4tt\u00e4minen, jonka my\u00f6t\u00e4 oppilaan kaikki opinnot kyseiselt\u00e4 vuosiluokalta raukeaisivat. Oman opinto-ohjelman mukaisesti etenev\u00e4 oppilas voidaan j\u00e4tt\u00e4\u00e4 vuosiluokalle vain yleisen heikon koulumenestyksen perusteella. Yhdeks\u00e4nnell\u00e4 vuosiluokalla oleva oppilas luetaan t\u00e4m\u00e4n vuosiluokan oppilaaksi, kunnes h\u00e4n suorittaa perusopetuksen koko oppim\u00e4\u00e4r\u00e4n ja saa p\u00e4\u00e4tt\u00f6todistuksen tai eroaa koulusta.<\/p>\n<p><u>Turun kaupungin tarkennus<\/u><\/p>\n<p>Koulun opetussuunnitelmassa kuvataan<strong>\u00a0<\/strong>toimintatavat silloin, kun ennakoidaan, ett\u00e4 oppilas ei saa suoritettua vuosiluokan oppim\u00e4\u00e4r\u00e4\u00e4 hyv\u00e4ksytysti.<\/p>\n<ul>\n<li>riitt\u00e4v\u00e4n aikainen yhteisty\u00f6 oppilaan ja huoltajan kanssa<\/li>\n<li>oppilaan monipuoliset mahdollisuudet osoittaa osaamistaan<\/li>\n<\/ul>\n","protected":false},"excerpt":{"rendered":"<p>Opinnoissa eteneminen vuosiluokittain Oppilas siirtyy seuraavalle vuosiluokalle, jos h\u00e4n on saanut vuosiluokan oppim\u00e4\u00e4r\u00e4\u00e4n sis\u00e4ltyviss\u00e4 oppiaineissa v\u00e4hint\u00e4\u00e4n v\u00e4ltt\u00e4vi\u00e4 tietoja ja taitoja osoittavan numeron tai vastaavan sanallisen arvion. Oppilas voi my\u00f6s siirty\u00e4 seuraavalle vuosiluokalle, vaikka h\u00e4nen vuosiluokan suorituksensa jossakin oppiaineessa olisi hyl\u00e4tty,<\/p>\n","protected":false},"author":3384,"featured_media":0,"parent":0,"menu_order":0,"comment_status":"closed","ping_status":"closed","template":"","meta":{"footnotes":""},"class_list":["post-2495","page","type-page","status-publish","hentry"],"_links":{"self":[{"href":"https:\/\/blog.edu.turku.fi\/potkuri\/wp-json\/wp\/v2\/pages\/2495","targetHints":{"allow":["GET"]}}],"collection":[{"href":"https:\/\/blog.edu.turku.fi\/potkuri\/wp-json\/wp\/v2\/pages"}],"about":[{"href":"https:\/\/blog.edu.turku.fi\/potkuri\/wp-json\/wp\/v2\/types\/page"}],"author":[{"embeddable":true,"href":"https:\/\/blog.edu.turku.fi\/potkuri\/wp-json\/wp\/v2\/users\/3384"}],"replies":[{"embeddable":true,"href":"https:\/\/blog.edu.turku.fi\/potkuri\/wp-json\/wp\/v2\/comments?post=2495"}],"version-history":[{"count":1,"href":"https:\/\/blog.edu.turku.fi\/potkuri\/wp-json\/wp\/v2\/pages\/2495\/revisions"}],"predecessor-version":[{"id":2497,"href":"https:\/\/blog.edu.turku.fi\/potkuri\/wp-json\/wp\/v2\/pages\/2495\/revisions\/2497"}],"wp:attachment":[{"href":"https:\/\/blog.edu.turku.fi\/potkuri\/wp-json\/wp\/v2\/media?parent=2495"}],"curies":[{"name":"wp","href":"https:\/\/api.w.org\/{rel}","templated":true}]}}