{"id":2483,"date":"2024-03-04T12:13:49","date_gmt":"2024-03-04T10:13:49","guid":{"rendered":"https:\/\/blog.edu.turku.fi\/potkuri\/?page_id=2483"},"modified":"2024-03-04T12:13:49","modified_gmt":"2024-03-04T10:13:49","slug":"opetuksen-ja-kasvatuksen-tavoitteita-tukeva-muu-toiminta","status":"publish","type":"page","link":"https:\/\/blog.edu.turku.fi\/potkuri\/opetuksen-ja-kasvatuksen-tavoitteita-tukeva-muu-toiminta\/","title":{"rendered":"Opetuksen ja kasvatuksen tavoitteita tukeva muu toiminta"},"content":{"rendered":"<p>Perusopetuksen yhteydess\u00e4 voidaan oppilaille j\u00e4rjest\u00e4\u00e4 kirjastotoimintaa, kerhotoimintaa ja muuta\u00a0opetukseen l\u00e4heisesti liittyv\u00e4\u00e4 toimintaa. Opetuksen j\u00e4rjest\u00e4j\u00e4 p\u00e4\u00e4tt\u00e4\u00e4 toiminnan j\u00e4rjest\u00e4misest\u00e4 ja laajuudesta. Kerhotoiminta on oppituntien ulkopuolista toimintaa, jonka l\u00e4ht\u00f6kohtana ovat koulun kasvatukselliset, opetukselliset ja ohjaukselliset tavoitteet. Koulun kasvatus- ja opetusty\u00f6n tukemiseksi voidaan j\u00e4rjest\u00e4\u00e4 koulukirjastotoimintaa ja toteuttaa sit\u00e4 yhteisty\u00f6ss\u00e4 l\u00e4hikirjaston ja muiden kirjastojen kanssa.<\/p>\n<p>Kouluruokailun teht\u00e4v\u00e4n\u00e4 on oppilaiden terveen kasvun ja kehityksen, opiskelukyvyn sek\u00e4\u00a0ruokaosaamisen\u00a0tukeminen. Opetukseen osallistuvalle on annettava jokaisena ty\u00f6p\u00e4iv\u00e4n\u00e4 t\u00e4ysipainoinen maksuton ateria. Ateria nautitaan\u00a0tarkoituksenmukaisesti j\u00e4rjestettyn\u00e4\u00a0ja\u00a0ohjattuna ruokailuna.<\/p>\n<p>Perusopetusasetuksen mukaan opetukseen tulee k\u00e4ytt\u00e4\u00e4 tuntia kohti v\u00e4hint\u00e4\u00e4n 45 minuuttia ja opetukseen k\u00e4ytett\u00e4v\u00e4 aika jaetaan tarkoituksenmukaisiksi opetusjaksoiksi.<\/p>\n<p>Oppilaita kannustetaan kulkemaan koulumatkat terveytt\u00e4 ja kuntoa edist\u00e4v\u00e4ll\u00e4 tavalla. Heit\u00e4 opastetaan sek\u00e4 itsen\u00e4isesti ett\u00e4 koulukuljetuksin liikuttaessa huolehtimaan omasta ja muiden turvallisuudesta ja k\u00e4ytt\u00e4ytym\u00e4\u00e4n matkaa tehdess\u00e4\u00e4n hyvin.<\/p>\n<p><u>Turun kaupungin tarkennus<\/u><\/p>\n<p>Kouluruokailussa pyrit\u00e4\u00e4n rauhalliseen ja miellytt\u00e4v\u00e4\u00e4n sek\u00e4 ruokaa arvostavaan ruokailuhetkeen huomioiden oppilaiden erityistarpeet. Opettajat yhteisty\u00f6ss\u00e4 koulun muiden toimijoiden kanssa huolehtivat ruokailutilanteessa ruoka-, terveys- ja tapakasvatuksesta sek\u00e4 korostavat kest\u00e4v\u00e4\u00e4n el\u00e4m\u00e4ntapaan liittyvi\u00e4 tavoitteita. Kouluruokailun toimintakulttuuria arvioidaan ja kehitet\u00e4\u00e4n yhdess\u00e4 oppilaiden, huoltajien ja ruokapalveluista vastaavan tahon kanssa.<\/p>\n<p>Oppilaita kannustetaan toiminnallisuuteen ja liikkumiseen koulup\u00e4iv\u00e4n aikana. Oppilaat osallistuvat liikkumaan aktivoivien toimintamuotojen ja v\u00e4lituntialueiden kehitt\u00e4miseen. V\u00e4lituntien aikana tapahtuvaa omaehtoista liikkumista tuetaan eri tavoin. Koulussa voi mm. toimia v\u00e4lituntiliikuttajina oppilaita, jotka ovat saaneet v\u00e4lituntiliikunnan ohjaamiseen liittyv\u00e4\u00e4 koulutusta. V\u00e4lituntiliikuttajat j\u00e4rjest\u00e4v\u00e4t muille oppilaille liikunnallista toimintaa v\u00e4litunneilla.<\/p>\n<p>Huoltajia kannustetaan edist\u00e4m\u00e4\u00e4n lapsen koulumatkaliikuntaa.<\/p>\n<p>Koulukuljetusohjeet l\u00f6ytyv\u00e4t Turun kaupungin verkkosivustolta.<\/p>\n<p><em><strong>Koulun lukuvuosisuunnitelmassa\u00a0<\/strong><\/em>kuvataan kerhotoiminnan j\u00e4rjest\u00e4minen sek\u00e4 yhteisty\u00f6 aamu- ja iltap\u00e4iv\u00e4toiminnan j\u00e4rjest\u00e4jien kanssa.<\/p>\n","protected":false},"excerpt":{"rendered":"<p>Perusopetuksen yhteydess\u00e4 voidaan oppilaille j\u00e4rjest\u00e4\u00e4 kirjastotoimintaa, kerhotoimintaa ja muuta\u00a0opetukseen l\u00e4heisesti liittyv\u00e4\u00e4 toimintaa. Opetuksen j\u00e4rjest\u00e4j\u00e4 p\u00e4\u00e4tt\u00e4\u00e4 toiminnan j\u00e4rjest\u00e4misest\u00e4 ja laajuudesta. Kerhotoiminta on oppituntien ulkopuolista toimintaa, jonka l\u00e4ht\u00f6kohtana ovat koulun kasvatukselliset, opetukselliset ja ohjaukselliset tavoitteet. Koulun kasvatus- ja opetusty\u00f6n tukemiseksi voidaan j\u00e4rjest\u00e4\u00e4<\/p>\n","protected":false},"author":3384,"featured_media":0,"parent":0,"menu_order":0,"comment_status":"closed","ping_status":"closed","template":"","meta":{"footnotes":""},"class_list":["post-2483","page","type-page","status-publish","hentry"],"_links":{"self":[{"href":"https:\/\/blog.edu.turku.fi\/potkuri\/wp-json\/wp\/v2\/pages\/2483","targetHints":{"allow":["GET"]}}],"collection":[{"href":"https:\/\/blog.edu.turku.fi\/potkuri\/wp-json\/wp\/v2\/pages"}],"about":[{"href":"https:\/\/blog.edu.turku.fi\/potkuri\/wp-json\/wp\/v2\/types\/page"}],"author":[{"embeddable":true,"href":"https:\/\/blog.edu.turku.fi\/potkuri\/wp-json\/wp\/v2\/users\/3384"}],"replies":[{"embeddable":true,"href":"https:\/\/blog.edu.turku.fi\/potkuri\/wp-json\/wp\/v2\/comments?post=2483"}],"version-history":[{"count":1,"href":"https:\/\/blog.edu.turku.fi\/potkuri\/wp-json\/wp\/v2\/pages\/2483\/revisions"}],"predecessor-version":[{"id":2485,"href":"https:\/\/blog.edu.turku.fi\/potkuri\/wp-json\/wp\/v2\/pages\/2483\/revisions\/2485"}],"wp:attachment":[{"href":"https:\/\/blog.edu.turku.fi\/potkuri\/wp-json\/wp\/v2\/media?parent=2483"}],"curies":[{"name":"wp","href":"https:\/\/api.w.org\/{rel}","templated":true}]}}