{"id":2463,"date":"2024-03-04T09:40:25","date_gmt":"2024-03-04T07:40:25","guid":{"rendered":"https:\/\/blog.edu.turku.fi\/potkuri\/?page_id=2463"},"modified":"2024-03-04T10:09:39","modified_gmt":"2024-03-04T08:09:39","slug":"oppimista-ja-hyvinvointia-edistavan-koulutyon-jarjestaminen","status":"publish","type":"page","link":"https:\/\/blog.edu.turku.fi\/potkuri\/oppimista-ja-hyvinvointia-edistavan-koulutyon-jarjestaminen\/","title":{"rendered":"Oppimista ja hyvinvointia edist\u00e4v\u00e4n kouluty\u00f6n j\u00e4rjest\u00e4minen"},"content":{"rendered":"<p><strong>Yhteinen vastuu koulup\u00e4iv\u00e4st\u00e4<\/strong><\/p>\n<p>J\u00e4rjest\u00e4misell\u00e4 luodaan edellytykset oppilaiden hyvinvoinnille, kehitykselle ja oppimiselle sek\u00e4 huolehditaan kouluyhteis\u00f6n sujuvasta toiminnasta ja yhteisty\u00f6st\u00e4.<\/p>\n<p>Koulun johdolla on k\u00e4yt\u00e4nn\u00f6n vastuu opetuksen, ohjaukseen, opiskeluhuollon ja oppimisen tuen j\u00e4rjest\u00e4miseen liittyvist\u00e4 ratkaisuista kouluyhteis\u00f6ss\u00e4, kaikilla vuosiluokilla ja kaikissa oppiaineissa. T\u00e4h\u00e4n sis\u00e4ltyy my\u00f6s\u00a0ongelmien ja poissaolojen suunnitelmallinen ennaltaehk\u00e4isy\u00a0sek\u00e4 kasvun ja oppimisen esteiden tunnistaminen ja poistaminen koulun toimintatavoista. Jokaisella opettajalla on vastuu opetusryhm\u00e4ns\u00e4 toiminnasta, oppimisesta ja hyvinvoinnista. Opettajat vaikuttavat n\u00e4ihin pedagogisilla ja didaktisilla ratkaisuillaan ja ohjausotteellaan. Opettajan teht\u00e4v\u00e4\u00e4n kuuluu oppilaiden oppimisen, ty\u00f6skentelyn ja hyvinvoinnin seuraaminen ja edist\u00e4minen, jokaisen oppilaan arvostaminen ja oikeudenmukainen kohtelu, mahdollisten vaikeuksien varhainen tunnistaminen sek\u00e4 oppilaiden ohjaaminen ja tukeminen.<\/p>\n<p>Oppilaan vastuulla on osallistua s\u00e4\u00e4nn\u00f6llisesti kouluty\u00f6h\u00f6n, suhtautua reilusti ja arvostavasti koulutovereihin ja koulun aikuisiin sek\u00e4 noudattaa yhteisi\u00e4 s\u00e4\u00e4nt\u00f6j\u00e4.<\/p>\n<p style=\"margin-top: 0cm;background: white\"><em><u><span style=\"font-family: 'Calibri',sans-serif;color: #212529\">Turun kaupungin tarkennus<\/span><\/u><\/em><\/p>\n<p>Koulun henkil\u00f6st\u00f6 edist\u00e4\u00e4 koulun turvallisuutta. Koulun turvallisuussuunnitelma p\u00e4ivitet\u00e4\u00e4n vuosittain turvallisuusvastaavan ja muun henkil\u00f6st\u00f6n yhteisty\u00f6n\u00e4. Henkil\u00f6st\u00f6 perehtyy suunnitelmassa m\u00e4\u00e4riteltyihin asioihin sek\u00e4 tietosuojaan ja salassapitoon liittyviin s\u00e4\u00e4d\u00f6ksiin aina lukuvuoden alkaessa.<\/p>\n<p style=\"margin-top: 0cm;text-align: justify;background: white\">Koulun j\u00e4rjestyss\u00e4\u00e4nn\u00f6t laaditaan koulun henkil\u00f6st\u00f6n, oppilaiden ja huoltajien yhteisty\u00f6n\u00e4. V\u00e4litunneilla on riitt\u00e4v\u00e4sti v\u00e4lituntivalvojia ja heid\u00e4n n\u00e4kyvyytt\u00e4\u00e4n tehostetaan huomioliiveill\u00e4.<\/p>\n<p style=\"margin-top: 0cm;text-align: justify;background: white\">Kouluyhteis\u00f6 sitoutuu kiusaamisen ehk\u00e4isemiseen ja kiusaamiseen puuttumiseen. Koulut voivat hy\u00f6dynt\u00e4\u00e4 esimerkiksi koulukiusaamista ehk\u00e4isev\u00e4\u00e4 Kiva- koulu -ohjelmaa. Koulu kirjaa vakavat kiusaamistapaukset ja v\u00e4kivaltatilanteet ja uhkailut erilliseen lomakkeeseen.<\/p>\n<p>Vastuu oppilaan terveellisesti ja tuvallisesta koulup\u00e4iv\u00e4st\u00e4 ja auttamisvelvollisuus ensiaputilanteessa on jokaisella kouluyhteis\u00f6\u00f6n kuuluvalla aikuisella.<\/p>\n<p>Pitk\u00e4aikaissairasta oppilasta tuetaan omahoidon toteuttamisessa koulup\u00e4iv\u00e4n aikana. Yhteisty\u00f6ss\u00e4 oppilaan, huoltajien, koulun edustajien, kouluterveydenhuollon ja\/tai erikoissairaan hoidon toimijoiden kesken sovitaan tapauskohtaisesti ty\u00f6njako, vastuut ja toimintatavat. Ne kirjataan oppimissuunnitelmaan tai HOJKS:iin. Pitk\u00e4aikaissairaan oppilaan koulup\u00e4iv\u00e4n aikana tapahtuvassa hoidossa k\u00e4ytet\u00e4\u00e4n apuna erillist\u00e4 ohjetta tai esimerkiksi Sosiaali- ja terveysministeri\u00f6n ohjetta diabeteksen koulup\u00e4iv\u00e4naikaisesta hoidosta. Oppilaan terveyden, turvallisuuden ja opetuksen j\u00e4rjest\u00e4misen kannalta tarvittava tieto oppilaasta siirret\u00e4\u00e4n h\u00e4nen kanssaan ty\u00f6skenteleville aikuisille.<\/p>\n","protected":false},"excerpt":{"rendered":"<p>Yhteinen vastuu koulup\u00e4iv\u00e4st\u00e4 J\u00e4rjest\u00e4misell\u00e4 luodaan edellytykset oppilaiden hyvinvoinnille, kehitykselle ja oppimiselle sek\u00e4 huolehditaan kouluyhteis\u00f6n sujuvasta toiminnasta ja yhteisty\u00f6st\u00e4. Koulun johdolla on k\u00e4yt\u00e4nn\u00f6n vastuu opetuksen, ohjaukseen, opiskeluhuollon ja oppimisen tuen j\u00e4rjest\u00e4miseen liittyvist\u00e4 ratkaisuista kouluyhteis\u00f6ss\u00e4, kaikilla vuosiluokilla ja kaikissa oppiaineissa. T\u00e4h\u00e4n sis\u00e4ltyy<\/p>\n","protected":false},"author":3384,"featured_media":0,"parent":0,"menu_order":0,"comment_status":"closed","ping_status":"closed","template":"","meta":{"footnotes":""},"class_list":["post-2463","page","type-page","status-publish","hentry"],"_links":{"self":[{"href":"https:\/\/blog.edu.turku.fi\/potkuri\/wp-json\/wp\/v2\/pages\/2463","targetHints":{"allow":["GET"]}}],"collection":[{"href":"https:\/\/blog.edu.turku.fi\/potkuri\/wp-json\/wp\/v2\/pages"}],"about":[{"href":"https:\/\/blog.edu.turku.fi\/potkuri\/wp-json\/wp\/v2\/types\/page"}],"author":[{"embeddable":true,"href":"https:\/\/blog.edu.turku.fi\/potkuri\/wp-json\/wp\/v2\/users\/3384"}],"replies":[{"embeddable":true,"href":"https:\/\/blog.edu.turku.fi\/potkuri\/wp-json\/wp\/v2\/comments?post=2463"}],"version-history":[{"count":5,"href":"https:\/\/blog.edu.turku.fi\/potkuri\/wp-json\/wp\/v2\/pages\/2463\/revisions"}],"predecessor-version":[{"id":2470,"href":"https:\/\/blog.edu.turku.fi\/potkuri\/wp-json\/wp\/v2\/pages\/2463\/revisions\/2470"}],"wp:attachment":[{"href":"https:\/\/blog.edu.turku.fi\/potkuri\/wp-json\/wp\/v2\/media?parent=2463"}],"curies":[{"name":"wp","href":"https:\/\/api.w.org\/{rel}","templated":true}]}}