{"id":2449,"date":"2024-03-04T09:08:25","date_gmt":"2024-03-04T07:08:25","guid":{"rendered":"https:\/\/blog.edu.turku.fi\/potkuri\/?page_id=2449"},"modified":"2024-03-11T10:06:45","modified_gmt":"2024-03-11T08:06:45","slug":"perusopetus-yleissivistyksen-perustana","status":"publish","type":"page","link":"https:\/\/blog.edu.turku.fi\/potkuri\/perusopetus-yleissivistyksen-perustana\/","title":{"rendered":"Perusopetus yleissivistyksen perustana"},"content":{"rendered":"<p><strong>Opetuksen j\u00e4rjest\u00e4mist\u00e4 ohjaavat velvoitteet <\/strong><\/p>\n<p>Valtakunnallisessa opetussuunnitelmassa linjataan, ett\u00e4 opetuksen tulee edist\u00e4\u00e4 oppilaiden tervett\u00e4 kasvua ja kehityst\u00e4 ja lapsen etu on huomioitava perusopetusta j\u00e4rjestett\u00e4ess\u00e4. Oppilaalla on oikeus saada opetussuunnitelman mukaista opetusta, oppilaanohjausta sek\u00e4 riitt\u00e4v\u00e4\u00e4 oppimisen ja koulunk\u00e4ynnin tukea heti tuen tarpeen ilmetess\u00e4. Yhteisty\u00f6t\u00e4 tehd\u00e4\u00e4n kotien.<\/p>\n<p>Oppilaalla on oikeus saada maksutta opetus ja sen edellytt\u00e4m\u00e4t materiaalit ja opiskeluhuolto. Oppilaalle on annettava jokaisena ty\u00f6p\u00e4iv\u00e4n\u00e4 tarkoituksenmukaisesti j\u00e4rjestetty t\u00e4ysipainoinen ateria. Ruokailutilanteen tulee olla ohjattu.<\/p>\n<p>Opetuksen tulee olla tasa-arvoista.<\/p>\n<p><u>Turun kaupungin tarkennus<\/u><\/p>\n<p>Perusopetuksen aikana oppilas oppii ymm\u00e4rt\u00e4m\u00e4\u00e4n Turun merkityksen vanhana kulttuurikaupunkina, jonka identiteetin kehittymisess\u00e4 kaksikielisyydell\u00e4 ja kulttuurisella moninaisuudella on aina ollut keskeinen merkitys. Lis\u00e4\u00e4ntyv\u00e4 kulttuurinen moninaisuus on tulevaisuuden voimavara.\u00a0 Edist\u00e4mme erilaisuuden hyv\u00e4ksymist\u00e4, yhteis\u00f6llisyytt\u00e4 ja yhdenvertaisuutta.<\/p>\n<p>Oppilas oppii ottamaan vastuuta oman l\u00e4hiymp\u00e4rist\u00f6ns\u00e4 viihtyisyydest\u00e4, luonnosta ja kulttuurisista arvoista sek\u00e4 arvostamaan Turun saariston ainutlaatuisuutta ja ekologista herkkyytt\u00e4.<\/p>\n<p><strong>Oppimisk\u00e4sitys<\/strong><\/p>\n<p>Opetussuunnitelman perusteet on laadittu perustuen oppimisk\u00e4sitykseen, jonka mukaan oppilas on\u00a0aktiivinen toimija. H\u00e4n oppii asettamaan tavoitteita ja ratkaisemaan ongelmia sek\u00e4 itsen\u00e4isesti ett\u00e4 yhdess\u00e4 muiden kanssa. Oppiminen tapahtuu vuorovaikutuksessa toisten oppilaiden, opettajien ja muiden aikuisten sek\u00e4 eri yhteis\u00f6jen ja oppimisymp\u00e4rist\u00f6jen kanssa.<\/p>\n<p><u>Turun kaupungin tarkennus<\/u><\/p>\n<p>Arvokeskusteluja k\u00e4yd\u00e4\u00e4n s\u00e4\u00e4nn\u00f6llisesti oppilaiden, huoltajien ja koulun henkil\u00f6st\u00f6n kesken. Keskusteluissa kiinnitet\u00e4\u00e4n erityist\u00e4 huomiota perusteissa kuvatun oppimisk\u00e4sityksen k\u00e4yt\u00e4nn\u00f6n toteutukseen ja oppilaan osuuteen omassa oppimisessaan.<\/p>\n<p>Arvoperustan ja oppimisk\u00e4sityksen toteutumista arvioidaan perusopetuksen laadunarviointikyselyll\u00e4 sek\u00e4 muilla mahdollisilla arviointiv\u00e4lineill\u00e4, esim. NPDL-materiaalin (New Pedagogies for Deep Learning) avulla.<\/p>\n","protected":false},"excerpt":{"rendered":"<p>Opetuksen j\u00e4rjest\u00e4mist\u00e4 ohjaavat velvoitteet Valtakunnallisessa opetussuunnitelmassa linjataan, ett\u00e4 opetuksen tulee edist\u00e4\u00e4 oppilaiden tervett\u00e4 kasvua ja kehityst\u00e4 ja lapsen etu on huomioitava perusopetusta j\u00e4rjestett\u00e4ess\u00e4. Oppilaalla on oikeus saada opetussuunnitelman mukaista opetusta, oppilaanohjausta sek\u00e4 riitt\u00e4v\u00e4\u00e4 oppimisen ja koulunk\u00e4ynnin tukea heti tuen tarpeen<\/p>\n","protected":false},"author":3384,"featured_media":0,"parent":0,"menu_order":0,"comment_status":"closed","ping_status":"closed","template":"","meta":{"footnotes":""},"class_list":["post-2449","page","type-page","status-publish","hentry"],"_links":{"self":[{"href":"https:\/\/blog.edu.turku.fi\/potkuri\/wp-json\/wp\/v2\/pages\/2449","targetHints":{"allow":["GET"]}}],"collection":[{"href":"https:\/\/blog.edu.turku.fi\/potkuri\/wp-json\/wp\/v2\/pages"}],"about":[{"href":"https:\/\/blog.edu.turku.fi\/potkuri\/wp-json\/wp\/v2\/types\/page"}],"author":[{"embeddable":true,"href":"https:\/\/blog.edu.turku.fi\/potkuri\/wp-json\/wp\/v2\/users\/3384"}],"replies":[{"embeddable":true,"href":"https:\/\/blog.edu.turku.fi\/potkuri\/wp-json\/wp\/v2\/comments?post=2449"}],"version-history":[{"count":3,"href":"https:\/\/blog.edu.turku.fi\/potkuri\/wp-json\/wp\/v2\/pages\/2449\/revisions"}],"predecessor-version":[{"id":2543,"href":"https:\/\/blog.edu.turku.fi\/potkuri\/wp-json\/wp\/v2\/pages\/2449\/revisions\/2543"}],"wp:attachment":[{"href":"https:\/\/blog.edu.turku.fi\/potkuri\/wp-json\/wp\/v2\/media?parent=2449"}],"curies":[{"name":"wp","href":"https:\/\/api.w.org\/{rel}","templated":true}]}}