{"id":2124,"date":"2024-01-22T12:02:05","date_gmt":"2024-01-22T10:02:05","guid":{"rendered":"https:\/\/blog.edu.turku.fi\/potkuri\/?page_id=2124"},"modified":"2025-09-08T14:45:03","modified_gmt":"2025-09-08T11:45:03","slug":"muut-hakemukset-koulunkayntiin-liittyen-2","status":"publish","type":"page","link":"https:\/\/blog.edu.turku.fi\/potkuri\/muut-hakemukset-koulunkayntiin-liittyen-2\/","title":{"rendered":"Muut hakemukset koulunk\u00e4yntiin liittyen"},"content":{"rendered":"<p><a href=\"https:\/\/blog.edu.turku.fi\/potkuri\/files\/2025\/09\/Turun-kaupunki-erikoisluokan-peruutus.pdf\">erikoisluokan peruutus<\/a><\/p>\n<p><a href=\"https:\/\/blog.edu.turku.fi\/potkuri\/files\/2025\/09\/Turun-kaupunki-hakemus-joustavaan-perusopetukseen.pdf\">hakemus joustavaan perusopetukseen<\/a><\/p>\n<p><a href=\"https:\/\/blog.edu.turku.fi\/potkuri\/files\/2025\/09\/Turun-kaupunki-koulunkaynnin-aloittaminen-aikaisemmin.pdf\">koulunk\u00e4ynnin aloittaminen aikaisemmin<\/a><\/p>\n<p><a href=\"https:\/\/blog.edu.turku.fi\/potkuri\/files\/2025\/09\/Turun-kaupunki-koulunkaynnin-aloittaminen-myohemmin.pdf\">koulunk\u00e4ynnin aloittaminen my\u00f6hemmin<\/a><\/p>\n<p><a href=\"https:\/\/blog.edu.turku.fi\/potkuri\/files\/2025\/09\/Turun-kaupunki-hakemus-oppivelvollisuuden-keskeyttamiseen.pdf\">hakemus oppivelvollisuuden keskeytt\u00e4miseen<\/a><\/p>\n<p><a href=\"https:\/\/blog.edu.turku.fi\/potkuri\/files\/2025\/09\/Turun-kaupunki-hakemus-Pysakki-luokalle.pdf\">hakemus Pys\u00e4kki-luokalle<\/a><\/p>\n<p><a href=\"https:\/\/blog.edu.turku.fi\/potkuri\/files\/2025\/09\/Turun-kaupunki-hakemus-toiseen-kouluun.pdf\">hakemus toiseen kouluun<\/a><\/p>\n<p>&nbsp;<\/p>\n<p>&nbsp;<\/p>\n<p>&nbsp;<\/p>\n","protected":false},"excerpt":{"rendered":"<p>erikoisluokan peruutus hakemus joustavaan perusopetukseen koulunk\u00e4ynnin aloittaminen aikaisemmin koulunk\u00e4ynnin aloittaminen my\u00f6hemmin hakemus oppivelvollisuuden keskeytt\u00e4miseen hakemus Pys\u00e4kki-luokalle hakemus toiseen kouluun &nbsp; &nbsp; &nbsp;<\/p>\n","protected":false},"author":3385,"featured_media":0,"parent":0,"menu_order":0,"comment_status":"closed","ping_status":"closed","template":"","meta":{"footnotes":""},"class_list":["post-2124","page","type-page","status-publish","hentry"],"_links":{"self":[{"href":"https:\/\/blog.edu.turku.fi\/potkuri\/wp-json\/wp\/v2\/pages\/2124","targetHints":{"allow":["GET"]}}],"collection":[{"href":"https:\/\/blog.edu.turku.fi\/potkuri\/wp-json\/wp\/v2\/pages"}],"about":[{"href":"https:\/\/blog.edu.turku.fi\/potkuri\/wp-json\/wp\/v2\/types\/page"}],"author":[{"embeddable":true,"href":"https:\/\/blog.edu.turku.fi\/potkuri\/wp-json\/wp\/v2\/users\/3385"}],"replies":[{"embeddable":true,"href":"https:\/\/blog.edu.turku.fi\/potkuri\/wp-json\/wp\/v2\/comments?post=2124"}],"version-history":[{"count":6,"href":"https:\/\/blog.edu.turku.fi\/potkuri\/wp-json\/wp\/v2\/pages\/2124\/revisions"}],"predecessor-version":[{"id":2951,"href":"https:\/\/blog.edu.turku.fi\/potkuri\/wp-json\/wp\/v2\/pages\/2124\/revisions\/2951"}],"wp:attachment":[{"href":"https:\/\/blog.edu.turku.fi\/potkuri\/wp-json\/wp\/v2\/media?parent=2124"}],"curies":[{"name":"wp","href":"https:\/\/api.w.org\/{rel}","templated":true}]}}