{"id":2071,"date":"2024-01-15T08:29:38","date_gmt":"2024-01-15T06:29:38","guid":{"rendered":"https:\/\/blog.edu.turku.fi\/potkuri\/?page_id=2071"},"modified":"2026-01-13T11:23:13","modified_gmt":"2026-01-13T09:23:13","slug":"perusopetuksen-johtoryhma","status":"publish","type":"page","link":"https:\/\/blog.edu.turku.fi\/potkuri\/perusopetuksen-johtoryhma\/","title":{"rendered":"Perusopetuksen johtoryhm\u00e4"},"content":{"rendered":"<p>Johtoryhm\u00e4n j\u00e4senet<\/p>\n<p>Krista Lahtinen, puheenjohtaja<\/p>\n<p>Sanna Husu, sihteeri<\/p>\n<p>Katriina Sulonen<\/p>\n<p>Miiina Orell<\/p>\n<p>Pasi Bj\u00f6rk<\/p>\n<p>Tanja Kyt\u00f6niemi<\/p>\n<p>&nbsp;<\/p>\n","protected":false},"excerpt":{"rendered":"<p>Johtoryhm\u00e4n j\u00e4senet Krista Lahtinen, puheenjohtaja Sanna Husu, sihteeri Katriina Sulonen Miiina Orell Pasi Bj\u00f6rk Tanja Kyt\u00f6niemi &nbsp;<\/p>\n","protected":false},"author":3384,"featured_media":0,"parent":0,"menu_order":0,"comment_status":"closed","ping_status":"closed","template":"","meta":{"footnotes":""},"class_list":["post-2071","page","type-page","status-publish","hentry"],"_links":{"self":[{"href":"https:\/\/blog.edu.turku.fi\/potkuri\/wp-json\/wp\/v2\/pages\/2071","targetHints":{"allow":["GET"]}}],"collection":[{"href":"https:\/\/blog.edu.turku.fi\/potkuri\/wp-json\/wp\/v2\/pages"}],"about":[{"href":"https:\/\/blog.edu.turku.fi\/potkuri\/wp-json\/wp\/v2\/types\/page"}],"author":[{"embeddable":true,"href":"https:\/\/blog.edu.turku.fi\/potkuri\/wp-json\/wp\/v2\/users\/3384"}],"replies":[{"embeddable":true,"href":"https:\/\/blog.edu.turku.fi\/potkuri\/wp-json\/wp\/v2\/comments?post=2071"}],"version-history":[{"count":6,"href":"https:\/\/blog.edu.turku.fi\/potkuri\/wp-json\/wp\/v2\/pages\/2071\/revisions"}],"predecessor-version":[{"id":3018,"href":"https:\/\/blog.edu.turku.fi\/potkuri\/wp-json\/wp\/v2\/pages\/2071\/revisions\/3018"}],"wp:attachment":[{"href":"https:\/\/blog.edu.turku.fi\/potkuri\/wp-json\/wp\/v2\/media?parent=2071"}],"curies":[{"name":"wp","href":"https:\/\/api.w.org\/{rel}","templated":true}]}}