{"id":2022,"date":"2023-12-11T09:47:23","date_gmt":"2023-12-11T07:47:23","guid":{"rendered":"https:\/\/blog.edu.turku.fi\/paussi\/?page_id=2022"},"modified":"2025-04-08T15:35:05","modified_gmt":"2025-04-08T12:35:05","slug":"turun-kaupunki","status":"publish","type":"page","link":"https:\/\/blog.edu.turku.fi\/potkuri\/turun-kaupunki\/","title":{"rendered":"Turun kaupunki"},"content":{"rendered":"<p><a href=\"https:\/\/eperusteet.opintopolku.fi\/#\/fi\/opetussuunnitelma\/22583801\/perusopetus\/tiedot\">Turun perusopetuksen opetussuunnitelma 2021<\/a><\/p>\n<p><a href=\"https:\/\/blog.edu.turku.fi\/ops2016\/files\/2015\/04\/Perusopetukseen-valmistavan-opetuksen-opstussuunnitelma.pdf\">Perusopetukseen valmistavan opetuksen opetussuunnitelma<\/a><\/p>\n<p><a href=\"https:\/\/www.turku.fi\/sites\/default\/files\/atoms\/files\/turun_kaupungin_esiopetussuunnitelma_2023.pdf\">Turun kaupungin esiopetussuunnitelma 2023<\/a><\/p>\n<p><a href=\"https:\/\/www.turku.fi\/sites\/default\/files\/document\/turun-kaupungin-lasten-ja-nuorten-hyvinvointikertomus-ja-suunnitelma-2024.pdf\">Turun kaupungin lasten ja nuorten hyvinvointisuunnitelma 2024\u20132025<\/a><\/p>\n<p><a href=\"https:\/\/www.turku.fi\/sites\/default\/files\/atoms\/files\/turun_kaupungin_apip-toiminnan_toimintasuunnitelma.pdf\">Turun kaupungin aamu- ja iltap\u00e4iv\u00e4toiminnan toimintasuunnitelma<\/a><\/p>\n<p><a href=\"https:\/\/www.turku.fi\/sites\/default\/files\/document\/turun-kaupungin-yhdenvertaisuus-ja-tasa-arvosuunnitelma-2024-25-palvelutuotanto.pdf\">Turun kaupungin yhdenvertaisuus- ja tasa-arvosuunnitelma 2024-2025<\/a><\/p>\n<p><a href=\"https:\/\/edu.turku.fi\/wp-content\/uploads\/2023\/08\/tvt-suunnitelma-2023-2026.pdf\">Tvt-suunnitelma 2023-2026<\/a><\/p>\n<p><a href=\"https:\/\/www.turku.fi\/sites\/default\/files\/atoms\/files\/oppilaan_tuen_strategia_2022.pdf\">Oppilaan tuen strategia 2022<\/a><\/p>\n<p><a href=\"https:\/\/blog.edu.turku.fi\/potkuri\/files\/2023\/11\/Kasvatuskeskustelu-kurinpidolliset-keinot-ja-turvaamistoimet-Turun-perusopetuksessa-1.8.2022-alkaen.pdf\">Kasvatuskeskustelu, kurinpidolliset keinot ja turvaamistoimet Turun perusopetuksessa 1.8.2022 alkaen<\/a><\/p>\n<p><a href=\"https:\/\/blog.edu.turku.fi\/potkuri\/files\/2024\/09\/Opas-ammattilaisille-paihdekasvatustunnit.pdf\" target=\"_blank\" rel=\"noopener\">P\u00e4ihdekasvatustunnit opas ammattilaisille<\/a><\/p>\n<p><a href=\"https:\/\/blog.edu.turku.fi\/potkuri\/files\/2024\/09\/5.-luokkalaisten-paihde-ja-laillisuuskasvatustunnit.pdf\" target=\"_blank\" rel=\"noopener\">5.-luokkalaisten p\u00e4ihde ja laillisuuskasvatustunnit<\/a><\/p>\n<p><a href=\"https:\/\/blog.edu.turku.fi\/potkuri\/files\/2024\/09\/6.-luokkalaisten-paihde-ja-laillisuuskasvatustunnit.pdf\" target=\"_blank\" rel=\"noopener\">6.-luokkalaisten p\u00e4ihde ja laillisuuskasvatustunnit<\/a><\/p>\n<p><a href=\"https:\/\/blog.edu.turku.fi\/potkuri\/files\/2024\/09\/7.-9.-luokkalaisten-paihde-ja-laillisuuskasvatustunnit.pdf\" target=\"_blank\" rel=\"noopener\">7.-9.-luokkalaisten p\u00e4ihde ja laillisuuskasvatustunnit<\/a><\/p>\n<p><a href=\"https:\/\/blog.edu.turku.fi\/potkuri\/files\/2024\/10\/Rusmedels-och-laglighetsfostran-1.pdf\" target=\"_blank\" rel=\"noopener\">Rusmedels och laglighetsfostran<\/a><\/p>\n<p><a href=\"https:\/\/blog.edu.turku.fi\/potkuri\/files\/2024\/10\/Vad-vet-vi-om-rusmedel_5lk-1.pdf\" target=\"_blank\" rel=\"noopener\">Vad vet vi om rusmedel 5lk<\/a><\/p>\n<p><a href=\"https:\/\/blog.edu.turku.fi\/potkuri\/files\/2024\/10\/Vad-vet-vi-om-rusmedel_6lk-1.pdf\" target=\"_blank\" rel=\"noopener\">Vad vet vi om rusmedel 6lk<\/a><\/p>\n<p><a href=\"https:\/\/blog.edu.turku.fi\/potkuri\/files\/2024\/10\/Vad-vet-vi-om-rusmedel_7-9lk-1.pdf\" target=\"_blank\" rel=\"noopener\">Vad vet vi om rusmedel 7-9lk <\/a><\/p>\n<p><a href=\"https:\/\/blog.edu.turku.fi\/potkuri\/files\/2024\/10\/Fostringssamtal-inom-framjandet-av-sakerheten-i-arskurs-7\u20139.pdf\" target=\"_blank\" rel=\"noopener\">Fostringssamtal inom framjandet av s\u00e4kerheten i \u00e5rskurs 7\u20139 <\/a><\/p>\n<p><a href=\"https:\/\/blog.edu.turku.fi\/potkuri\/files\/2024\/09\/Turun-perusopetuksen-ilmasto-ja-kestavyyskasvatuksen-toimintasuunnitelma.pdf\">Turun perusopetuksen ilmasto-ja kest\u00e4vyyskasvatuksen toimintasuunnitelma<\/a><\/p>\n<p>Esimerkkej\u00e4 koulujen suunnitelmista<\/p>\n<p><a href=\"https:\/\/blog.edu.turku.fi\/potkuri\/files\/2024\/09\/Puolalan-koulun-kestavan-kehityksen-toimintasuunnitelma-.pdf\">Puolalan koulun kest\u00e4v\u00e4n kehityksen toimintasuunnitelma<\/a><\/p>\n<p><a href=\"https:\/\/blog.edu.turku.fi\/potkuri\/files\/2024\/09\/Syvalahden-koulun-kestavyyskasvatuksen-toimintasuunnitelma.pdf\">Syv\u00e4lahden koulun kest\u00e4vyyskasvatuksen toimintasuunnitelma<\/a> <a href=\"https:\/\/blog.edu.turku.fi\/potkuri\/files\/2024\/09\/Rieskalahteen-kestavan-kehityksen-toimintasuunnitelma.pdf\">Rieskal\u00e4hteen kest\u00e4v\u00e4n kehityksen toimintasuunnitelma<\/a><\/p>\n<p><a href=\"https:\/\/blog.edu.turku.fi\/potkuri\/files\/2024\/09\/Rieskalahteen-kestavan-kehityksen-toimintasuunnitelma.pdf\">Rieskal\u00e4hteen kest\u00e4v\u00e4n kehityksen toimintasuunnitelma<\/a><\/p>\n<p>&nbsp;<\/p>\n","protected":false},"excerpt":{"rendered":"<p>Turun perusopetuksen opetussuunnitelma 2021 Perusopetukseen valmistavan opetuksen opetussuunnitelma Turun kaupungin esiopetussuunnitelma 2023 Turun kaupungin lasten ja nuorten hyvinvointisuunnitelma 2024\u20132025 Turun kaupungin aamu- ja iltap\u00e4iv\u00e4toiminnan toimintasuunnitelma Turun kaupungin yhdenvertaisuus- ja tasa-arvosuunnitelma 2024-2025 Tvt-suunnitelma 2023-2026 Oppilaan tuen strategia 2022 Kasvatuskeskustelu, kurinpidolliset keinot<\/p>\n","protected":false},"author":3384,"featured_media":0,"parent":0,"menu_order":0,"comment_status":"closed","ping_status":"closed","template":"","meta":{"footnotes":""},"class_list":["post-2022","page","type-page","status-publish","hentry"],"_links":{"self":[{"href":"https:\/\/blog.edu.turku.fi\/potkuri\/wp-json\/wp\/v2\/pages\/2022","targetHints":{"allow":["GET"]}}],"collection":[{"href":"https:\/\/blog.edu.turku.fi\/potkuri\/wp-json\/wp\/v2\/pages"}],"about":[{"href":"https:\/\/blog.edu.turku.fi\/potkuri\/wp-json\/wp\/v2\/types\/page"}],"author":[{"embeddable":true,"href":"https:\/\/blog.edu.turku.fi\/potkuri\/wp-json\/wp\/v2\/users\/3384"}],"replies":[{"embeddable":true,"href":"https:\/\/blog.edu.turku.fi\/potkuri\/wp-json\/wp\/v2\/comments?post=2022"}],"version-history":[{"count":18,"href":"https:\/\/blog.edu.turku.fi\/potkuri\/wp-json\/wp\/v2\/pages\/2022\/revisions"}],"predecessor-version":[{"id":2807,"href":"https:\/\/blog.edu.turku.fi\/potkuri\/wp-json\/wp\/v2\/pages\/2022\/revisions\/2807"}],"wp:attachment":[{"href":"https:\/\/blog.edu.turku.fi\/potkuri\/wp-json\/wp\/v2\/media?parent=2022"}],"curies":[{"name":"wp","href":"https:\/\/api.w.org\/{rel}","templated":true}]}}