{"id":2018,"date":"2023-12-11T07:53:05","date_gmt":"2023-12-11T05:53:05","guid":{"rendered":"https:\/\/blog.edu.turku.fi\/paussi\/?page_id=2018"},"modified":"2025-09-01T14:40:35","modified_gmt":"2025-09-01T11:40:35","slug":"tva-korvaukset","status":"publish","type":"page","link":"https:\/\/blog.edu.turku.fi\/potkuri\/tva-korvaukset\/","title":{"rendered":"Palkka ja TVA-korvaukset"},"content":{"rendered":"<p>Alla olevan linkin sivustolta l\u00f6yd\u00e4t excelin, jossa on lueteltu peruspalkat. Sen ja alla olevan tva-listan avulla pystyt tarkistamaan, onko palkkasi maksettu oikein.<br \/>\nTva-lis\u00e4t on palkkakuitissa merkitty osaksi peruspalkkaa.<\/p>\n<p><a href=\"https:\/\/www.kt.fi\/sopimukset\/ovtes\/palkat-palkkiot\">https:\/\/www.kt.fi\/sopimukset\/ovtes\/palkat-palkkiot<\/a><\/p>\n<table width=\"858\">\n<tbody>\n<tr>\n<td width=\"175\">TVA-perusteet 1.6.2025 alkaen<\/td>\n<td width=\"175\">Perusteht\u00e4v\u00e4, joille TVA-tekij\u00e4 voidaan maksaa (viranhaltija tai p\u00e4\u00e4toiminen tuntiopettaja)<\/td>\n<td width=\"316\">TVA-tarkennukset 1.6.2025 lukien<\/td>\n<td width=\"192\">TVA-eurot 1.6.2025 alkaen<\/td>\n<\/tr>\n<tr>\n<td colspan=\"4\" width=\"858\">PERUSOPETUS<\/td>\n<\/tr>\n<tr>\n<td width=\"175\">1. luokan opettaja<br \/>\npo 1. lkn op.<\/td>\n<td width=\"175\">Luokanopettaja, erityisluokanopettaja<\/td>\n<td width=\"316\">Opettaja, joka toimii 1. luokan opettajana.<\/td>\n<td width=\"192\">217,82<\/td>\n<\/tr>\n<tr>\n<td width=\"175\">2. luokan opettaja<br \/>\npo 2. lkn op.<\/td>\n<td width=\"175\">Luokanopettaja, erityisluokanopettaja<\/td>\n<td width=\"316\">Opettaja, joka toimii 2. luokan opettajana.<\/td>\n<td width=\"192\">108,91<\/td>\n<\/tr>\n<tr>\n<td width=\"175\">Yhdysluokan opettaja<br \/>\npo yhdyslk\u00a0 3-6<\/td>\n<td width=\"175\">Luokanopettaja<\/td>\n<td width=\"316\">Luokanopettaja, jonka luokalla on v\u00e4hint\u00e4\u00e4n kahden eri vuosiluokan oppilaita. Koskee luokkia 3-6. Maksetaan, kun opettaja saa OVTESin perusteella yhdysluokkahuojennuksen.<\/td>\n<td width=\"192\">108,91<\/td>\n<\/tr>\n<tr>\n<td width=\"175\">Vastuu 7. luokasta<br \/>\npo 7. lkn lv.<\/td>\n<td width=\"175\">Aineenopettaja, erityisluokanopettaja<\/td>\n<td width=\"316\">Opettaja, joka toimii 7. luokan<br \/>\nluokanvalvojana \/ erityisluokanopettajana.<\/td>\n<td width=\"192\">155,69<\/td>\n<\/tr>\n<tr>\n<td width=\"175\">Vastuu 8. tai 9. luokasta<br \/>\npo 8.\/9. lkn lv.<\/td>\n<td width=\"175\">Aineenopettaja, erityisluokanopettaja<\/td>\n<td width=\"316\">Opettaja, joka toimii 8. tai 9. luokan<br \/>\nluokanvalvojana \/ erityisluokanopettajana.<\/td>\n<td width=\"192\">108,91<\/td>\n<\/tr>\n<tr>\n<td width=\"175\">Opettaminen vieraalla kielell\u00e4 \u2265 15 vvt<br \/>\npo Vier.kiel.op.15-<\/td>\n<td width=\"175\">Kaikki teht\u00e4v\u00e4kuvat<\/td>\n<td width=\"316\">Vieraalla kielell\u00e4 opettaminen\u00a0 \u2265 15 vvt. Kieliluokka, kielikylpyluokka tai viittomakielell\u00e4 opettaminen.<\/td>\n<td width=\"192\">217,82<\/td>\n<\/tr>\n<tr>\n<td width=\"175\">Opettaminen vieraalla kielell\u00e4 5-14 vvt<br \/>\npo Vier.kiel.op.5-14<\/td>\n<td width=\"175\">Kaikki teht\u00e4v\u00e4kuvat<\/td>\n<td width=\"316\">Vieraalla kielell\u00e4 opettaminen\u00a0 5-14 vvt. Kieliluokka, kielikylpyluokka tai viittomakielell\u00e4 opettaminen.<\/td>\n<td width=\"192\">155,69<\/td>\n<\/tr>\n<tr>\n<td width=\"175\">Valmo-opettaja<br \/>\npo Valmo-op. (\u226516 vt)<\/td>\n<td width=\"175\">Erityisluokanopettaja, erityisopettaja, luokanopettaja, aineenopettaja<\/td>\n<td width=\"316\">Perusopetukseen valmistavan luokan opetusta v\u00e4hint\u00e4\u00e4n 16 vvt.<\/td>\n<td width=\"192\">155,69<\/td>\n<\/tr>\n<tr>\n<td width=\"175\">Monimuotoinen oppimisymp\u00e4rist\u00f6<br \/>\npo Monimuot. opp.ymp. R2\/S2 op.<\/td>\n<td width=\"175\">Kaikki teht\u00e4v\u00e4kuvat<\/td>\n<td width=\"316\">Oppilasrekisterin mukaan yksik\u00f6n S2\/R2 oppilaiden m\u00e4\u00e4r\u00e4 tilastointip\u00e4iv\u00e4n\u00e4 on v\u00e4hint\u00e4\u00e4n 25% tai 50%. Ei makseta valmo-opettajille. TVA-tekij\u00e4 tarkastellaan yhten\u00e4iskouluissa ala- ja yl\u00e4koulun osalta erikseen, vaikka virallisia erillisi\u00e4 yksik\u00f6it\u00e4 koulussa ei olisikaan. Ei merkit\u00e4 opettajatietolomakkeeseen.<\/td>\n<td width=\"192\">\nv\u00e4h. 25% 81,60<br \/>\nv\u00e4h. 50% 108,91<\/td>\n<\/tr>\n<tr>\n<td width=\"175\">Pedagoginen tuki<br \/>\npo Pedagog. tuen tarve<\/td>\n<td width=\"175\">Luokanopettaja<\/td>\n<td width=\"316\">Pedagogista tukea tarvitsevat oppilaat luokalla. Tehostettu 1 p\/op, erityinen 3 p\/op, inklusiivinen valmo 3 p\/op. Pisteraja TVA-lis\u00e4lle 8. Ei merkit\u00e4 opettajatietolomakkeeseen.<\/td>\n<td width=\"192\">108,91<\/td>\n<\/tr>\n<tr>\n<td width=\"175\">Erityisopetus<br \/>\npo erityisopetus<\/td>\n<td width=\"175\">Erityisopettaja, erityisluokanopettaja<\/td>\n<td width=\"316\">Laaja-alaisen erityisopettajan tai erityisluokanopettajan teht\u00e4v\u00e4ss\u00e4 toimivat. Erityisopetusta v\u00e4hint\u00e4\u00e4n 16 vvt. Ei makseta valmo-opettajille.<\/td>\n<td width=\"192\">108,91<\/td>\n<\/tr>\n<tr>\n<td width=\"175\">Oppilaanohjaaja<br \/>\npo. oppilaanohjaus<\/td>\n<td width=\"175\">Oppilaanohjaaja<\/td>\n<td width=\"316\">Vuosity\u00f6tunteihin perustuvassa ty\u00f6ajassa oleva oppilaanohjaaja.<\/td>\n<td width=\"192\">437,18<\/td>\n<\/tr>\n<tr>\n<td colspan=\"4\" width=\"858\">YHTEISET<\/td>\n<\/tr>\n<tr>\n<td width=\"175\">TVT-tuki<br \/>\npo ja lu TVT-tuki<\/td>\n<td width=\"175\">Kaikki teht\u00e4v\u00e4kuvat (ei l\u00e4hijohtaja)<\/td>\n<td width=\"316\">Tieto- ja viestint\u00e4teknologian tuki ja pedogoginen kehitt\u00e4minen. Nimet\u00e4\u00e4n yksi\/koulu.<\/td>\n<td width=\"192\">108,91<\/td>\n<\/tr>\n<tr>\n<td width=\"175\">Oh-ryhm\u00e4<br \/>\npo ja lu oh-ryhm\u00e4n j\u00e4senyys<\/td>\n<td width=\"175\">Kaikki teht\u00e4v\u00e4kuvat (ei l\u00e4hijohtaja)<\/td>\n<td width=\"316\">Vastuuopettaja oppilaitoksen yhteis\u00f6llisess\u00e4 opiskeluhuoltoryhm\u00e4ss\u00e4. Nimet\u00e4\u00e4n yksi\/oh-ryhm\u00e4, jolla on lis\u00e4vastuuta oh-ryhm\u00e4n toiminnasta esimerkiksi koordinointia.<\/td>\n<td width=\"192\">108,91<\/td>\n<\/tr>\n<tr>\n<td width=\"175\">Turvallisuusvastaava -200<br \/>\npo ja lu turv.vastuu 1<\/td>\n<td width=\"175\">Kaikki teht\u00e4v\u00e4kuvat<\/td>\n<td width=\"316\">Turvallisuusvastaavan teht\u00e4v\u00e4t yksik\u00f6ss\u00e4, jossa alle 200 oppilasta\/opiskelijaa. Tekee kaikki turvallisuusvastaavalle m\u00e4\u00e4ritellyt teht\u00e4v\u00e4t.<\/td>\n<td width=\"192\">108,91<\/td>\n<\/tr>\n<tr>\n<td width=\"175\">Turvallisuusvastaava 201-599<br \/>\npo ja lu turv.vastuu 2<\/td>\n<td width=\"175\">Kaikki teht\u00e4v\u00e4kuvat<\/td>\n<td width=\"316\">Turvallisuusvastaavan teht\u00e4v\u00e4t yksik\u00f6ss\u00e4, jossa 201-599 oppilasta\/opiskelijaa. Tekee kaikki turvallisuusvastaavalle m\u00e4\u00e4ritellyt teht\u00e4v\u00e4t.<\/td>\n<td width=\"192\">155,69<\/td>\n<\/tr>\n<tr>\n<td width=\"175\">Turvallisuusvastaava 600-<br \/>\npo ja lu turv.vastuu 3<\/td>\n<td width=\"175\">Kaikki teht\u00e4v\u00e4kuvat<\/td>\n<td width=\"316\">Turvallisuusvastaavan teht\u00e4v\u00e4t yksik\u00f6ss\u00e4, jossa v\u00e4hint\u00e4\u00e4n 600 oppilasta\/opiskelijaa. Tekee kaikki turvallisuusvastaavalle m\u00e4\u00e4ritellyt teht\u00e4v\u00e4t.<\/td>\n<td width=\"192\">217,82<\/td>\n<\/tr>\n<tr>\n<td width=\"175\">Reaaliaikainen et\u00e4opetus<br \/>\npo ja lu Reaaliaik. et\u00e4op.<span style=\"text-decoration: line-through\">\u00a0<\/span><\/td>\n<td width=\"175\">Kaikki teht\u00e4v\u00e4kuvat<\/td>\n<td width=\"316\">Reaaliaikaista et\u00e4opetusta v\u00e4hint\u00e4\u00e4n 2 vvt (todellinen aika).<\/td>\n<td width=\"192\">108,91<\/td>\n<\/tr>\n<tr>\n<td width=\"175\">Vararehtori\/johtaja<br \/>\npo ja lu varajoht.<\/td>\n<td width=\"175\">Kaikki teht\u00e4v\u00e4kuvat<\/td>\n<td width=\"316\">Vararehtori\/johtaja,<br \/>\nsis\u00e4lt\u00e4\u00e4 l\u00e4hijohtajan sijaistamisen kahden p\u00e4iv\u00e4n ajan kuukaudessa.<\/td>\n<td width=\"192\">217,82<\/td>\n<\/tr>\n<tr>\n<td width=\"175\">Yhteispohjoismainen leirikoulujohtajuus<br \/>\npo ja lu yht.pohj.leirik.<\/td>\n<td width=\"175\">Kaikki teht\u00e4v\u00e4kuvat<\/td>\n<td width=\"316\">Vastuu yhteispohjoismaisesta leirikoulusta.<\/td>\n<td width=\"192\">108,91<\/td>\n<\/tr>\n<tr>\n<td width=\"175\">P\u00e4\u00e4toiminen luottamusedustaja\u00a0\u00a0\u00a0\u00a0\u00a0\u00a0\u00a0\u00a0\u00a0\u00a0\u00a0\u00a0\u00a0\u00a0\u00a0\u00a0\u00a0\u00a0\u00a0\u00a0\u00a0\u00a0\u00a0\u00a0\u00a0\u00a0\u00a0\u00a0\u00a0\u00a0\u00a0\u00a0\u00a0\u00a0\u00a0\u00a0 ple<\/td>\n<td width=\"175\">P\u00e4\u00e4toiminen luottamusedustaja<\/td>\n<td width=\"316\">P\u00e4\u00e4toimisen luottamusedustajanTVA-lis\u00e4, jonka suu-ruus puolet henkil\u00f6st\u00f6j\u00e4rjest\u00f6jen p\u00e4\u00e4luottamusedustajien kuntakohtaisesta luottamusedustajakorvauksesta<\/td>\n<td width=\"192\">100,00<\/td>\n<\/tr>\n<tr>\n<td colspan=\"4\" width=\"858\">LUKIOKOULUTUS<\/td>\n<\/tr>\n<tr>\n<td width=\"175\">1. ryhm\u00e4nohjaaja<br \/>\nlu 1. vkn ro<\/td>\n<td width=\"175\">Aineenopettaja<\/td>\n<td width=\"316\">1. vuosikurssin ryhm\u00e4nohjaajana toimiva.<\/td>\n<td width=\"192\">217,82<\/td>\n<\/tr>\n<tr>\n<td width=\"175\">2. &#8211; 3. ryhm\u00e4nohjaaja<br \/>\nlu 2.-3. vkn ro<\/td>\n<td width=\"175\">Aineenopettaja<\/td>\n<td width=\"316\">2.-3. vuosikurssin ryhm\u00e4nohjaajana toimiva.<\/td>\n<td width=\"192\">155,69<\/td>\n<\/tr>\n<tr>\n<td width=\"175\">4. ryhm\u00e4nohjaaja<br \/>\nlu 4. vkn ro<\/td>\n<td width=\"175\">Aineenopettaja<\/td>\n<td width=\"316\">4. vuosikurssin ryhm\u00e4nohjaajana toimiva.<\/td>\n<td width=\"192\">108,91<\/td>\n<\/tr>\n<tr>\n<td width=\"175\">1-3 vuositasovastaava<br \/>\nlu Vuositasovastaava<\/td>\n<td width=\"175\">Aineenopettaja<\/td>\n<td width=\"316\">Ryhm\u00e4nohjauksen vuositasovastaavana (1-3) toimiva.<\/td>\n<td width=\"192\">108,91<\/td>\n<\/tr>\n<tr>\n<td width=\"175\">Korkeakouluyhteisty\u00f6<br \/>\nlu KK yht.ty\u00f6<\/td>\n<td width=\"175\">Aineenopettaja<\/td>\n<td width=\"316\">Lukiokoulutuksen ja korkeakoulujen yhteisty\u00f6n koordinointi, 1\/kaupunki.<\/td>\n<td width=\"192\">108,91<\/td>\n<\/tr>\n<tr>\n<td width=\"175\">Erityinen vastuuteht\u00e4v\u00e4<br \/>\nlu vastuuteht.<\/td>\n<td width=\"175\">Kaikki teht\u00e4v\u00e4kuvat<\/td>\n<td width=\"316\">Erityisen teht\u00e4v\u00e4n saaneen lukion m\u00e4\u00e4ritelty\u00e4 vastuuteht\u00e4v\u00e4\u00e4 hoitava.<\/td>\n<td width=\"192\">217,82<\/td>\n<\/tr>\n<tr>\n<td width=\"175\">Pedagoginen TVT-tuki<br \/>\nlu pedag. tuki<\/td>\n<td width=\"175\">Kaikki teht\u00e4v\u00e4kuvat<\/td>\n<td width=\"316\">Pedagogisena (TVT) tutor-opettajana toimiva, 1\/oppilaitos.<\/td>\n<td width=\"192\">108,91<\/td>\n<\/tr>\n<tr>\n<td width=\"175\">OHOR<br \/>\nlu OHOR j\u00e4senyys<\/td>\n<td width=\"175\">Aineenopettaja, erityisopettaja, opinto-ohjaaja<\/td>\n<td width=\"316\">OHOR (kaupunkitasoinen opiskelijahuollon ohjausryhm\u00e4) j\u00e4senyys, edustajia tarvitaan jokaisesta ryhm\u00e4st\u00e4 (aineenopettajat, opot, erityisopettajat).<\/td>\n<td width=\"192\">108,91<\/td>\n<\/tr>\n<tr>\n<td width=\"175\">Erityisopettaja<br \/>\nlu erityisopetus<\/td>\n<td width=\"175\">Erityisopettaja<\/td>\n<td width=\"316\">Erityisopettajan teht\u00e4v\u00e4ss\u00e4 toimiva.<\/td>\n<td width=\"192\">217,82<\/td>\n<\/tr>\n<tr>\n<td width=\"175\">Opinto-ohjaaja<br \/>\nlu opinto-ohjaus<\/td>\n<td width=\"175\">Opinto-ohjaaja<\/td>\n<td width=\"316\">Vuosity\u00f6ajassa oleva opinto-ohjaaja.<\/td>\n<td width=\"192\">155,69<\/td>\n<\/tr>\n<tr>\n<td width=\"175\">Tiimivastaava<br \/>\nTy\u00f6v\u00e4enopistojen tiimivastaavat<\/td>\n<td width=\"175\">Ty\u00f6v\u00e4enopiston opettaja<\/td>\n<td width=\"316\">Ty\u00f6v\u00e4enopiston tiimivastaavana toimiva.<\/td>\n<td width=\"192\">195,46<\/td>\n<\/tr>\n<\/tbody>\n<\/table>\n","protected":false},"excerpt":{"rendered":"<p>Alla olevan linkin sivustolta l\u00f6yd\u00e4t excelin, jossa on lueteltu peruspalkat. Sen ja alla olevan tva-listan avulla pystyt tarkistamaan, onko palkkasi maksettu oikein. Tva-lis\u00e4t on palkkakuitissa merkitty osaksi peruspalkkaa. https:\/\/www.kt.fi\/sopimukset\/ovtes\/palkat-palkkiot TVA-perusteet 1.6.2025 alkaen Perusteht\u00e4v\u00e4, joille TVA-tekij\u00e4 voidaan maksaa (viranhaltija tai p\u00e4\u00e4toiminen<\/p>\n","protected":false},"author":3384,"featured_media":0,"parent":0,"menu_order":0,"comment_status":"closed","ping_status":"closed","template":"","meta":{"footnotes":""},"class_list":["post-2018","page","type-page","status-publish","hentry"],"_links":{"self":[{"href":"https:\/\/blog.edu.turku.fi\/potkuri\/wp-json\/wp\/v2\/pages\/2018","targetHints":{"allow":["GET"]}}],"collection":[{"href":"https:\/\/blog.edu.turku.fi\/potkuri\/wp-json\/wp\/v2\/pages"}],"about":[{"href":"https:\/\/blog.edu.turku.fi\/potkuri\/wp-json\/wp\/v2\/types\/page"}],"author":[{"embeddable":true,"href":"https:\/\/blog.edu.turku.fi\/potkuri\/wp-json\/wp\/v2\/users\/3384"}],"replies":[{"embeddable":true,"href":"https:\/\/blog.edu.turku.fi\/potkuri\/wp-json\/wp\/v2\/comments?post=2018"}],"version-history":[{"count":10,"href":"https:\/\/blog.edu.turku.fi\/potkuri\/wp-json\/wp\/v2\/pages\/2018\/revisions"}],"predecessor-version":[{"id":2938,"href":"https:\/\/blog.edu.turku.fi\/potkuri\/wp-json\/wp\/v2\/pages\/2018\/revisions\/2938"}],"wp:attachment":[{"href":"https:\/\/blog.edu.turku.fi\/potkuri\/wp-json\/wp\/v2\/media?parent=2018"}],"curies":[{"name":"wp","href":"https:\/\/api.w.org\/{rel}","templated":true}]}}