{"id":1774,"date":"2023-10-30T08:44:15","date_gmt":"2023-10-30T06:44:15","guid":{"rendered":"https:\/\/blog.edu.turku.fi\/paussi\/?page_id=1774"},"modified":"2025-05-14T13:33:54","modified_gmt":"2025-05-14T10:33:54","slug":"valmistava-opetus","status":"publish","type":"page","link":"https:\/\/blog.edu.turku.fi\/potkuri\/monikulttuurinen-opetus\/valmistava-opetus\/","title":{"rendered":"Valmistava opetus"},"content":{"rendered":"<p>Perusopetukseen valmistava opetus on tarkoitettu juuri Suomeen muuttaneille vieraskielisille oppilaille. VALMO antaa valmiuksia perusopetukseen siirtymiseen. Oppilas opiskelee suomea sek\u00e4 muita koulussa tarvittavia taitoja.<\/p>\n<p>Opetus on ensisijaisesti ryhm\u00e4muotoista opetusta. Ryhmi\u00e4 on eri kouluissa ja niiss\u00e4 opiskellaan keskim\u00e4\u00e4rin vuoden ajan ennen l\u00e4hikouluun siirtymist\u00e4.<\/p>\n<p>VALMOn yhdysopettaja ottaa vastaan uusien oppilaiden oppilasilmoitukset ja sijoittaa oppilaat ryhmiin.<\/p>\n<p>Pia Hiltunen<br \/>\npia.hiltunen@edu.turku.fi<br \/>\n044 907 5431<\/p>\n<p>VALMO-oppilaanohjaus<br \/>\nJuudit Hurtig<br \/>\njuudit.hurtig@edu.turku.fi<br \/>\n040 626 3685<\/p>\n","protected":false},"excerpt":{"rendered":"<p>Perusopetukseen valmistava opetus on tarkoitettu juuri Suomeen muuttaneille vieraskielisille oppilaille. VALMO antaa valmiuksia perusopetukseen siirtymiseen. Oppilas opiskelee suomea sek\u00e4 muita koulussa tarvittavia taitoja. Opetus on ensisijaisesti ryhm\u00e4muotoista opetusta. Ryhmi\u00e4 on eri kouluissa ja niiss\u00e4 opiskellaan keskim\u00e4\u00e4rin vuoden ajan ennen l\u00e4hikouluun<\/p>\n","protected":false},"author":3384,"featured_media":0,"parent":1778,"menu_order":0,"comment_status":"closed","ping_status":"closed","template":"","meta":{"footnotes":""},"class_list":["post-1774","page","type-page","status-publish","hentry"],"_links":{"self":[{"href":"https:\/\/blog.edu.turku.fi\/potkuri\/wp-json\/wp\/v2\/pages\/1774","targetHints":{"allow":["GET"]}}],"collection":[{"href":"https:\/\/blog.edu.turku.fi\/potkuri\/wp-json\/wp\/v2\/pages"}],"about":[{"href":"https:\/\/blog.edu.turku.fi\/potkuri\/wp-json\/wp\/v2\/types\/page"}],"author":[{"embeddable":true,"href":"https:\/\/blog.edu.turku.fi\/potkuri\/wp-json\/wp\/v2\/users\/3384"}],"replies":[{"embeddable":true,"href":"https:\/\/blog.edu.turku.fi\/potkuri\/wp-json\/wp\/v2\/comments?post=1774"}],"version-history":[{"count":4,"href":"https:\/\/blog.edu.turku.fi\/potkuri\/wp-json\/wp\/v2\/pages\/1774\/revisions"}],"predecessor-version":[{"id":1932,"href":"https:\/\/blog.edu.turku.fi\/potkuri\/wp-json\/wp\/v2\/pages\/1774\/revisions\/1932"}],"up":[{"embeddable":true,"href":"https:\/\/blog.edu.turku.fi\/potkuri\/wp-json\/wp\/v2\/pages\/1778"}],"wp:attachment":[{"href":"https:\/\/blog.edu.turku.fi\/potkuri\/wp-json\/wp\/v2\/media?parent=1774"}],"curies":[{"name":"wp","href":"https:\/\/api.w.org\/{rel}","templated":true}]}}