{"id":1770,"date":"2023-10-30T08:33:55","date_gmt":"2023-10-30T06:33:55","guid":{"rendered":"https:\/\/blog.edu.turku.fi\/paussi\/?page_id=1770"},"modified":"2024-12-12T12:58:18","modified_gmt":"2024-12-12T10:58:18","slug":"yhteystiedot","status":"publish","type":"page","link":"https:\/\/blog.edu.turku.fi\/potkuri\/monikulttuurinen-opetus\/yhteystiedot\/","title":{"rendered":"Yhteystiedot"},"content":{"rendered":"<p>Annika Rae<br \/>\nMonikulttuurisen opetuksen suunnittelija<br \/>\n040 196 4874<br \/>\nannika.rae@turku.fi<\/p>\n<p>Tenna K\u00e4pyl\u00e4<br \/>\nSuunnittelija<br \/>\n044 907 4816<br \/>\ntenna.kapyla@turku.fi<\/p>\n<p>Johanna J\u00e4rvinen<br \/>\nMonikulttuurisen opetuksen kehitt\u00e4j\u00e4rehtori<br \/>\njohanna.e.jarvinen@edu.turku.fi<\/p>\n<p>Marjaana Yl\u00f6nen<br \/>\nMonikulttuurisen opetuksen kehitt\u00e4j\u00e4rehtori<br \/>\nmarjaana.ylonen@edu.turku.fi<\/p>\n","protected":false},"excerpt":{"rendered":"<p>Annika Rae Monikulttuurisen opetuksen suunnittelija 040 196 4874 annika.rae@turku.fi Tenna K\u00e4pyl\u00e4 Suunnittelija 044 907 4816 tenna.kapyla@turku.fi Johanna J\u00e4rvinen Monikulttuurisen opetuksen kehitt\u00e4j\u00e4rehtori johanna.e.jarvinen@edu.turku.fi Marjaana Yl\u00f6nen Monikulttuurisen opetuksen kehitt\u00e4j\u00e4rehtori marjaana.ylonen@edu.turku.fi<\/p>\n","protected":false},"author":3384,"featured_media":0,"parent":1778,"menu_order":0,"comment_status":"closed","ping_status":"closed","template":"","meta":{"footnotes":""},"class_list":["post-1770","page","type-page","status-publish","hentry"],"_links":{"self":[{"href":"https:\/\/blog.edu.turku.fi\/potkuri\/wp-json\/wp\/v2\/pages\/1770","targetHints":{"allow":["GET"]}}],"collection":[{"href":"https:\/\/blog.edu.turku.fi\/potkuri\/wp-json\/wp\/v2\/pages"}],"about":[{"href":"https:\/\/blog.edu.turku.fi\/potkuri\/wp-json\/wp\/v2\/types\/page"}],"author":[{"embeddable":true,"href":"https:\/\/blog.edu.turku.fi\/potkuri\/wp-json\/wp\/v2\/users\/3384"}],"replies":[{"embeddable":true,"href":"https:\/\/blog.edu.turku.fi\/potkuri\/wp-json\/wp\/v2\/comments?post=1770"}],"version-history":[{"count":14,"href":"https:\/\/blog.edu.turku.fi\/potkuri\/wp-json\/wp\/v2\/pages\/1770\/revisions"}],"predecessor-version":[{"id":2767,"href":"https:\/\/blog.edu.turku.fi\/potkuri\/wp-json\/wp\/v2\/pages\/1770\/revisions\/2767"}],"up":[{"embeddable":true,"href":"https:\/\/blog.edu.turku.fi\/potkuri\/wp-json\/wp\/v2\/pages\/1778"}],"wp:attachment":[{"href":"https:\/\/blog.edu.turku.fi\/potkuri\/wp-json\/wp\/v2\/media?parent=1770"}],"curies":[{"name":"wp","href":"https:\/\/api.w.org\/{rel}","templated":true}]}}