{"id":1736,"date":"2023-10-23T14:52:08","date_gmt":"2023-10-23T11:52:08","guid":{"rendered":"https:\/\/blog.edu.turku.fi\/paussi\/?page_id=1736"},"modified":"2026-01-12T14:13:59","modified_gmt":"2026-01-12T12:13:59","slug":"perusopetuksen-palvelupaallikot","status":"publish","type":"page","link":"https:\/\/blog.edu.turku.fi\/potkuri\/yhteystiedot\/perusopetuksen-palvelupaallikot\/","title":{"rendered":"Perusopetuksen palvelup\u00e4\u00e4llik\u00f6t"},"content":{"rendered":"<p>Marika Rae<br \/>\nErityispalvelup\u00e4\u00e4llikk\u00f6<br \/>\n040 1386701<br \/>\nmarika.rae@turku.fi<\/p>\n<p>Annika Rae<br \/>\nErityispalvelup\u00e4\u00e4llikk\u00f6<br \/>\n040 1964874<br \/>\nannika.rae@turku.fi<\/p>\n","protected":false},"excerpt":{"rendered":"<p>Marika Rae Erityispalvelup\u00e4\u00e4llikk\u00f6 040 1386701 marika.rae@turku.fi Annika Rae Erityispalvelup\u00e4\u00e4llikk\u00f6 040 1964874 annika.rae@turku.fi<\/p>\n","protected":false},"author":3384,"featured_media":0,"parent":1637,"menu_order":2,"comment_status":"closed","ping_status":"closed","template":"","meta":{"footnotes":""},"class_list":["post-1736","page","type-page","status-publish","hentry"],"_links":{"self":[{"href":"https:\/\/blog.edu.turku.fi\/potkuri\/wp-json\/wp\/v2\/pages\/1736","targetHints":{"allow":["GET"]}}],"collection":[{"href":"https:\/\/blog.edu.turku.fi\/potkuri\/wp-json\/wp\/v2\/pages"}],"about":[{"href":"https:\/\/blog.edu.turku.fi\/potkuri\/wp-json\/wp\/v2\/types\/page"}],"author":[{"embeddable":true,"href":"https:\/\/blog.edu.turku.fi\/potkuri\/wp-json\/wp\/v2\/users\/3384"}],"replies":[{"embeddable":true,"href":"https:\/\/blog.edu.turku.fi\/potkuri\/wp-json\/wp\/v2\/comments?post=1736"}],"version-history":[{"count":8,"href":"https:\/\/blog.edu.turku.fi\/potkuri\/wp-json\/wp\/v2\/pages\/1736\/revisions"}],"predecessor-version":[{"id":3015,"href":"https:\/\/blog.edu.turku.fi\/potkuri\/wp-json\/wp\/v2\/pages\/1736\/revisions\/3015"}],"up":[{"embeddable":true,"href":"https:\/\/blog.edu.turku.fi\/potkuri\/wp-json\/wp\/v2\/pages\/1637"}],"wp:attachment":[{"href":"https:\/\/blog.edu.turku.fi\/potkuri\/wp-json\/wp\/v2\/media?parent=1736"}],"curies":[{"name":"wp","href":"https:\/\/api.w.org\/{rel}","templated":true}]}}