{"id":17,"date":"2017-09-13T15:54:11","date_gmt":"2017-09-13T12:54:11","guid":{"rendered":"https:\/\/blog.edu.turku.fi\/paussi\/?page_id=17"},"modified":"2025-09-15T08:41:07","modified_gmt":"2025-09-15T05:41:07","slug":"ohjeita-ja-lomakkeita-oman-osaamisen-kehittamiseen","status":"publish","type":"page","link":"https:\/\/blog.edu.turku.fi\/potkuri\/ohjeita-ja-lomakkeita-oman-osaamisen-kehittamiseen\/","title":{"rendered":"Oman ty\u00f6n kehitt\u00e4minen"},"content":{"rendered":"<h6>Voit kehitt\u00e4\u00e4 omaa osaamistasi ja ty\u00f6t\u00e4si<\/h6>\n<ul>\n<li style=\"list-style-type: none\">\n<ul>\n<li style=\"list-style-type: none\">\n<ul>\n<li><strong>konsultoimalla<\/strong> muita opettajia, jos sinulla on pedagogista erityisosaamista<\/li>\n<li><strong>varjostamalla<\/strong> eli seuraamalla toisen opettajan opetus- ja ohjausty\u00f6t\u00e4<\/li>\n<li>osallistumalla <strong>vertaisryhm\u00e4mentorointiin<\/strong><\/li>\n<li>hakeutumalla <strong>ty\u00f6nohjaukseen<\/strong><\/li>\n<\/ul>\n<\/li>\n<\/ul>\n<\/li>\n<\/ul>\n<h6>Hakemukset ja lomakkeet <strong>L0-L4<\/strong><\/h6>\n<p><a href=\"https:\/\/blog.edu.turku.fi\/potkuri\/files\/2023\/11\/L0-Konsultointikaytanteet.pdf\"><strong>L0<\/strong> Konsultointik\u00e4yt\u00e4nteet<\/a><\/p>\n<p><a href=\"https:\/\/blog.edu.turku.fi\/potkuri\/files\/2025\/02\/Turun-kaupunki-konsultaation-palkkiolomake.pdf\" target=\"_blank\" rel=\"noopener\">L1 Konsultaation palkkiolomake<\/a><\/p>\n<p><a href=\"https:\/\/blog.edu.turku.fi\/potkuri\/files\/2024\/02\/L2-Hakemus-varjostukseen.pdf\" target=\"_blank\" rel=\"noopener\"><strong>L2<\/strong> Hakemus varjostukseen, opettajat<\/a><\/p>\n<p><a href=\"https:\/\/blog.edu.turku.fi\/potkuri\/files\/2023\/11\/L2.1-Hakemus-varjostukseen_koulunkaynnin-ohjaajat-uusin.pdf\"><strong>L2.1<\/strong> Hakemus varjostukseen, koulunk\u00e4ynninohjaajat<\/a><\/p>\n<p><a href=\"https:\/\/blog.edu.turku.fi\/potkuri\/files\/2023\/11\/L3-Palkkioiden-laskutuslomake-kopa-3.pdf\" target=\"_blank\" rel=\"noopener\"><strong>L3<\/strong> Palkkioiden laskutuslomake<\/a><\/p>\n<p><a href=\"https:\/\/blog.edu.turku.fi\/potkuri\/files\/2023\/11\/L4-Hakemus-vertaismentorointiin-uusin.pdf\"><strong>L4<\/strong> Hakemus vertaismentorointiin<\/a><\/p>\n<p>&nbsp;<\/p>\n","protected":false},"excerpt":{"rendered":"<p>Voit kehitt\u00e4\u00e4 omaa osaamistasi ja ty\u00f6t\u00e4si konsultoimalla muita opettajia, jos sinulla on pedagogista erityisosaamista varjostamalla eli seuraamalla toisen opettajan opetus- ja ohjausty\u00f6t\u00e4 osallistumalla vertaisryhm\u00e4mentorointiin hakeutumalla ty\u00f6nohjaukseen Hakemukset ja lomakkeet L0-L4 L0 Konsultointik\u00e4yt\u00e4nteet L1 Konsultaation palkkiolomake L2 Hakemus varjostukseen, opettajat L2.1<\/p>\n","protected":false},"author":135,"featured_media":0,"parent":0,"menu_order":2,"comment_status":"closed","ping_status":"closed","template":"","meta":{"footnotes":""},"class_list":["post-17","page","type-page","status-publish","hentry"],"_links":{"self":[{"href":"https:\/\/blog.edu.turku.fi\/potkuri\/wp-json\/wp\/v2\/pages\/17","targetHints":{"allow":["GET"]}}],"collection":[{"href":"https:\/\/blog.edu.turku.fi\/potkuri\/wp-json\/wp\/v2\/pages"}],"about":[{"href":"https:\/\/blog.edu.turku.fi\/potkuri\/wp-json\/wp\/v2\/types\/page"}],"author":[{"embeddable":true,"href":"https:\/\/blog.edu.turku.fi\/potkuri\/wp-json\/wp\/v2\/users\/135"}],"replies":[{"embeddable":true,"href":"https:\/\/blog.edu.turku.fi\/potkuri\/wp-json\/wp\/v2\/comments?post=17"}],"version-history":[{"count":87,"href":"https:\/\/blog.edu.turku.fi\/potkuri\/wp-json\/wp\/v2\/pages\/17\/revisions"}],"predecessor-version":[{"id":2754,"href":"https:\/\/blog.edu.turku.fi\/potkuri\/wp-json\/wp\/v2\/pages\/17\/revisions\/2754"}],"wp:attachment":[{"href":"https:\/\/blog.edu.turku.fi\/potkuri\/wp-json\/wp\/v2\/media?parent=17"}],"curies":[{"name":"wp","href":"https:\/\/api.w.org\/{rel}","templated":true}]}}