{"id":1561,"date":"2021-06-21T10:18:01","date_gmt":"2021-06-21T07:18:01","guid":{"rendered":"https:\/\/blog.edu.turku.fi\/paussi\/?page_id=1561"},"modified":"2021-08-04T10:08:43","modified_gmt":"2021-08-04T07:08:43","slug":"move","status":"publish","type":"page","link":"https:\/\/blog.edu.turku.fi\/potkuri\/move\/","title":{"rendered":"Move"},"content":{"rendered":"<p><a href=\"https:\/\/blog.edu.turku.fi\/move\/\">P\u00e4\u00e4set t\u00e4st\u00e4 linkist\u00e4 Turun perusopetuksen Move-blogiin<\/a><\/p>\n<p>&nbsp;<\/p>\n","protected":false},"excerpt":{"rendered":"<p>P\u00e4\u00e4set t\u00e4st\u00e4 linkist\u00e4 Turun perusopetuksen Move-blogiin &nbsp;<\/p>\n","protected":false},"author":9,"featured_media":0,"parent":0,"menu_order":0,"comment_status":"closed","ping_status":"closed","template":"","meta":{"footnotes":""},"class_list":["post-1561","page","type-page","status-publish","hentry"],"_links":{"self":[{"href":"https:\/\/blog.edu.turku.fi\/potkuri\/wp-json\/wp\/v2\/pages\/1561","targetHints":{"allow":["GET"]}}],"collection":[{"href":"https:\/\/blog.edu.turku.fi\/potkuri\/wp-json\/wp\/v2\/pages"}],"about":[{"href":"https:\/\/blog.edu.turku.fi\/potkuri\/wp-json\/wp\/v2\/types\/page"}],"author":[{"embeddable":true,"href":"https:\/\/blog.edu.turku.fi\/potkuri\/wp-json\/wp\/v2\/users\/9"}],"replies":[{"embeddable":true,"href":"https:\/\/blog.edu.turku.fi\/potkuri\/wp-json\/wp\/v2\/comments?post=1561"}],"version-history":[{"count":3,"href":"https:\/\/blog.edu.turku.fi\/potkuri\/wp-json\/wp\/v2\/pages\/1561\/revisions"}],"predecessor-version":[{"id":1566,"href":"https:\/\/blog.edu.turku.fi\/potkuri\/wp-json\/wp\/v2\/pages\/1561\/revisions\/1566"}],"wp:attachment":[{"href":"https:\/\/blog.edu.turku.fi\/potkuri\/wp-json\/wp\/v2\/media?parent=1561"}],"curies":[{"name":"wp","href":"https:\/\/api.w.org\/{rel}","templated":true}]}}