{"id":9,"date":"2024-01-23T15:13:33","date_gmt":"2024-01-23T13:13:33","guid":{"rendered":"https:\/\/blog.edu.turku.fi\/poljin\/?page_id=9"},"modified":"2025-06-12T15:31:55","modified_gmt":"2025-06-12T12:31:55","slug":"materiaalit","status":"publish","type":"page","link":"https:\/\/blog.edu.turku.fi\/poljin\/materiaalit\/","title":{"rendered":"Materiaalit"},"content":{"rendered":"<h4>Materiaalia<\/h4>\n<p><strong>Varhaiskasvatuksen opintopolku<\/strong><\/p>\n<ol>\n<li>Yliopistojen kartoitus -vaiheen materiaalit\n<ul>\n<li>Yliopistoyhteisty\u00f6n kartoitus, linkki<\/li>\n<li>Yliopistojen vertailu, pdf<\/li>\n<\/ul>\n<\/li>\n<li>Varhaiskasvatuksen opettajan opintopolkumalli, <a href=\"https:\/\/blog.edu.turku.fi\/poljin\/files\/2024\/11\/Varhaiskasvatuksen-opettajan-opintopolkumalli_1.11.2024.pdf\" target=\"_blank\" rel=\"noopener\">pdf<\/a>\n<ul>\n<li><a href=\"https:\/\/blog.edu.turku.fi\/poljin\/files\/2025\/02\/Winnova_POLJIN_tuotekortti_KK1_KK2_paikallisesti_tarjottava_tutkinnon_osa_malli.pdf\">L\u00e4nsirannikon koulutus Oy, Winnova<\/a><\/li>\n<li>Salon seudun ammattiopisto<\/li>\n<li>Lounais-Suomen koulutuskuntayhtym\u00e4<\/li>\n<li><a href=\"https:\/\/blog.edu.turku.fi\/poljin\/files\/2025\/02\/Linnasmaki_VAKA-polku-tyoelamassa-oleville.pdf\">Linnasm\u00e4en opisto<\/a><\/li>\n<li>Turun ammatti-instituutti, TAI<\/li>\n<\/ul>\n<\/li>\n<li>Paikallisesti tarjottava tutkinnon osa\n<ul>\n<li><a href=\"https:\/\/blog.edu.turku.fi\/poljin\/files\/2025\/02\/Winnova_POLJIN_Paikallisesti_tarjottava_tutkinnonosa_Kasvatustieteelliselle-alalle-suuntaavat-opinnot-15-osp.pdf\">L\u00e4nsirannikon Koulutus Oy, Winnova<\/a><\/li>\n<li>Salon seudun ammattiopisto<\/li>\n<li>Lounais-Suomen koulutuskuntayhtym\u00e4<\/li>\n<\/ul>\n<\/li>\n<li>Esittelymateriaali muille koulutuksen j\u00e4rjest\u00e4jille<\/li>\n<li>Ohjausmateriaali opiskelijoille<\/li>\n<li>Opintojen etenemisen seurannan toteutus<\/li>\n<li>Palautelomake<\/li>\n<\/ol>\n<p><strong>Sosiaali- ja terveysalan veto- ja pitovoima<\/strong><\/p>\n<ol>\n<li><a href=\"https:\/\/blog.edu.turku.fi\/poljin\/files\/2025\/04\/POLJIN-TAI-opintojen-esittelyvideo-1.mp4\" target=\"_blank\" rel=\"noopener\">POLJIN TAI opintojen esittelyvideo<\/a>, Turun ammatti-instituutti<\/li>\n<li><a href=\"https:\/\/www.youtube.com\/playlist?list=PLEAczzTMobau27Sm4-f6qs1TdqmcyLGGO\" target=\"_blank\" rel=\"noopener\">Sosiaali- ja terveysalan v\u00e4yl\u00e4n esittelyvideo<\/a>, Turun ammatti-instituutti\n<ol>\n<li><a href=\"https:\/\/youtu.be\/sYvvnLMpndA?si=rKLJ39Cy-gj08Vf5\" target=\"_blank\" rel=\"noopener\">Video osissa 1\/3<\/a><\/li>\n<li><a href=\"https:\/\/youtube.com\/shorts\/nou6psG5d-0?si=_BnijXt3SXe5xLRW\" target=\"_blank\" rel=\"noopener\">Video osissa 2\/3<\/a><\/li>\n<li><a href=\"https:\/\/youtube.com\/shorts\/2oAjB308O7w\" target=\"_blank\" rel=\"noopener\">Video osissa 3\/3<\/a><\/li>\n<\/ol>\n<\/li>\n<\/ol>\n","protected":false},"excerpt":{"rendered":"<p>Materiaalia Varhaiskasvatuksen opintopolku Yliopistojen kartoitus -vaiheen materiaalit Yliopistoyhteisty\u00f6n kartoitus, linkki Yliopistojen vertailu, pdf Varhaiskasvatuksen opettajan opintopolkumalli, pdf L\u00e4nsirannikon koulutus Oy, Winnova Salon seudun ammattiopisto Lounais-Suomen koulutuskuntayhtym\u00e4 Linnasm\u00e4en opisto Turun ammatti-instituutti, TAI Paikallisesti tarjottava tutkinnon osa L\u00e4nsirannikon Koulutus Oy, Winnova Salon seudun ammattiopisto Lounais-Suomen koulutuskuntayhtym\u00e4 Esittelymateriaali muille koulutuksen j\u00e4rjest\u00e4jille Ohjausmateriaali opiskelijoille Opintojen etenemisen seurannan toteutus Palautelomake &hellip; <a href=\"https:\/\/blog.edu.turku.fi\/poljin\/materiaalit\/\" class=\"more-link\">Jatka lukemista<span class=\"screen-reader-text\"> &#8221;Materiaalit&#8221;<\/span><\/a><\/p>\n","protected":false},"author":56,"featured_media":0,"parent":0,"menu_order":0,"comment_status":"closed","ping_status":"closed","template":"","meta":{"footnotes":""},"class_list":["post-9","page","type-page","status-publish","hentry"],"_links":{"self":[{"href":"https:\/\/blog.edu.turku.fi\/poljin\/wp-json\/wp\/v2\/pages\/9","targetHints":{"allow":["GET"]}}],"collection":[{"href":"https:\/\/blog.edu.turku.fi\/poljin\/wp-json\/wp\/v2\/pages"}],"about":[{"href":"https:\/\/blog.edu.turku.fi\/poljin\/wp-json\/wp\/v2\/types\/page"}],"author":[{"embeddable":true,"href":"https:\/\/blog.edu.turku.fi\/poljin\/wp-json\/wp\/v2\/users\/56"}],"replies":[{"embeddable":true,"href":"https:\/\/blog.edu.turku.fi\/poljin\/wp-json\/wp\/v2\/comments?post=9"}],"version-history":[{"count":6,"href":"https:\/\/blog.edu.turku.fi\/poljin\/wp-json\/wp\/v2\/pages\/9\/revisions"}],"predecessor-version":[{"id":246,"href":"https:\/\/blog.edu.turku.fi\/poljin\/wp-json\/wp\/v2\/pages\/9\/revisions\/246"}],"wp:attachment":[{"href":"https:\/\/blog.edu.turku.fi\/poljin\/wp-json\/wp\/v2\/media?parent=9"}],"curies":[{"name":"wp","href":"https:\/\/api.w.org\/{rel}","templated":true}]}}