{"id":19,"date":"2024-01-23T15:15:02","date_gmt":"2024-01-23T13:15:02","guid":{"rendered":"https:\/\/blog.edu.turku.fi\/poljin\/?page_id=19"},"modified":"2024-11-01T13:23:12","modified_gmt":"2024-11-01T11:23:12","slug":"jatko-opintokoordinaattori-ammatillisessa-koulutuksessa","status":"publish","type":"page","link":"https:\/\/blog.edu.turku.fi\/poljin\/tietoa-hankkeesta\/jatko-opintokoordinaattori-ammatillisessa-koulutuksessa\/","title":{"rendered":"Jatko-opintokoordinaattori ammatillisessa koulutuksessa"},"content":{"rendered":"<p>POLJIN &#8211; Polkuja jatko-opintoihin -hankkeessa kehitet\u00e4\u00e4n jatko-opintokoordinaattorin ty\u00f6nkuva, jota pilotoidaan hankkeessa.<br \/>\nJatko-opintokoordinaattorin edist\u00e4\u00e4 seuraavia jatkuvan oppimisen tuen teemoja:<\/p>\n<ul>\n<li style=\"list-style-type: none\">\n<ul>\n<li>opiskelijoiden ja ty\u00f6el\u00e4m\u00e4ss\u00e4 olevien jatko-opintovalmiudet<\/li>\n<li>ammatillisen koulutuksen j\u00e4rjest\u00e4jien ohjausosaaminen<\/li>\n<li>ohjausta tukevat menetelm\u00e4t ja v\u00e4lineet toisen asteen j\u00e4lkeiseen nivelvaiheeseen<\/li>\n<\/ul>\n<\/li>\n<\/ul>\n","protected":false},"excerpt":{"rendered":"<p>POLJIN &#8211; Polkuja jatko-opintoihin -hankkeessa kehitet\u00e4\u00e4n jatko-opintokoordinaattorin ty\u00f6nkuva, jota pilotoidaan hankkeessa. Jatko-opintokoordinaattorin edist\u00e4\u00e4 seuraavia jatkuvan oppimisen tuen teemoja: opiskelijoiden ja ty\u00f6el\u00e4m\u00e4ss\u00e4 olevien jatko-opintovalmiudet ammatillisen koulutuksen j\u00e4rjest\u00e4jien ohjausosaaminen ohjausta tukevat menetelm\u00e4t ja v\u00e4lineet toisen asteen j\u00e4lkeiseen nivelvaiheeseen<\/p>\n","protected":false},"author":56,"featured_media":0,"parent":23,"menu_order":0,"comment_status":"closed","ping_status":"closed","template":"","meta":{"footnotes":""},"class_list":["post-19","page","type-page","status-publish","hentry"],"_links":{"self":[{"href":"https:\/\/blog.edu.turku.fi\/poljin\/wp-json\/wp\/v2\/pages\/19","targetHints":{"allow":["GET"]}}],"collection":[{"href":"https:\/\/blog.edu.turku.fi\/poljin\/wp-json\/wp\/v2\/pages"}],"about":[{"href":"https:\/\/blog.edu.turku.fi\/poljin\/wp-json\/wp\/v2\/types\/page"}],"author":[{"embeddable":true,"href":"https:\/\/blog.edu.turku.fi\/poljin\/wp-json\/wp\/v2\/users\/56"}],"replies":[{"embeddable":true,"href":"https:\/\/blog.edu.turku.fi\/poljin\/wp-json\/wp\/v2\/comments?post=19"}],"version-history":[{"count":3,"href":"https:\/\/blog.edu.turku.fi\/poljin\/wp-json\/wp\/v2\/pages\/19\/revisions"}],"predecessor-version":[{"id":94,"href":"https:\/\/blog.edu.turku.fi\/poljin\/wp-json\/wp\/v2\/pages\/19\/revisions\/94"}],"up":[{"embeddable":true,"href":"https:\/\/blog.edu.turku.fi\/poljin\/wp-json\/wp\/v2\/pages\/23"}],"wp:attachment":[{"href":"https:\/\/blog.edu.turku.fi\/poljin\/wp-json\/wp\/v2\/media?parent=19"}],"curies":[{"name":"wp","href":"https:\/\/api.w.org\/{rel}","templated":true}]}}