{"id":17,"date":"2024-01-23T15:14:39","date_gmt":"2024-01-23T13:14:39","guid":{"rendered":"https:\/\/blog.edu.turku.fi\/poljin\/?page_id=17"},"modified":"2024-11-01T13:23:26","modified_gmt":"2024-11-01T11:23:26","slug":"sosiaali-ja-terveysalan-joustavat-ja-tyoelamalahtoiset-opintopolut","status":"publish","type":"page","link":"https:\/\/blog.edu.turku.fi\/poljin\/tietoa-hankkeesta\/sosiaali-ja-terveysalan-joustavat-ja-tyoelamalahtoiset-opintopolut\/","title":{"rendered":"Sosiaali- ja terveysalan joustavat ja ty\u00f6el\u00e4m\u00e4l\u00e4ht\u00f6iset opintopolut"},"content":{"rendered":"<p>Sosiaali- ja terveysalalla POLJIN &#8211; Polkuja jatko-opintoihin\u00a0 -hankkeen tavoitteena on alan veto- ja pitovoiman parantaminen. Koulutuksen vetovoimaa kohennetaan mm. suunnittelemalla ja toteuttamalla malleja ammattikelpoisuuden nopeampaan ja sujuvampaan hankkimiseen opiskelijoille, joilla on entuudestaan alan osaamista, esim. muualla suoritettu tutkinto jota ei Suomessa tunnusteta.<\/p>\n<p>Sosiaali- ja terveysalan kehitt\u00e4miskokonaisuudessa\u00a0 edistet\u00e4\u00e4n seuraavia teemoja:<\/p>\n<ul>\n<li style=\"list-style-type: none\">\n<ul>\n<li>autetaan ty\u00f6yhteis\u00f6j\u00e4 ohjaamaan ja tukemaan vastavalmistuneita ja alalla ty\u00f6skentelevi\u00e4 opiskelijoita; erityisen t\u00e4rke\u00e4\u00e4 t\u00e4m\u00e4 on maahanmuuttajien kohdalla.<\/li>\n<li>kehitet\u00e4\u00e4n ty\u00f6ntekij\u00f6iden ett\u00e4 ty\u00f6nantajien urasuunnitteluvalmiuksia.<\/li>\n<li>kehitet\u00e4\u00e4n t\u00e4ydennyskoulutuksiin sek\u00e4 ammatti- ja erityisammattitutkintoihin uralla eteenp\u00e4in vievi\u00e4 sis\u00e4lt\u00f6j\u00e4 yhdess\u00e4 ty\u00f6el\u00e4m\u00e4n kanssa.<\/li>\n<li>kehitet\u00e4\u00e4n jatkuvan haun kautta tulevien<br \/>\nopiskelijoiden p\u00e4tev\u00f6itymist\u00e4 mahdollisimman nopeasti hoiva-avustajiksi, mik\u00e4 mahdollistaa heid\u00e4n ty\u00f6llistymisens\u00e4 sote-alalle ja helpottaa oppisopimuskoulutusta.<\/li>\n<\/ul>\n<\/li>\n<\/ul>\n<p>&nbsp;<\/p>\n<p>&nbsp;<\/p>\n","protected":false},"excerpt":{"rendered":"<p>Sosiaali- ja terveysalalla POLJIN &#8211; Polkuja jatko-opintoihin\u00a0 -hankkeen tavoitteena on alan veto- ja pitovoiman parantaminen. Koulutuksen vetovoimaa kohennetaan mm. suunnittelemalla ja toteuttamalla malleja ammattikelpoisuuden nopeampaan ja sujuvampaan hankkimiseen opiskelijoille, joilla on entuudestaan alan osaamista, esim. muualla suoritettu tutkinto jota ei Suomessa tunnusteta. Sosiaali- ja terveysalan kehitt\u00e4miskokonaisuudessa\u00a0 edistet\u00e4\u00e4n seuraavia teemoja: autetaan ty\u00f6yhteis\u00f6j\u00e4 ohjaamaan ja tukemaan vastavalmistuneita &hellip; <a href=\"https:\/\/blog.edu.turku.fi\/poljin\/tietoa-hankkeesta\/sosiaali-ja-terveysalan-joustavat-ja-tyoelamalahtoiset-opintopolut\/\" class=\"more-link\">Jatka lukemista<span class=\"screen-reader-text\"> &#8221;Sosiaali- ja terveysalan joustavat ja ty\u00f6el\u00e4m\u00e4l\u00e4ht\u00f6iset opintopolut&#8221;<\/span><\/a><\/p>\n","protected":false},"author":56,"featured_media":0,"parent":23,"menu_order":0,"comment_status":"closed","ping_status":"closed","template":"","meta":{"footnotes":""},"class_list":["post-17","page","type-page","status-publish","hentry"],"_links":{"self":[{"href":"https:\/\/blog.edu.turku.fi\/poljin\/wp-json\/wp\/v2\/pages\/17","targetHints":{"allow":["GET"]}}],"collection":[{"href":"https:\/\/blog.edu.turku.fi\/poljin\/wp-json\/wp\/v2\/pages"}],"about":[{"href":"https:\/\/blog.edu.turku.fi\/poljin\/wp-json\/wp\/v2\/types\/page"}],"author":[{"embeddable":true,"href":"https:\/\/blog.edu.turku.fi\/poljin\/wp-json\/wp\/v2\/users\/56"}],"replies":[{"embeddable":true,"href":"https:\/\/blog.edu.turku.fi\/poljin\/wp-json\/wp\/v2\/comments?post=17"}],"version-history":[{"count":4,"href":"https:\/\/blog.edu.turku.fi\/poljin\/wp-json\/wp\/v2\/pages\/17\/revisions"}],"predecessor-version":[{"id":97,"href":"https:\/\/blog.edu.turku.fi\/poljin\/wp-json\/wp\/v2\/pages\/17\/revisions\/97"}],"up":[{"embeddable":true,"href":"https:\/\/blog.edu.turku.fi\/poljin\/wp-json\/wp\/v2\/pages\/23"}],"wp:attachment":[{"href":"https:\/\/blog.edu.turku.fi\/poljin\/wp-json\/wp\/v2\/media?parent=17"}],"curies":[{"name":"wp","href":"https:\/\/api.w.org\/{rel}","templated":true}]}}