{"id":168,"date":"2024-11-01T13:31:13","date_gmt":"2024-11-01T11:31:13","guid":{"rendered":"https:\/\/blog.edu.turku.fi\/poljin\/?page_id=168"},"modified":"2024-11-05T13:23:39","modified_gmt":"2024-11-05T11:23:39","slug":"sosionomipolku","status":"publish","type":"page","link":"https:\/\/blog.edu.turku.fi\/poljin\/poljinpolut\/sosionomipolku\/","title":{"rendered":"Sosionomipolku"},"content":{"rendered":"<p>Sosiaali- ja terveysalan koulutuksen vetovoiman lis\u00e4\u00e4miseksi POLJIN-hankkeessa kehitet\u00e4\u00e4n nopeampia, sujuvampia opintopolkuja alalle tuleville aikuisopiskelijoille, etenkin maahanmuuttajille.<\/p>\n<p>Koulutuksen vetovoimaa lis\u00e4t\u00e4\u00e4n my\u00f6s kehitt\u00e4m\u00e4ll\u00e4 jatko-opintopolkuja sosiaali- ja terveysalalle. Ryhm\u00e4hankkeen osatoteuttajat pilotoivat hankkeessa kehitetty\u00e4 sosionomipolkua. Opinnot toteutetaan yhteisty\u00f6ss\u00e4 Turun<br \/>\nammattikorkeakoulun kanssa. Opiskelijahaut aloitetaan kev\u00e4\u00e4ll\u00e4 2025 ja toteutus alkaa syksyll\u00e4 2025.<\/p>\n","protected":false},"excerpt":{"rendered":"<p>Sosiaali- ja terveysalan koulutuksen vetovoiman lis\u00e4\u00e4miseksi POLJIN-hankkeessa kehitet\u00e4\u00e4n nopeampia, sujuvampia opintopolkuja alalle tuleville aikuisopiskelijoille, etenkin maahanmuuttajille. Koulutuksen vetovoimaa lis\u00e4t\u00e4\u00e4n my\u00f6s kehitt\u00e4m\u00e4ll\u00e4 jatko-opintopolkuja sosiaali- ja terveysalalle. Ryhm\u00e4hankkeen osatoteuttajat pilotoivat hankkeessa kehitetty\u00e4 sosionomipolkua. Opinnot toteutetaan yhteisty\u00f6ss\u00e4 Turun ammattikorkeakoulun kanssa. Opiskelijahaut aloitetaan kev\u00e4\u00e4ll\u00e4 2025 ja toteutus alkaa syksyll\u00e4 2025.<\/p>\n","protected":false},"author":3136,"featured_media":0,"parent":12,"menu_order":0,"comment_status":"closed","ping_status":"closed","template":"","meta":{"footnotes":""},"class_list":["post-168","page","type-page","status-publish","hentry"],"_links":{"self":[{"href":"https:\/\/blog.edu.turku.fi\/poljin\/wp-json\/wp\/v2\/pages\/168","targetHints":{"allow":["GET"]}}],"collection":[{"href":"https:\/\/blog.edu.turku.fi\/poljin\/wp-json\/wp\/v2\/pages"}],"about":[{"href":"https:\/\/blog.edu.turku.fi\/poljin\/wp-json\/wp\/v2\/types\/page"}],"author":[{"embeddable":true,"href":"https:\/\/blog.edu.turku.fi\/poljin\/wp-json\/wp\/v2\/users\/3136"}],"replies":[{"embeddable":true,"href":"https:\/\/blog.edu.turku.fi\/poljin\/wp-json\/wp\/v2\/comments?post=168"}],"version-history":[{"count":3,"href":"https:\/\/blog.edu.turku.fi\/poljin\/wp-json\/wp\/v2\/pages\/168\/revisions"}],"predecessor-version":[{"id":185,"href":"https:\/\/blog.edu.turku.fi\/poljin\/wp-json\/wp\/v2\/pages\/168\/revisions\/185"}],"up":[{"embeddable":true,"href":"https:\/\/blog.edu.turku.fi\/poljin\/wp-json\/wp\/v2\/pages\/12"}],"wp:attachment":[{"href":"https:\/\/blog.edu.turku.fi\/poljin\/wp-json\/wp\/v2\/media?parent=168"}],"curies":[{"name":"wp","href":"https:\/\/api.w.org\/{rel}","templated":true}]}}