{"id":166,"date":"2024-11-01T13:30:49","date_gmt":"2024-11-01T11:30:49","guid":{"rendered":"https:\/\/blog.edu.turku.fi\/poljin\/?page_id=166"},"modified":"2025-04-07T13:35:08","modified_gmt":"2025-04-07T10:35:08","slug":"varhaiskasvatuksen-opettajan-opintopolku","status":"publish","type":"page","link":"https:\/\/blog.edu.turku.fi\/poljin\/poljinpolut\/varhaiskasvatuksen-opettajan-opintopolku\/","title":{"rendered":"Varhaiskasvatuksen opettajan opintopolku"},"content":{"rendered":"<p>POLJIN-hankkeessa on rakennettu varhaiskasvatuksen opettajan opintoihin johtava opintopolku sek\u00e4 ammatillisessa koulutuksessa sosiaali- ja terveysalaa tai kasvatus- ja opetusalaa opiskeleville ett\u00e4 ty\u00f6el\u00e4m\u00e4ss\u00e4 jo olevien varhaiskasvatuksen lastenhoitajille.<\/p>\n<p>Varhaiskasvatuksen opettajan opintopolku on jatkokehitetty Linnasm\u00e4en opiston (Turun kristillinen opisto) kehitt\u00e4m\u00e4st\u00e4 mallista. Jatkokehitt\u00e4misen yhteydess\u00e4 hankkeessa kartoitettiin<span class=\"OYPEnA font-feature-liga-off font-feature-clig-off font-feature-calt-off text-decoration-none text-strikethrough-none\"> yhteisty\u00f6yliopistoja; mm. niiden tarjoamaa avoimia kasvatustieteen opintoja, opintojen aikataulua ja opintojen ohjauksen antamisen edellytyksi\u00e4. Kartoituksen perusteella hankeorganisaatiot ovat p\u00e4\u00e4tyneet yhteisty\u00f6h\u00f6n It\u00e4-Suomen avoimen yliopiston ja Turun avoimen yliopiston kanssa. My\u00f6s\u00a0 TKO jatkokehitt\u00e4j\u00e4\u00e4 ja pilotoi malleja.<\/span><\/p>\n<p>Polkujen kehitt\u00e4misess\u00e4 on huomioitu organisaatiokohtaiset eroavaisuudet.<\/p>\n<h4>Opiskelijoille tarjonnassa olevat opintopolut (syksy 2024)<\/h4>\n<ul>\n<li>Salon seudun ammattiopisti, SSKKY; <a href=\"https:\/\/sskky.fi\/koulutukset\/kasvatustiede-tutuksi\/\" target=\"_blank\" rel=\"noopener\">linkki<\/a><\/li>\n<li>L\u00e4nsirannikon Koulutus Oy, Winnova; <a href=\"https:\/\/www.winnova.fi\/koulutustarjonta\/koulutushaku\/koulutus\/kasvatustieteelliselle-alalle-suuntaavat-opinnot-15-osp\/\" target=\"_blank\" rel=\"noopener\">linkki<\/a><\/li>\n<li>Lounais-Suomen koulutuskuntayhtym\u00e4, Novida; <a href=\"https:\/\/www.novida.fi\/ajankohtaista\/aiotko-varhaiskasvatuksen-opettajaksi\/\" target=\"_blank\" rel=\"noopener\">linkki<\/a><\/li>\n<li>Linnasm\u00e4en opisto; <a href=\"https:\/\/blog.edu.turku.fi\/poljin\/files\/2024\/11\/LINNASMAKI-Aiotko-varhaiskasvatuksen-opettajaksi.pdf\">esite<\/a><\/li>\n<li>Turun ammatti-instituutti, TAI; <a href=\"https:\/\/blog.edu.turku.fi\/poljin\/files\/2025\/02\/POLJIN-Varhaiskasvatusalan-esite_2025.pdf\" target=\"_blank\" rel=\"noopener\">Esite<\/a><\/li>\n<\/ul>\n<ol>\n<li style=\"list-style-type: none\"><\/li>\n<\/ol>\n<p>&nbsp;<\/p>\n","protected":false},"excerpt":{"rendered":"<p>POLJIN-hankkeessa on rakennettu varhaiskasvatuksen opettajan opintoihin johtava opintopolku sek\u00e4 ammatillisessa koulutuksessa sosiaali- ja terveysalaa tai kasvatus- ja opetusalaa opiskeleville ett\u00e4 ty\u00f6el\u00e4m\u00e4ss\u00e4 jo olevien varhaiskasvatuksen lastenhoitajille. Varhaiskasvatuksen opettajan opintopolku on jatkokehitetty Linnasm\u00e4en opiston (Turun kristillinen opisto) kehitt\u00e4m\u00e4st\u00e4 mallista. Jatkokehitt\u00e4misen yhteydess\u00e4 hankkeessa kartoitettiin yhteisty\u00f6yliopistoja; mm. niiden tarjoamaa avoimia kasvatustieteen opintoja, opintojen aikataulua ja opintojen ohjauksen antamisen edellytyksi\u00e4. &hellip; <a href=\"https:\/\/blog.edu.turku.fi\/poljin\/poljinpolut\/varhaiskasvatuksen-opettajan-opintopolku\/\" class=\"more-link\">Jatka lukemista<span class=\"screen-reader-text\"> &#8221;Varhaiskasvatuksen opettajan opintopolku&#8221;<\/span><\/a><\/p>\n","protected":false},"author":3136,"featured_media":0,"parent":12,"menu_order":0,"comment_status":"closed","ping_status":"closed","template":"","meta":{"footnotes":""},"class_list":["post-166","page","type-page","status-publish","hentry"],"_links":{"self":[{"href":"https:\/\/blog.edu.turku.fi\/poljin\/wp-json\/wp\/v2\/pages\/166","targetHints":{"allow":["GET"]}}],"collection":[{"href":"https:\/\/blog.edu.turku.fi\/poljin\/wp-json\/wp\/v2\/pages"}],"about":[{"href":"https:\/\/blog.edu.turku.fi\/poljin\/wp-json\/wp\/v2\/types\/page"}],"author":[{"embeddable":true,"href":"https:\/\/blog.edu.turku.fi\/poljin\/wp-json\/wp\/v2\/users\/3136"}],"replies":[{"embeddable":true,"href":"https:\/\/blog.edu.turku.fi\/poljin\/wp-json\/wp\/v2\/comments?post=166"}],"version-history":[{"count":9,"href":"https:\/\/blog.edu.turku.fi\/poljin\/wp-json\/wp\/v2\/pages\/166\/revisions"}],"predecessor-version":[{"id":226,"href":"https:\/\/blog.edu.turku.fi\/poljin\/wp-json\/wp\/v2\/pages\/166\/revisions\/226"}],"up":[{"embeddable":true,"href":"https:\/\/blog.edu.turku.fi\/poljin\/wp-json\/wp\/v2\/pages\/12"}],"wp:attachment":[{"href":"https:\/\/blog.edu.turku.fi\/poljin\/wp-json\/wp\/v2\/media?parent=166"}],"curies":[{"name":"wp","href":"https:\/\/api.w.org\/{rel}","templated":true}]}}