{"id":15,"date":"2024-01-23T15:14:21","date_gmt":"2024-01-23T13:14:21","guid":{"rendered":"https:\/\/blog.edu.turku.fi\/poljin\/?page_id=15"},"modified":"2024-11-01T13:23:50","modified_gmt":"2024-11-01T11:23:50","slug":"varhaiskasvatuksen-opettajan-joustavat-ja-tyoelamalahtoiset-opintopolut","status":"publish","type":"page","link":"https:\/\/blog.edu.turku.fi\/poljin\/tietoa-hankkeesta\/varhaiskasvatuksen-opettajan-joustavat-ja-tyoelamalahtoiset-opintopolut\/","title":{"rendered":"Varhaiskasvatuksen opettajan joustavat ja ty\u00f6el\u00e4m\u00e4l\u00e4ht\u00f6iset opintopolut"},"content":{"rendered":"<pre>POLJIN - Polkuja jatko-opintoihin hankkeessa rakennetaan varhaiskasvatuksen opettajaopintoihin johtava opintopolku sek\u00e4 ammatillisista opiskelijoista ett\u00e4 ty\u00f6el\u00e4m\u00e4ss\u00e4 \r\nolevista varhaiskasvatuksen lastenhoitajista. \r\n\r\nTy\u00f6el\u00e4m\u00e4ss\u00e4 jo olevien varhaiskasvatuksen lastenhoitajien jatkuvan oppimisen tueksi hankkeessa levitet\u00e4\u00e4n ja jatkokehitet\u00e4\u00e4n Turun kristillisen opiston rakentamaa, ty\u00f6n ohessa suoritettavaa VO-koulutuspolun mallia.\r\n\r\nOletko kiinnostunut opiskelemaan varhaiskasvatuksen opettajaopintoja osana ammatillisen koulutuksen perustutkintoa? Tai ty\u00f6n ohessa?\r\n\r\nOta yhteytt\u00e4:\r\nMiia Lehtonen\r\nProjektip\u00e4\u00e4llikk\u00f6\r\nmiia.m.lehtonen(a)turku.fi<\/pre>\n<p>&nbsp;<\/p>\n","protected":false},"excerpt":{"rendered":"<p>POLJIN &#8211; Polkuja jatko-opintoihin hankkeessa rakennetaan varhaiskasvatuksen opettajaopintoihin johtava opintopolku sek\u00e4 ammatillisista opiskelijoista ett\u00e4 ty\u00f6el\u00e4m\u00e4ss\u00e4 olevista varhaiskasvatuksen lastenhoitajista. Ty\u00f6el\u00e4m\u00e4ss\u00e4 jo olevien varhaiskasvatuksen lastenhoitajien jatkuvan oppimisen tueksi hankkeessa levitet\u00e4\u00e4n ja jatkokehitet\u00e4\u00e4n Turun kristillisen opiston rakentamaa, ty\u00f6n ohessa suoritettavaa VO-koulutuspolun mallia. Oletko kiinnostunut opiskelemaan varhaiskasvatuksen opettajaopintoja osana ammatillisen koulutuksen perustutkintoa? Tai ty\u00f6n ohessa? Ota yhteytt\u00e4: Miia Lehtonen &hellip; <a href=\"https:\/\/blog.edu.turku.fi\/poljin\/tietoa-hankkeesta\/varhaiskasvatuksen-opettajan-joustavat-ja-tyoelamalahtoiset-opintopolut\/\" class=\"more-link\">Jatka lukemista<span class=\"screen-reader-text\"> &#8221;Varhaiskasvatuksen opettajan joustavat ja ty\u00f6el\u00e4m\u00e4l\u00e4ht\u00f6iset opintopolut&#8221;<\/span><\/a><\/p>\n","protected":false},"author":56,"featured_media":0,"parent":23,"menu_order":0,"comment_status":"closed","ping_status":"closed","template":"","meta":{"footnotes":""},"class_list":["post-15","page","type-page","status-publish","hentry"],"_links":{"self":[{"href":"https:\/\/blog.edu.turku.fi\/poljin\/wp-json\/wp\/v2\/pages\/15","targetHints":{"allow":["GET"]}}],"collection":[{"href":"https:\/\/blog.edu.turku.fi\/poljin\/wp-json\/wp\/v2\/pages"}],"about":[{"href":"https:\/\/blog.edu.turku.fi\/poljin\/wp-json\/wp\/v2\/types\/page"}],"author":[{"embeddable":true,"href":"https:\/\/blog.edu.turku.fi\/poljin\/wp-json\/wp\/v2\/users\/56"}],"replies":[{"embeddable":true,"href":"https:\/\/blog.edu.turku.fi\/poljin\/wp-json\/wp\/v2\/comments?post=15"}],"version-history":[{"count":3,"href":"https:\/\/blog.edu.turku.fi\/poljin\/wp-json\/wp\/v2\/pages\/15\/revisions"}],"predecessor-version":[{"id":92,"href":"https:\/\/blog.edu.turku.fi\/poljin\/wp-json\/wp\/v2\/pages\/15\/revisions\/92"}],"up":[{"embeddable":true,"href":"https:\/\/blog.edu.turku.fi\/poljin\/wp-json\/wp\/v2\/pages\/23"}],"wp:attachment":[{"href":"https:\/\/blog.edu.turku.fi\/poljin\/wp-json\/wp\/v2\/media?parent=15"}],"curies":[{"name":"wp","href":"https:\/\/api.w.org\/{rel}","templated":true}]}}