{"id":106,"date":"2024-03-26T13:14:20","date_gmt":"2024-03-26T11:14:20","guid":{"rendered":"https:\/\/blog.edu.turku.fi\/poljin\/?page_id=106"},"modified":"2025-11-26T14:17:06","modified_gmt":"2025-11-26T12:17:06","slug":"tapahtumat","status":"publish","type":"page","link":"https:\/\/blog.edu.turku.fi\/poljin\/tapahtumat\/","title":{"rendered":"Tapahtumat"},"content":{"rendered":"<h3><strong>POLJIN &#8211; Polkuja jatko-opintoihin -hankkeen tulevia tapahtumia ja tilaisuuksia<\/strong><\/h3>\n<p>To 15.1. Puuvilla t\u00e4ynn\u00e4 WinNovaa -tapahtuma<\/p>\n<p>Ti 20.1.2026 Arviointiaamup\u00e4iv\u00e4 klo 8.30-11.00<\/p>\n<p><span style=\"font-size: 16px;font-weight: 400\">Polut ammatillisesta koulutuksesta korkeakouluun &#8211; info<br \/>\n<\/span><span style=\"font-size: 16px;font-weight: 400\">ti 27.1.2026 klo 14.15-15.00<br \/>\nAmmatillisen koulutuksen jatko-opintojen koordinaatiomalli<br \/>\n<\/span><a href=\"https:\/\/teams.microsoft.com\/l\/meetup-join\/19%3ameeting_MTkxMDM2NGUtODFkMy00MzRkLTg2MzMtYjQ0NTRlNTliNjU0%40thread.v2\/0?context=%7b%22Tid%22%3a%226c5e2c8a-d3f0-4a0b-9658-42502c73e17b%22%2c%22Oid%22%3a%227cc0138b-adde-4046-ba41-6e2be403aba3%22%7d\">Liity kokoukseen nyt<\/a><br \/>\nEsite: <a href=\"https:\/\/blog.edu.turku.fi\/poljin\/files\/2025\/11\/ti-27.1.2026_Polut-ammatillisesta-koulutuksesta-korkeakouluun-1.pdf\" target=\"_blank\" rel=\"noopener\">ti 27.1.2026<\/a><\/p>\n<p>To 19.3.2026 Kehitt\u00e4misp\u00e4iv\u00e4<\/p>\n<p>Ti 24.3.2026 klo 14.15-15.00 Ammatillisesta koulutuksesta varhaiskasvatuksen opettaja opintoihin<br \/>\n<a href=\"https:\/\/teams.microsoft.com\/l\/meetup-join\/19%3ameeting_ZTIzM2UzNjEtMTg5OS00MWZkLWJiYWQtNDc2MTQ4MzY2NjQ1%40thread.v2\/0?context=%7b%22Tid%22%3a%226c5e2c8a-d3f0-4a0b-9658-42502c73e17b%22%2c%22Oid%22%3a%227cc0138b-adde-4046-ba41-6e2be403aba3%22%7d\">Liity kokoukseen nyt<\/a><br \/>\nEsite: <a href=\"https:\/\/blog.edu.turku.fi\/poljin\/files\/2025\/11\/ti-24.3.2026_Polut-ammatillisesta-koulutuksesta-korkeakouluun.pdf\" target=\"_blank\" rel=\"noopener\">ti 24.3.2026<\/a><\/p>\n<p>ti 26.5.2026 klo 14.15-15.00 Sosiaali- ja terveysalan nopeutetut ja joustavat polut<br \/>\n<a href=\"https:\/\/teams.microsoft.com\/l\/meetup-join\/19%3ameeting_YjBmMTc4NWQtMDhhOS00N2IxLTgyM2MtOTViZGQ5NjNjZmY4%40thread.v2\/0?context=%7b%22Tid%22%3a%226c5e2c8a-d3f0-4a0b-9658-42502c73e17b%22%2c%22Oid%22%3a%227cc0138b-adde-4046-ba41-6e2be403aba3%22%7d\">Liity kokoukseen nyt<\/a><br \/>\nEsite: <a href=\"https:\/\/blog.edu.turku.fi\/poljin\/files\/2025\/11\/Ti-26.5.2026_Polut-ammatillisesta-koulutuksesta-korkeakouluun-3.pdf\" target=\"_blank\" rel=\"noopener\">Ti 26.5.2026<\/a><\/p>\n<h3>Menneet tapahtumat ja tilaisuudet<\/h3>\n<ul>\n<li>13.11.2025 POLJIN Ty\u00f6pajap\u00e4iv\u00e4, Loimaa<\/li>\n<li>28.10. 2025 Turun ammatti-instituutin ja Turun AMK kehitt\u00e4misristeily<\/li>\n<li>18.9.2025 POLJIN Kehitt\u00e4misp\u00e4iv\u00e4, Linnasm\u00e4ki<\/li>\n<li>21.8.2025 POLJIN sis\u00e4inen ty\u00f6pajap\u00e4iv\u00e4, Turku<\/li>\n<li>22.5.2025 Arviointiaamup\u00e4iv\u00e4; II toimintavuosi<\/li>\n<li>5.-8.5.2025 TAITAJA 2025 -tapahtuma, Turku<\/li>\n<li>20.3.2025 Ohjausryhm\u00e4n kokous<\/li>\n<li>19.-20.3. Ty\u00f6paja- ja kehitt\u00e4misp\u00e4iv\u00e4, Turku<\/li>\n<li>5.2.25 Rekry-messut, Salo<\/li>\n<li>24.-25.1.25 Rekry-messut, Loimaa<\/li>\n<li>23.1.25 Rekry-messut, Uusikaupunki<\/li>\n<li>22.1.25 Lukio-infot, Salo<\/li>\n<li>16.1.25 Rekry-messut, Naantali<\/li>\n<li>INFO: Varhaiskasvatuksen opettajan opinnot ammatillisessa koulutuksessa.<br \/>\nHanke j\u00e4rjest\u00e4\u00e4 Teams-tapaamisen, jossa jaamme vinkkej\u00e4 ja kokemuksia koulutuspolkujen kehitt\u00e4misest\u00e4 ja toteutuksesta.<br \/>\nKeskiviikko 11.12.2024 klo 8:30-9:30 Teams<\/li>\n<li>Ammatillisen koulutuksen kehitt\u00e4misen hankep\u00e4iv\u00e4 \u2013 Hyv\u00e4t k\u00e4yt\u00e4nn\u00f6t jakoon (OPH). POLJIN mukana tuotetorilla.<br \/>\nKeskiviikkona 6.11.2024.<br \/>\nTilaisuuden materiaalit: <a href=\"https:\/\/www.oph.fi\/fi\/tapahtumat\/2024\/ammatillisen-koulutuksen-kehittamisen-hankepaiva-hyvat-kaytannot-jakoon\" target=\"_blank\" rel=\"noopener\">Linkki<\/a><\/li>\n<li>Kehitt\u00e4misp\u00e4iv\u00e4, Koululaiva Bore, Turku<br \/>\nTorstaina 5.9.2024 klo 8:30-14:00<br \/>\n<a href=\"https:\/\/blog.edu.turku.fi\/poljin\/files\/2024\/08\/POLJIN-kutsu_kehittamispaiva-5.9.2024.pdf\">POLJIN kutsu_kehitt\u00e4misp\u00e4iv\u00e4 5.9.2024<\/a><\/li>\n<li>Ohjausryhm\u00e4n kokous, Koululaiva Bore, Turku<br \/>\nMy\u00f6s et\u00e4osallistumismahdollisuus<br \/>\nTorstaina 5.9.2024 klo 14:00-16:00<\/li>\n<li>Kehitt\u00e4misp\u00e4iv\u00e4, Linnasm\u00e4en opisto, Turku<br \/>\nKeskiviikkon 6.3.2024<br \/>\n<a href=\"https:\/\/blog.edu.turku.fi\/poljin\/files\/2024\/03\/1.-POLJIN_Kehittamispaiva_kutsu_6.3.2024.pdf\">1. POLJIN_Kehitt\u00e4misp\u00e4iv\u00e4_kutsu_6.3.2024<\/a><\/li>\n<li>POLIN-hanke kutsuu sinut osallistumaan info iltap\u00e4iv\u00e4\u00e4n, jossa kerromme<br \/>\nmm. ensi k\u00e4den tietoa ty\u00f6n ohessa suoritettavasta varhaiskasvatuksen<br \/>\nopettaja opintoihin suuntaavasta koulutuspolusta.<br \/>\nKeskiviikkona 8.5.2024 klo 12.30\u201314.30<br \/>\nJ\u00e4rjest\u00e4\u00e4: Turun ammatti-instituutti<br \/>\n<a href=\"https:\/\/blog.edu.turku.fi\/poljin\/files\/2024\/03\/POLJIN_Kutsu-8.5.2024-tilaisuuteen-TAI-Ruiskatu.pdf\">POLJIN_Kutsu 8.5.2024 tilaisuuteen TAI Ruiskatu<\/a><\/li>\n<li>\n<div class=\"x_elementToProof\">2.5.2024 AMKE yhteisty\u00f6palaveri<\/div>\n<\/li>\n<li>3.5.2024 POLJIN, OPH, OKM &#8211; yhteisty\u00f6tapaaminen<\/li>\n<li>\n<div class=\"x_elementToProof\">24.5.2024 8.30\u201311.00 POLJIN Arviointitilaisuus<\/div>\n<\/li>\n<\/ul>\n<p>&nbsp;<\/p>\n","protected":false},"excerpt":{"rendered":"<p>POLJIN &#8211; Polkuja jatko-opintoihin -hankkeen tulevia tapahtumia ja tilaisuuksia To 15.1. Puuvilla t\u00e4ynn\u00e4 WinNovaa -tapahtuma Ti 20.1.2026 Arviointiaamup\u00e4iv\u00e4 klo 8.30-11.00 Polut ammatillisesta koulutuksesta korkeakouluun &#8211; info ti 27.1.2026 klo 14.15-15.00 Ammatillisen koulutuksen jatko-opintojen koordinaatiomalli Liity kokoukseen nyt Esite: ti 27.1.2026 To 19.3.2026 Kehitt\u00e4misp\u00e4iv\u00e4 Ti 24.3.2026 klo 14.15-15.00 Ammatillisesta koulutuksesta varhaiskasvatuksen opettaja opintoihin Liity kokoukseen nyt &hellip; <a href=\"https:\/\/blog.edu.turku.fi\/poljin\/tapahtumat\/\" class=\"more-link\">Jatka lukemista<span class=\"screen-reader-text\"> &#8221;Tapahtumat&#8221;<\/span><\/a><\/p>\n","protected":false},"author":3136,"featured_media":0,"parent":0,"menu_order":0,"comment_status":"closed","ping_status":"closed","template":"","meta":{"footnotes":""},"class_list":["post-106","page","type-page","status-publish","hentry"],"_links":{"self":[{"href":"https:\/\/blog.edu.turku.fi\/poljin\/wp-json\/wp\/v2\/pages\/106","targetHints":{"allow":["GET"]}}],"collection":[{"href":"https:\/\/blog.edu.turku.fi\/poljin\/wp-json\/wp\/v2\/pages"}],"about":[{"href":"https:\/\/blog.edu.turku.fi\/poljin\/wp-json\/wp\/v2\/types\/page"}],"author":[{"embeddable":true,"href":"https:\/\/blog.edu.turku.fi\/poljin\/wp-json\/wp\/v2\/users\/3136"}],"replies":[{"embeddable":true,"href":"https:\/\/blog.edu.turku.fi\/poljin\/wp-json\/wp\/v2\/comments?post=106"}],"version-history":[{"count":12,"href":"https:\/\/blog.edu.turku.fi\/poljin\/wp-json\/wp\/v2\/pages\/106\/revisions"}],"predecessor-version":[{"id":269,"href":"https:\/\/blog.edu.turku.fi\/poljin\/wp-json\/wp\/v2\/pages\/106\/revisions\/269"}],"wp:attachment":[{"href":"https:\/\/blog.edu.turku.fi\/poljin\/wp-json\/wp\/v2\/media?parent=106"}],"curies":[{"name":"wp","href":"https:\/\/api.w.org\/{rel}","templated":true}]}}