{"id":994,"date":"2020-05-13T14:06:26","date_gmt":"2020-05-13T11:06:26","guid":{"rendered":"https:\/\/blog.edu.turku.fi\/pml\/?page_id=994"},"modified":"2025-08-21T13:06:00","modified_gmt":"2025-08-21T10:06:00","slug":"opiskelijakunta","status":"publish","type":"page","link":"https:\/\/blog.edu.turku.fi\/pml\/opiskelijalle\/opiskelijakunta\/","title":{"rendered":"Opiskelijakunta PML OPKH"},"content":{"rendered":"<p>Lukiomme opiskelijakunnan hallitus koostuu vuosittain \u00e4\u00e4nestystilaisuudessa valituista eri vuosiluokkien edustajista, joita yhdist\u00e4\u00e4 halu kohentaa koulun (ennest\u00e4\u00e4nkin loistavaa) ilmapiiri\u00e4 ja toimia viihtyvyyden edist\u00e4jin\u00e4.<\/p>\n<p>T\u00e4ht\u00e4\u00e4mme tavoitteisiimme yhteishengen nostattajina j\u00e4rjest\u00e4m\u00e4ll\u00e4 lukiomme opiskelijoille, yst\u00e4villemme, erilaisia virkistystapahtumia, kuten bileit\u00e4. Mainion yhteishengen omaavalla opiskelijakunnallamme on mm. monivuotinen perinne vuotuisen &#8221;poropalkintogaalan&#8221; (hupimielinen joulun alla j\u00e4rjestett\u00e4v\u00e4 palkintotilaisuus) j\u00e4rjest\u00e4misess\u00e4.<\/p>\n<p>Pyrimme my\u00f6s toimimaan v\u00e4lik\u00e4ten\u00e4 opettajakunnan ja opiskelijoiden v\u00e4lill\u00e4, ja opiskelijoiden vanhemmat saattavat tavata meit\u00e4 hyv\u00e4ll\u00e4 todenn\u00e4k\u00f6isyydell\u00e4 kotiv\u00e4en illoissa jne.<\/p>\n<p>Haluamme aina kehitty\u00e4 ja oppia lis\u00e4\u00e4, ja siksi otamme mielell\u00e4mme vastaan opiskelijoiden vinkkej\u00e4 ja ideoita toimintaamme koskien. Koulumme yhteishenki on mahtava, mutta hallituksen avulla voimme viel\u00e4 lis\u00e4t\u00e4 sen mahtavuutta!<\/p>\n<p>Koko hallituksen toiminta t\u00e4ht\u00e4\u00e4 opiskelijoiden olon parantamiseen ja opiskeluarjen monipuolistamiseen &#8211; meille voi siis suoraan tulla juttelemaan, jos on kehitysehdotuksia, ideoita tai palautetta.<\/p>\n<p>Lukion pit\u00e4isi olla kivaa kaikille taustasta huolimatta. Puolalanm\u00e4ess\u00e4 me olemme suvaitsevaisia ja avoimia kaikkia kohtaan, ja me hallituksen kanssa tuemme yhdenvertaisuutta omalla toiminnallamme. Jokaisella meist\u00e4 opiskelijoista tulee olla kuuluva ja kantava \u00e4\u00e4ni, ja jokaisella tulee olla mahdollisuus muokata opiskeluymp\u00e4rist\u00f6\u00e4\u00e4n yhdenvertaisesti.<\/p>\n<p>T\u00e4rke\u00e4 osa lukio-opiskelua on kielt\u00e4m\u00e4tt\u00e4 hauskanpito ja mukavuus. T\u00e4ht\u00e4\u00e4mme hallituksessa parantamaan jokaisen opiskelijan arkea erilaisilla tapahtumilla, kahvituksilla ja muilla erilaisilla toiminnoilla.<\/p>\n<p>Opiskelijakunnalla on omat sivut l\u00f6ytyv\u00e4t osoitteesta <a href=\"https:\/\/opkhpml.wixsite.com\/website\" target=\"_blank\" rel=\"noopener\">https:\/\/opkhpml.wixsite.com\/website<\/a>. Sielt\u00e4 l\u00f6ytyv\u00e4t hallituksen kokousten p\u00f6yt\u00e4kirjat ja tietoa hallituksen j\u00e4senist\u00e4.<\/p>\n<p>Vuonna 2025 hallituksen puheenjohtajana toimii Ilari Niukko ja ohjaavana opettajana Harri Viljanen.<\/p>\n<p>&nbsp;<\/p>\n","protected":false},"excerpt":{"rendered":"<p>Lukiomme opiskelijakunnan hallitus koostuu vuosittain \u00e4\u00e4nestystilaisuudessa valituista eri vuosiluokkien edustajista, joita yhdist\u00e4\u00e4 halu kohentaa koulun (ennest\u00e4\u00e4nkin loistavaa) ilmapiiri\u00e4 ja toimia viihtyvyyden edist\u00e4jin\u00e4. T\u00e4ht\u00e4\u00e4mme tavoitteisiimme yhteishengen nostattajina j\u00e4rjest\u00e4m\u00e4ll\u00e4 lukiomme opiskelijoille, yst\u00e4villemme, erilaisia virkistystapahtumia, kuten bileit\u00e4. Mainion yhteishengen omaavalla opiskelijakunnallamme on mm.<\/p>\n","protected":false},"author":95,"featured_media":0,"parent":82,"menu_order":0,"comment_status":"closed","ping_status":"closed","template":"","meta":{"ngg_post_thumbnail":0,"footnotes":""},"class_list":["post-994","page","type-page","status-publish","hentry"],"_links":{"self":[{"href":"https:\/\/blog.edu.turku.fi\/pml\/wp-json\/wp\/v2\/pages\/994","targetHints":{"allow":["GET"]}}],"collection":[{"href":"https:\/\/blog.edu.turku.fi\/pml\/wp-json\/wp\/v2\/pages"}],"about":[{"href":"https:\/\/blog.edu.turku.fi\/pml\/wp-json\/wp\/v2\/types\/page"}],"author":[{"embeddable":true,"href":"https:\/\/blog.edu.turku.fi\/pml\/wp-json\/wp\/v2\/users\/95"}],"replies":[{"embeddable":true,"href":"https:\/\/blog.edu.turku.fi\/pml\/wp-json\/wp\/v2\/comments?post=994"}],"version-history":[{"count":28,"href":"https:\/\/blog.edu.turku.fi\/pml\/wp-json\/wp\/v2\/pages\/994\/revisions"}],"predecessor-version":[{"id":2998,"href":"https:\/\/blog.edu.turku.fi\/pml\/wp-json\/wp\/v2\/pages\/994\/revisions\/2998"}],"up":[{"embeddable":true,"href":"https:\/\/blog.edu.turku.fi\/pml\/wp-json\/wp\/v2\/pages\/82"}],"wp:attachment":[{"href":"https:\/\/blog.edu.turku.fi\/pml\/wp-json\/wp\/v2\/media?parent=994"}],"curies":[{"name":"wp","href":"https:\/\/api.w.org\/{rel}","templated":true}]}}