{"id":991,"date":"2020-05-13T14:05:57","date_gmt":"2020-05-13T11:05:57","guid":{"rendered":"https:\/\/blog.edu.turku.fi\/pml\/?page_id=991"},"modified":"2025-06-19T14:08:17","modified_gmt":"2025-06-19T11:08:17","slug":"kansainvalisyys-ja-hankkeet","status":"publish","type":"page","link":"https:\/\/blog.edu.turku.fi\/pml\/opiskelijalle\/kansainvalisyys-ja-hankkeet\/","title":{"rendered":"Hankkeet"},"content":{"rendered":"<h3>Yhteis\u00f6llisyydell\u00e4 hyvinvointia Turun kouluihin 2<\/h3>\n<p>Lue lis\u00e4\u00e4: <a href=\"https:\/\/blog.edu.turku.fi\/projektit\/yhdessa-yhtenaista-tuen-lukiopolkua-kehittamassa\/\" target=\"_blank\" rel=\"noopener\">Hankkeen kotisivut<\/a>. Hankeaika 15.5.2024 &#8211; 31.12.2025.&nbsp;<\/p>\n<p>&nbsp;<\/p>\n<h3>P\u00e4\u00e4ttyneit\u00e4 hankkeita<\/h3>\n<h4><a href=\"https:\/\/blog.edu.turku.fi\/laadukkaasti-turun-lukioissa\/\" target=\"_blank\" rel=\"noopener\"><strong>Laadukas ja saavutettava Turun lukiokoulutus<\/strong><\/a><\/h4>\n<p>Turun lukioiden yhteinen hanke, jonka aikana selkiytettiin lukiokoulutuksen laatuty\u00f6n rakennetta. Hankeaika 1.1.2023 &#8211; 30.4.2025.<\/p>\n<h4><a href=\"https:\/\/blog.edu.turku.fi\/projektit\/lukio\/kestoa-kestava-toinen-aste\/\" target=\"_blank\" rel=\"noopener\"><strong>Kestoa &#8211; Kest\u00e4v\u00e4 toinen aste<\/strong><\/a><\/h4>\n<p>Projektin tavoitteena oli tukea 2.asteen koulutuksen toimintakulttuurin muutosta kohti ekologisesti kest\u00e4v\u00e4mp\u00e4\u00e4 el\u00e4m\u00e4ntapaa ja vahvistaa oppijoiden ilmastonmuutoksen hillint\u00e4\u00e4n ja siihen sopeutumiseen liittyvi\u00e4 tietoja, taitoja ja asenteita. Hankeaika 27.9.2022 \u2013 31.5.2024.<\/p>\n<h4><a href=\"http:\/\/www.koulutustakuu.fi\/hankkeet\/turun-liikkuva-toinen-aste\/\" target=\"_blank\" rel=\"noopener noreferrer\"><strong>Liikkuva toinen aste<\/strong><\/a><\/h4>\n<p>Lue lis\u00e4\u00e4:&nbsp; <a href=\"https:\/\/www.liikkuvaopiskelu.fi\/fi\" target=\"_blank\" rel=\"noopener noreferrer\">Liikkuva opiskelu<\/a>.<a href=\"http:\/\/www.koulutustakuu.fi\/hankkeet\/turun-liikkuva-toinen-aste\/\" target=\"_blank\" rel=\"noopener noreferrer\"><img loading=\"lazy\" decoding=\"async\" class=\" wp-image-1233 alignright\" src=\"https:\/\/blog.edu.turku.fi\/pml\/files\/2020\/06\/Liikkuva-koulu-300x242.png\" alt=\"Turun liikkuva toinen aste logo ja linkki.\" width=\"179\" height=\"144\" srcset=\"https:\/\/blog.edu.turku.fi\/pml\/files\/2020\/06\/Liikkuva-koulu-300x242.png 300w, https:\/\/blog.edu.turku.fi\/pml\/files\/2020\/06\/Liikkuva-koulu.png 353w\" sizes=\"auto, (max-width: 179px) 100vw, 179px\" \/><\/a><\/p>\n<p>Liikkuva toinen aste -projekti on jatkoa perusopetuksen Liikkuva koulu -toiminnalle, joka oli yksi hallitusohjelman osaamisen ja koulutuksen k\u00e4rkihankkeista. Turun liikkuva toinen aste -projekti pyrkii kehitt\u00e4m\u00e4\u00e4n ratkaisuja toisen asteen opiskelijoiden liikunnallisen el\u00e4m\u00e4ntavan lis\u00e4\u00e4miseksi.<\/p>\n<p>Projektin tavoitteena on toisen asteen opiskelijoiden fyysisen aktiivisuuden lis\u00e4\u00e4minen sek\u00e4 fyysist\u00e4 aktiivisuutta lis\u00e4\u00e4vien opetusmenetelmien, oppimisymp\u00e4rist\u00f6jen ja opiskeluyhteis\u00f6jen kehitt\u00e4minen. Projektissa osallistetaan opiskelijat sek\u00e4 opetus- ja ohjaushenkil\u00f6st\u00f6 kehitt\u00e4m\u00e4\u00e4n yhdess\u00e4 koulutalojen toimintakulttuuria fyysisesti aktiivisemmaksi. Lis\u00e4ksi projektissa pyrit\u00e4\u00e4n lis\u00e4\u00e4m\u00e4\u00e4n opiskelijoiden mahdollisuuksia harrastaa liikuntaa opiskelup\u00e4iv\u00e4n p\u00e4\u00e4tteeksi niin koulutaloilla kuin muissakin liikuntatiloissa. Projektin tuloksena Turun toisen asteen oppilaitoksiin syntyy uusi, liikunnallisempi toimintakulttuuri, joka vahvistaa opiskelijoiden hyvinvointia ja jaksamista.<\/p>\n<h4><a href=\"http:\/\/www.koulutustakuu.fi\/hankkeet\/erityisesti-lukiossa\/\" target=\"_blank\" rel=\"noopener noreferrer\"><strong>Erityisesti lukiossa<\/strong><\/a><\/h4>\n<p>Hankkeen tavoitteena oli kehitt\u00e4\u00e4 lukion erityis- ja aineenopettajien, opinto-ohjaajien ja ryhm\u00e4nohjaajien yhteisty\u00f6n\u00e4 toimintamalleja, joilla lukiolaisia voidaan auttaa opintojen etenemiseen liittyviss\u00e4 vaikeuksissa. Hankkeen aikana kehitett\u00e4vill\u00e4 ja kokeiltavilla uudenlaisilla tukitoimilla lis\u00e4ttiin lukiolaisten opiskeluhyvinvointia, edistettiin jaksamista sek\u00e4 ehk\u00e4istiin koulu-uupumista.<\/p>\n<p>Hankeaika 18.5.2018\u201331.12.2020. Hankkeen toteuttivat Turun, Espoon, Jyv\u00e4skyl\u00e4n, Kuopion kaupunkien lukiot ja The English School Helsingist\u00e4. Sit\u00e4 rahoittivat opetus- ja kulttuuriministeri\u00f6 sek\u00e4 toteuttajaorganisaatiot.<\/p>\n<p>Hankkeen <a href=\"http:\/\/www.koulutustakuu.fi\/erityisestilukiossa\/\" target=\"_blank\" rel=\"noopener noreferrer\">blogi<\/a>.<\/p>\n<h4><a href=\"http:\/\/www.koulutustakuu.fi\/lukion-tyoelamakumppanit\/\" target=\"_blank\" rel=\"noopener noreferrer\"><strong>Lukion ty\u00f6el\u00e4m\u00e4kumppanit<\/strong><\/a><\/h4>\n<p>Hankkeen tavoitteena oli kehitt\u00e4\u00e4 lukio-opiskelijoiden, lukioiden opetus- ja ohjaushenkil\u00f6st\u00f6n sek\u00e4 johdon, yritysten ja korkeakoulujen yhteisty\u00f6n\u00e4 pysyvi\u00e4 lukioiden ty\u00f6el\u00e4m\u00e4kumppanuusverkostoja sek\u00e4 uudenlaisia ty\u00f6el\u00e4m\u00e4l\u00e4ht\u00f6isi\u00e4 oppimisymp\u00e4rist\u00f6j\u00e4 ja yhteisty\u00f6malleja. Hankeaika 1.10.2018 \u2013 31.7.2021&nbsp;.<\/p>\n<p><a href=\"http:\/\/www.koulutustakuu.fi\/lukion-tyoelamakumppanit\/\" target=\"_blank\" rel=\"noopener noreferrer\"><img loading=\"lazy\" decoding=\"async\" class=\"size-large wp-image-1026 alignleft\" src=\"https:\/\/blog.edu.turku.fi\/pml\/files\/2020\/05\/Lukion-tyoelamakumppanit-844x131.jpg\" alt=\"Lukion ty\u00f6el\u00e4m\u00e4kumppanit logo ja linkki.\" width=\"844\" height=\"131\"\/><\/a><\/p>\n<h4>&nbsp;<\/h4>\n<h4>&nbsp;<\/h4>\n<h4>&nbsp;<\/h4>\n<p>&nbsp;<\/p>\n","protected":false},"excerpt":{"rendered":"<p>Yhteis\u00f6llisyydell\u00e4 hyvinvointia Turun kouluihin 2 Lue lis\u00e4\u00e4: Hankkeen kotisivut. Hankeaika 15.5.2024 &#8211; 31.12.2025.&nbsp; &nbsp; P\u00e4\u00e4ttyneit\u00e4 hankkeita Laadukas ja saavutettava Turun lukiokoulutus Turun lukioiden yhteinen hanke, jonka aikana selkiytettiin lukiokoulutuksen laatuty\u00f6n rakennetta. Hankeaika 1.1.2023 &#8211; 30.4.2025. Kestoa &#8211; Kest\u00e4v\u00e4 toinen aste<\/p>\n","protected":false},"author":95,"featured_media":0,"parent":82,"menu_order":0,"comment_status":"closed","ping_status":"closed","template":"","meta":{"ngg_post_thumbnail":0,"footnotes":""},"class_list":["post-991","page","type-page","status-publish","hentry"],"_links":{"self":[{"href":"https:\/\/blog.edu.turku.fi\/pml\/wp-json\/wp\/v2\/pages\/991","targetHints":{"allow":["GET"]}}],"collection":[{"href":"https:\/\/blog.edu.turku.fi\/pml\/wp-json\/wp\/v2\/pages"}],"about":[{"href":"https:\/\/blog.edu.turku.fi\/pml\/wp-json\/wp\/v2\/types\/page"}],"author":[{"embeddable":true,"href":"https:\/\/blog.edu.turku.fi\/pml\/wp-json\/wp\/v2\/users\/95"}],"replies":[{"embeddable":true,"href":"https:\/\/blog.edu.turku.fi\/pml\/wp-json\/wp\/v2\/comments?post=991"}],"version-history":[{"count":61,"href":"https:\/\/blog.edu.turku.fi\/pml\/wp-json\/wp\/v2\/pages\/991\/revisions"}],"predecessor-version":[{"id":2984,"href":"https:\/\/blog.edu.turku.fi\/pml\/wp-json\/wp\/v2\/pages\/991\/revisions\/2984"}],"up":[{"embeddable":true,"href":"https:\/\/blog.edu.turku.fi\/pml\/wp-json\/wp\/v2\/pages\/82"}],"wp:attachment":[{"href":"https:\/\/blog.edu.turku.fi\/pml\/wp-json\/wp\/v2\/media?parent=991"}],"curies":[{"name":"wp","href":"https:\/\/api.w.org\/{rel}","templated":true}]}}