{"id":88,"date":"2020-04-15T20:52:41","date_gmt":"2020-04-15T17:52:41","guid":{"rendered":"https:\/\/blog.edu.turku.fi\/pml\/?page_id=88"},"modified":"2025-09-30T12:43:17","modified_gmt":"2025-09-30T09:43:17","slug":"esittely","status":"publish","type":"page","link":"https:\/\/blog.edu.turku.fi\/pml\/esittely\/","title":{"rendered":"Puolalanm\u00e4en lukio"},"content":{"rendered":"<p><strong>Puolalanm\u00e4en lukio<\/strong> toimii kolmessa historiallisesti arvokkaassa rakennuksessa, osittain yhdess\u00e4 Puolalan yl\u00e4koulun kanssa. Rakennukset sijaitsevat kaupungin keskustassa Kauppatorin tuntumassa. Vuonna 1928 perustettiin Turun II Suomalainen Lyseo, joka v\u00e4livaiheiden kautta muuttui Puolalan Yhteislyseoksi 1957. Peruskoulu-uudistuksen my\u00f6t\u00e4 v. 1976 Puolalan yhteislyseo jakaantui Puolalanm\u00e4en kouluksi ja Puolalanm\u00e4en lukioksi. Lukion sis\u00e4lle sen osana perustettiin v. 1988 valtakunnallinen musiikin erikoislukio, joka opetusministeri\u00f6n v. 2004 tekem\u00e4n p\u00e4\u00e4t\u00f6ksen mukaisesti on yksi Suomen kolmestatoista musiikkilukiosta.&nbsp;<\/p>\n<p>Puolalanm\u00e4en lukion toiminta-ajatus on vakiintunut parin vuosikymmenen kuluessa. Seuraamme kriittisesti aikaamme ja kehit\u00e4mme aktiivisesti kouluyhteis\u00f6\u00e4. Olemme mukana rakentamassa tulevaisuuden maailmaa omista l\u00e4ht\u00f6kohdistamme k\u00e4sin. Toiminnan pohjana ovat perinteet, nykyajan vaatimukset ja tulevaisuuden ennakointi muuttuvassa yhteiskunnassa.<\/p>\n<p>Opiskelijoiden oma aktiivisuus ja pitk\u00e4j\u00e4nteisyys opiskelussa tarjoaa hyv\u00e4n oppimisymp\u00e4rist\u00f6n. Puolalanm\u00e4en lukiossa huolehditaan opiskelijoista, mm. opastamalla lukion j\u00e4lkeisiin opintoihin ja kannustamalla opiskeluun. T\u00e4t\u00e4 tavoitetta tukevat mahdollisuudet perehty\u00e4 syv\u00e4llisesti eri aineisiin. Lukiomme koko on n.500 opiskelijaa, mik\u00e4 mahdollistaa toimivan ja monipuolisen opintotarjonnan.<\/p>\n<ul>\n<li>monipuolinen kielten opetus ja kansainv\u00e4lisyys<\/li>\n<li>musiikki<\/li>\n<li>matemaattis-luonnontieteellinen ja humanistinen yleissivistys<\/li>\n<li>ymp\u00e4rist\u00f6st\u00e4 ja l\u00e4himm\u00e4isest\u00e4 huolta kantava ihminen<\/li>\n<\/ul>\n<p style=\"font-size: 16px;border-bottom: 1px dashed black\">Kansainv\u00e4lisyys<\/p>\n<ul>\n<li style=\"padding-right: 10px\">lukiossamme on laaja kieliohjelma: A-kielin\u00e4 englanti, ruotsi, saksa, ranska ja ven\u00e4j\u00e4<\/li>\n<li>monipuolinen ja syv\u00e4llinen kielten ja niiden kulttuurien opetus<\/li>\n<li>osallistumme aktiivisesti kansainv\u00e4lisiin projekteihin<\/li>\n<li>pid\u00e4mme yhteytt\u00e4 yst\u00e4vyyskouluihin mm. Ruotsissa, Espanjassa, Ranskassa ja Saksassa.<\/li>\n<li>osallistumme kansainv\u00e4lisiin kilpailuihin eri oppiaineissa<\/li>\n<\/ul>\n<p style=\"font-size: 16px;border-bottom: 1px dashed black\">Musiikki<\/p>\n<ul>\n<li style=\"padding-right: 10px\">koulutusteht\u00e4v\u00e4mme on sek\u00e4 paikallinen ett\u00e4 valtakunnallinen<\/li>\n<li style=\"padding-right: 10px\">lukiossamme toimii kolme kuoroa sek\u00e4 yksi suuri orkesteri<\/li>\n<li>lukiossa on oma big band<\/li>\n<li>b\u00e4nditoiminta on vilkasta<\/li>\n<li style=\"padding-right: 10px\">tarjoamme yksinlaulun ja \u00e4\u00e4nenmuodostuksen sek\u00e4 instrumenttien opetusta<\/li>\n<li>vuosittain on vaihtuvasti opintojaksoja eri aiheista, esim. maailmanmusiikki<\/li>\n<li>opettajina vierailee alan ammattilaisia<\/li>\n<li>opiskelijoille j\u00e4rjestet\u00e4\u00e4n esiintymismatkoja eri maihin<\/li>\n<li>toimimme yhteisty\u00f6ss\u00e4 Turun Konservatorion ja musiikkiopiston sek\u00e4 suomalaisten musiikkilukioiden kanssa<\/li>\n<li>musiikkilukion opiskelijam\u00e4\u00e4r\u00e4 on noin 160<\/li>\n<\/ul>\n<p style=\"font-size: 16px;border-bottom: 1px dashed black\">Yleissivistys<\/p>\n<ul>\n<li style=\"padding-right: 10px\">monipuolinen opintotarjonta<\/li>\n<li>opintotarjonta tukee laajuudeltaan ja syv\u00e4llisyydelt\u00e4\u00e4n jatko-opintoihin hakeutumista<\/li>\n<\/ul>\n","protected":false},"excerpt":{"rendered":"<p>Puolalanm\u00e4en lukio toimii kolmessa historiallisesti arvokkaassa rakennuksessa, osittain yhdess\u00e4 Puolalan yl\u00e4koulun kanssa. Rakennukset sijaitsevat kaupungin keskustassa Kauppatorin tuntumassa. Vuonna 1928 perustettiin Turun II Suomalainen Lyseo, joka v\u00e4livaiheiden kautta muuttui Puolalan Yhteislyseoksi 1957. Peruskoulu-uudistuksen my\u00f6t\u00e4 v. 1976 Puolalan yhteislyseo jakaantui Puolalanm\u00e4en<\/p>\n","protected":false},"author":95,"featured_media":0,"parent":0,"menu_order":0,"comment_status":"closed","ping_status":"closed","template":"","meta":{"ngg_post_thumbnail":0,"footnotes":""},"class_list":["post-88","page","type-page","status-publish","hentry"],"_links":{"self":[{"href":"https:\/\/blog.edu.turku.fi\/pml\/wp-json\/wp\/v2\/pages\/88","targetHints":{"allow":["GET"]}}],"collection":[{"href":"https:\/\/blog.edu.turku.fi\/pml\/wp-json\/wp\/v2\/pages"}],"about":[{"href":"https:\/\/blog.edu.turku.fi\/pml\/wp-json\/wp\/v2\/types\/page"}],"author":[{"embeddable":true,"href":"https:\/\/blog.edu.turku.fi\/pml\/wp-json\/wp\/v2\/users\/95"}],"replies":[{"embeddable":true,"href":"https:\/\/blog.edu.turku.fi\/pml\/wp-json\/wp\/v2\/comments?post=88"}],"version-history":[{"count":93,"href":"https:\/\/blog.edu.turku.fi\/pml\/wp-json\/wp\/v2\/pages\/88\/revisions"}],"predecessor-version":[{"id":3013,"href":"https:\/\/blog.edu.turku.fi\/pml\/wp-json\/wp\/v2\/pages\/88\/revisions\/3013"}],"wp:attachment":[{"href":"https:\/\/blog.edu.turku.fi\/pml\/wp-json\/wp\/v2\/media?parent=88"}],"curies":[{"name":"wp","href":"https:\/\/api.w.org\/{rel}","templated":true}]}}