{"id":85,"date":"2020-04-15T20:51:56","date_gmt":"2020-04-15T17:51:56","guid":{"rendered":"https:\/\/blog.edu.turku.fi\/pml\/?page_id=85"},"modified":"2025-06-19T13:45:06","modified_gmt":"2025-06-19T10:45:06","slug":"yhteystiedot","status":"publish","type":"page","link":"https:\/\/blog.edu.turku.fi\/pml\/yhteystiedot\/","title":{"rendered":"Yhteystiedot"},"content":{"rendered":"<p><span style=\"color: #3f83bf\">Puolalanm\u00e4en lukio<\/span><br \/>\nAurakatu 11, 20100 Turku (kaikki postil\u00e4hetykset t\u00e4h\u00e4n osoitteseen)<br \/>\nPuutarhakatu 5, <span style=\"line-height: 1.5em\">20100 Turku<br \/>\nTorninkatu 4, 20100 Turku<\/span><br \/>\n<img loading=\"lazy\" decoding=\"async\" class=\" wp-image-1343 \" src=\"https:\/\/blog.edu.turku.fi\/pml\/files\/2020\/06\/post-1019880_640-640x640.jpg\" alt=\"\" width=\"150\" height=\"150\" srcset=\"https:\/\/blog.edu.turku.fi\/pml\/files\/2020\/06\/post-1019880_640.jpg 640w, https:\/\/blog.edu.turku.fi\/pml\/files\/2020\/06\/post-1019880_640-150x150.jpg 150w, https:\/\/blog.edu.turku.fi\/pml\/files\/2020\/06\/post-1019880_640-300x300.jpg 300w\" sizes=\"auto, (max-width: 150px) 100vw, 150px\" \/><\/p>\n<p><span style=\"color: #3f83bf\">S\u00e4hk\u00f6postit ovat muotoa<\/span><br \/>\netunimi.sukunimi@edu.turku.fi<br \/>\n&nbsp;<br \/>\n<span style=\"color: #3f83bf\">Rehtori<\/span> Jouko Kauppinen, p. 050 4323 644<\/p>\n<p><span style=\"color: #3f83bf\">Apulaisrehtori <\/span>Jatta Paakkinen, p. 044 9074 726<\/p>\n<p><span style=\"color: #3f83bf\">Koulusihteeri<\/span> Eija Vaarala p. 040 5692 835<br \/>\nKanslia on avoinna ma\u2012pe klo 8.00\u201312.00.<\/p>\n<p><span style=\"color: #3f83bf\">Opinto-ohjaajat<\/span><br \/>\nJohanna Ahonen, p. 040 6613 920<br \/>\nEija Pakola, p. 044 9074 497<br \/>\nTanja Onduto, p. 044 9024 838<\/p>\n<p><span style=\"color: #3f83bf\">Erityisopettajat<br \/>\n<\/span>Maria Carlsson, p. 044 9074 048. <a href=\"https:\/\/sites.google.com\/view\/maria-carlsson\/etusivu\/opiskelijalle?authuser=0\" target=\"_blank\" rel=\"noopener\">Erityisopettajan sivut opiskelijoille.<\/a><br \/>\nHeli Ketovuori p. 040 6633 294<\/p>\n<p><span style=\"color: #3f83bf\">Terveydenhoitaja<\/span> Aino Kiviniemi, p. 044 9073 827 \/ etunimi.sukunimi@varha.fi<\/p>\n<p><span style=\"color: #3f83bf\">Oppilaitoksen l\u00e4\u00e4k\u00e4ri<\/span> Satu Hedborg<br \/>\n(Ajanvaraus terveydenhoitajan kautta)<\/p>\n<p><span style=\"color: #3f83bf\">Psykiatrinen sairaanhoitaja<\/span> Ramoona Julin<br \/>\n(Ajanvaraus terveydenhoitajan kautta)<\/p>\n<p><span style=\"color: #3f83bf\">Opintopsykologi<\/span> Susan Hurme p. 040 6701 332 \/ etunimi.sukunimi@varha.fi<\/p>\n<p><span style=\"color: #3f83bf\">Lukion kuraattori<\/span> Sanna Pohjola, p. 040 1846 218 &nbsp;\/ etunimi.sukunimi@varha.fi<\/p>\n","protected":false},"excerpt":{"rendered":"<p>Puolalanm\u00e4en lukio Aurakatu 11, 20100 Turku (kaikki postil\u00e4hetykset t\u00e4h\u00e4n osoitteseen) Puutarhakatu 5, 20100 Turku Torninkatu 4, 20100 Turku S\u00e4hk\u00f6postit ovat muotoa etunimi.sukunimi@edu.turku.fi &nbsp; Rehtori Jouko Kauppinen, p. 050 4323 644 Apulaisrehtori Jatta Paakkinen, p. 044 9074 726 Koulusihteeri Eija Vaarala<\/p>\n","protected":false},"author":95,"featured_media":0,"parent":0,"menu_order":0,"comment_status":"closed","ping_status":"closed","template":"","meta":{"ngg_post_thumbnail":0,"footnotes":""},"class_list":["post-85","page","type-page","status-publish","hentry"],"_links":{"self":[{"href":"https:\/\/blog.edu.turku.fi\/pml\/wp-json\/wp\/v2\/pages\/85","targetHints":{"allow":["GET"]}}],"collection":[{"href":"https:\/\/blog.edu.turku.fi\/pml\/wp-json\/wp\/v2\/pages"}],"about":[{"href":"https:\/\/blog.edu.turku.fi\/pml\/wp-json\/wp\/v2\/types\/page"}],"author":[{"embeddable":true,"href":"https:\/\/blog.edu.turku.fi\/pml\/wp-json\/wp\/v2\/users\/95"}],"replies":[{"embeddable":true,"href":"https:\/\/blog.edu.turku.fi\/pml\/wp-json\/wp\/v2\/comments?post=85"}],"version-history":[{"count":66,"href":"https:\/\/blog.edu.turku.fi\/pml\/wp-json\/wp\/v2\/pages\/85\/revisions"}],"predecessor-version":[{"id":2977,"href":"https:\/\/blog.edu.turku.fi\/pml\/wp-json\/wp\/v2\/pages\/85\/revisions\/2977"}],"wp:attachment":[{"href":"https:\/\/blog.edu.turku.fi\/pml\/wp-json\/wp\/v2\/media?parent=85"}],"curies":[{"name":"wp","href":"https:\/\/api.w.org\/{rel}","templated":true}]}}