{"id":82,"date":"2020-04-15T20:51:12","date_gmt":"2020-04-15T17:51:12","guid":{"rendered":"https:\/\/blog.edu.turku.fi\/pml\/?page_id=82"},"modified":"2025-11-11T12:27:17","modified_gmt":"2025-11-11T10:27:17","slug":"opiskelijalle","status":"publish","type":"page","link":"https:\/\/blog.edu.turku.fi\/pml\/opiskelijalle\/","title":{"rendered":"Opiskelijalle"},"content":{"rendered":"<p><img loading=\"lazy\" decoding=\"async\" class=\" wp-image-1319 alignright\" src=\"https:\/\/blog.edu.turku.fi\/pml\/files\/2020\/06\/palapeli-350x265.jpg\" alt=\"Kuvituskuva. Palapelin palasia.\" width=\"301\" height=\"228\" srcset=\"https:\/\/blog.edu.turku.fi\/pml\/files\/2020\/06\/palapeli.jpg 350w, https:\/\/blog.edu.turku.fi\/pml\/files\/2020\/06\/palapeli-300x227.jpg 300w\" sizes=\"auto, (max-width: 301px) 100vw, 301px\" \/><\/p>\n<h4>Lukuvuosi 2025\u20132026<\/h4>\n<p><span style=\"color: #3f83bf\">Syyslukukausi: <\/span>to 7.8. \u2013 la 20.12.2025<br \/>\n<span style=\"color: #3f83bf\">Kev\u00e4tlukukausi:<\/span> ke 7.1. \u2013 la 30.5.2026<\/p>\n<p><span style=\"color: #3f83bf\">Periodit<br \/>\n<\/span>I periodi: to 7.8. \u2013 ti 30.9.2025<br \/>\nII periodi: ke 1.10. \u2013 to 27.11.2025<br \/>\nIII periodi: pe 28.11.2025 \u2013 ti 3.2.2026<br \/>\nIV periodi: ke 4.2. \u2013 to 2.4.2026<br \/>\nV periodi: ti 7.4. \u2013 la 30.5.2026<\/p>\n<p><span style=\"color: #3f83bf\">Loma-ajat<\/span><br \/>\nSyysloma: ma 13.10. &#8211; su 19.10.2025<br \/>\nJoululoma: su 21.12.2025 &#8211; ti 6.1.2026<br \/>\nTalviloma: ma 16.2. &#8211; su 22.2.2026<br \/>\nP\u00e4\u00e4si\u00e4isloma: pe 3.4. \u2013 ma 6.4.2026<br \/>\nHelatorstai: to 14.5.2026<\/p>\n<p><span style=\"color: #3f83bf\">Syksyn lakkiaisjuhla<\/span> pe 5.12.2025<br \/>\n<span style=\"color: #3f83bf\">Penkkarit<\/span> to 5.2.2026<br \/>\n<span style=\"color: #3f83bf\">Vanhojen tanssit <\/span>pe 13.2.2026<br \/>\n<span style=\"color: #3f83bf\">Kev\u00e4\u00e4n lakkiaisjuhla<\/span> la 30.5.2026<\/p>\n<p><span style=\"color: #3f83bf\">P\u00e4\u00e4tt\u00f6viikot<\/span><br \/>\nI periodi: ma 22.9. \u2013 ti 30.9.2025<br \/>\nII periodi: ke 19.11. \u2013 to 27.11.2025<br \/>\nIII periodi: ma 26.1. \u2013 ti 3.2.2026<br \/>\nIV periodi: ke 25.3. \u2013 to 2.4.2026<br \/>\nV periodi: ke 20.5. \u2013 to 28.5.2026<\/p>\n<p>P\u00e4\u00e4tt\u00f6viikko alkaa aina 7. palkin p\u00e4iv\u00e4ll\u00e4 ja jatkuu sen j\u00e4lkeen j\u00e4rjestyksess\u00e4 1-6. Abien 3. periodin p\u00e4\u00e4tt\u00f6viikko suunnitellaan my\u00f6hemmin erikseen.<\/p>\n<p>Opettaja ilmoittaa Wilman Kokeet-v\u00e4lilehdell\u00e4 p\u00e4\u00e4tt\u00f6p\u00e4iv\u00e4n aikataulun ja tarvittaessa ohjelman.<\/p>\n<h4>Lukuvuosi 2026\u20132027<\/h4>\n<p><span style=\"color: #3f83bf\">Syyslukukausi: <\/span>ti 11.8. \u2013 pe 18.12.2026<br \/>\n<span style=\"color: #3f83bf\">Kev\u00e4tlukukausi:<\/span> ke 7.1. \u2013 la 5.6.2027<\/p>\n<p><span style=\"color: #3f83bf\">Periodit<br \/>\n<\/span>I periodi: 11.8.\u20132.10.2026<br \/>\nII periodi: 5.10.\u20131.12.2026<br \/>\nIII periodi: 2.12.2026\u20139.2.2027<br \/>\nIV periodi: 10.2.\u201313.4.2027<br \/>\nV periodi: 14.4.\u20135.6.2027<\/p>\n<p><span style=\"color: #3f83bf\">Loma-ajat<\/span><br \/>\nSyysloma: ma 12.10. &#8211; su 18.10.2026<br \/>\nJoululoma: la 19.12.2026 &#8211; ke 6.1.2027<br \/>\nTalviloma: ma 22.2. &#8211; su 28.2.2027<br \/>\nP\u00e4\u00e4si\u00e4isloma: pe 26.3. \u2013 ma 29.3.2027<br \/>\nHelatorstai: to 6.5.2027<\/p>\n<p><span style=\"color: #3f83bf\">Syksyn lakkiaisjuhla<\/span>&nbsp;4.12.2026<br \/>\n<span style=\"color: #3f83bf\">Penkkarit<\/span> to 11.2.2027<br \/>\n<span style=\"color: #3f83bf\">Vanhojen tanssit <\/span>pe 19.2.2027<br \/>\n<span style=\"color: #3f83bf\">Kev\u00e4\u00e4n lakkiaisjuhla<\/span> la 5.6.2027<\/p>\n<p><span style=\"color: #3f83bf\">P\u00e4\u00e4tt\u00f6viikot<\/span><br \/>\nI periodi: to 24.9. \u2013 pe 2.10.2026<br \/>\nII periodi: ma 23.11. \u2013 ti 1.12.2026<br \/>\nIII periodi: ma 1.2. \u2013 ti 9.2.2027<br \/>\nIV periodi: ma 5.4. \u2013 ti 13.4.2027<br \/>\nV periodi: ke 26.5. \u2013 to 3.6.2027<\/p>\n<p>P\u00e4\u00e4tt\u00f6viikko alkaa aina 7. palkin p\u00e4iv\u00e4ll\u00e4 ja jatkuu sen j\u00e4lkeen j\u00e4rjestyksess\u00e4 1-6. Abien 3. periodin p\u00e4\u00e4tt\u00f6viikko suunnitellaan my\u00f6hemmin erikseen.<\/p>\n<p>Opettaja ilmoittaa Wilman Kokeet-v\u00e4lilehdell\u00e4 p\u00e4\u00e4tt\u00f6p\u00e4iv\u00e4n aikataulun ja tarvittaessa ohjelman.<\/p>\n","protected":false},"excerpt":{"rendered":"<p>Lukuvuosi 2025\u20132026 Syyslukukausi: to 7.8. \u2013 la 20.12.2025 Kev\u00e4tlukukausi: ke 7.1. \u2013 la 30.5.2026 Periodit I periodi: to 7.8. \u2013 ti 30.9.2025 II periodi: ke 1.10. \u2013 to 27.11.2025 III periodi: pe 28.11.2025 \u2013 ti 3.2.2026 IV periodi: ke 4.2.<\/p>\n","protected":false},"author":95,"featured_media":0,"parent":0,"menu_order":0,"comment_status":"closed","ping_status":"closed","template":"","meta":{"ngg_post_thumbnail":0,"footnotes":""},"class_list":["post-82","page","type-page","status-publish","hentry"],"_links":{"self":[{"href":"https:\/\/blog.edu.turku.fi\/pml\/wp-json\/wp\/v2\/pages\/82","targetHints":{"allow":["GET"]}}],"collection":[{"href":"https:\/\/blog.edu.turku.fi\/pml\/wp-json\/wp\/v2\/pages"}],"about":[{"href":"https:\/\/blog.edu.turku.fi\/pml\/wp-json\/wp\/v2\/types\/page"}],"author":[{"embeddable":true,"href":"https:\/\/blog.edu.turku.fi\/pml\/wp-json\/wp\/v2\/users\/95"}],"replies":[{"embeddable":true,"href":"https:\/\/blog.edu.turku.fi\/pml\/wp-json\/wp\/v2\/comments?post=82"}],"version-history":[{"count":82,"href":"https:\/\/blog.edu.turku.fi\/pml\/wp-json\/wp\/v2\/pages\/82\/revisions"}],"predecessor-version":[{"id":3034,"href":"https:\/\/blog.edu.turku.fi\/pml\/wp-json\/wp\/v2\/pages\/82\/revisions\/3034"}],"wp:attachment":[{"href":"https:\/\/blog.edu.turku.fi\/pml\/wp-json\/wp\/v2\/media?parent=82"}],"curies":[{"name":"wp","href":"https:\/\/api.w.org\/{rel}","templated":true}]}}