{"id":76,"date":"2020-04-15T20:49:59","date_gmt":"2020-04-15T17:49:59","guid":{"rendered":"https:\/\/blog.edu.turku.fi\/pml\/?page_id=76"},"modified":"2026-01-31T09:45:24","modified_gmt":"2026-01-31T07:45:24","slug":"musiikkilukio","status":"publish","type":"page","link":"https:\/\/blog.edu.turku.fi\/pml\/musiikkilukio\/","title":{"rendered":"Musiikkilukio"},"content":{"rendered":"<p><img loading=\"lazy\" decoding=\"async\" class=\"alignnone size-full wp-image-873\" src=\"https:\/\/blog.edu.turku.fi\/pml\/files\/2020\/05\/IMG_6047-e1588947327102.jpg\" alt=\"\" width=\"2048\" height=\"665\" srcset=\"https:\/\/blog.edu.turku.fi\/pml\/files\/2020\/05\/IMG_6047-e1588947327102.jpg 2048w, https:\/\/blog.edu.turku.fi\/pml\/files\/2020\/05\/IMG_6047-e1588947327102-300x97.jpg 300w, https:\/\/blog.edu.turku.fi\/pml\/files\/2020\/05\/IMG_6047-e1588947327102-1024x333.jpg 1024w, https:\/\/blog.edu.turku.fi\/pml\/files\/2020\/05\/IMG_6047-e1588947327102-768x249.jpg 768w, https:\/\/blog.edu.turku.fi\/pml\/files\/2020\/05\/IMG_6047-e1588947327102-1536x499.jpg 1536w\" sizes=\"auto, (max-width: 2048px) 100vw, 2048px\" \/><\/p>\n<div class=\"alignleft\" style=\"width: 700px\">\n<h3>Musiikkilukiossa tapahtuu<\/h3>\n<p>Puolalan musiikkituen sivuilta <strong><a href=\"https:\/\/www.puolalanmusiikki.fi\/ajankohtaista\/\" target=\"_blank\" rel=\"noopener\">t\u00e4st\u00e4 linkist\u00e4<\/a><\/strong> n\u00e4et musiikkilukion tapahtumien ajankohdat ja voit ostaa niihin lippuja.<\/p>\n<p>Tarvitsetko tilaisuuteesi esiintyj\u00e4n? Ehk\u00e4 kuoron, lauluyhtyeen tai solistin? Tiernapojat tai luciat tuomaan joulun tunnelmaa? B\u00e4ndin tai jopa kokonaisen orkesterin? Lis\u00e4tiedot ja esityksen tilaukset musiikkiluokkien intendentilt\u00e4 Susanna Suorannalta s\u00e4hk\u00f6postitse <a href=\"mailto:puolalan.musiikki@gmail.com\">puolalan.musiikki@gmail.com<\/a>.&nbsp;Kerrothan s\u00e4hk\u00f6postissa, milloin ja millaisen esityksen haluat. Esitysten tuotot k\u00e4ytet\u00e4\u00e4n musiikkiluokkien ja -lukion toiminnan tukemiseksi.<\/p>\n<h3>Tietoa musiikkilukiosta<\/h3>\n<p>Puolalanm\u00e4en musiikkilukio on perustettu vuonna 1988. Musiikkilukiossa opiskelee 30% lukiolaisista, eli n. 150 opiskelijaa. Vuosittain musiikkilukioon valitaan 48 uutta opiskelijaa.<\/p>\n<p>Musiikkilukion opetuksen tavoitteena on tarjota lukio-opiskelun ohessa monipuolisesti el\u00e4myksi\u00e4 ja kokemuksia musiikin parissa sek\u00e4 her\u00e4tt\u00e4\u00e4 koko el\u00e4m\u00e4n ajan kest\u00e4v\u00e4 kiinnostus ja harrastus musiikkiin. Tavoitteena ei ole musiikin ammattilaisten kouluttaminen, mutta niit\u00e4, jotka t\u00e4ht\u00e4\u00e4v\u00e4t musiikin ammatteihin, pyrit\u00e4\u00e4n tukemaan ja auttamaan musiikin jatko-opintoihin mahdollisuuksien mukaan. Opiskelijoistamme n. 20% jatkaa opintojaan Sibelius-Akatemiassa, sek\u00e4 Turun Ammattikorkeakoulun ja Konservatorion eri musiikkilinjoilla ja yliopiston musiikkitieteen laitoksella.<\/p>\n<p>Musiikkilukio tuo toiminnallaan v\u00e4ri\u00e4 koko lukion el\u00e4m\u00e4\u00e4n. Musiikki kuuluu ja n\u00e4kyy jokap\u00e4iv\u00e4isess\u00e4 opiskelussa, lis\u00e4ksi erilaiset konsertit ja muut esiintymiset tarjoavat el\u00e4myksi\u00e4 koko koulun v\u00e4elle, ja rikastuttavat osaltaan Turun ja l\u00e4hiseudun kulttuuriel\u00e4m\u00e4\u00e4.<\/p>\n<p>Puolalanm\u00e4en lukion kansainv\u00e4liseen toimintaan vahvan lis\u00e4n tuovat musiikkilukion kuorojen ja orkesterin matkat. Joka vuosi joku ryhmist\u00e4mme tekee konserttimatkan Eurooppaan, viime vuosina on k\u00e4yty mm. Irlannissa, Saksassa, Hollannissa, ja Italiassa. Vuosittain koulussamme my\u00f6s vierailee esiintyj\u00e4ryhmi\u00e4 eri maista. N\u00e4in musiikkia harrastavien nuorten v\u00e4lille syntyy luontevasti yst\u00e4vyyssuhteita, jotka ovat jatkuneet my\u00f6s lukioajan j\u00e4lkeen.<\/p>\n<p>Musiikkilukio tekee saumatonta yhteisty\u00f6t\u00e4 Puolalan koulun musiikkiluokkien kanssa. Concentus Aboensis -orkesterissa on mukana my\u00f6s yl\u00e4koulun soittajia. Perinteiset suuret joulu- ja kev\u00e4tkonserttimma toteutamme yhdess\u00e4 yl\u00e4koulun musiikkiluokkien kanssa.<\/p>\n<p>Yhteisty\u00f6 Turun konservatorion ja musiikkiopiston kanssa on tiivist\u00e4. Meill\u00e4 on yhteisi\u00e4 kursseja, opiskelijat voivat puolin ja toisin lukea hyv\u00e4ksi opintoja, ja toteutamme yhdess\u00e4 my\u00f6s erilaisia projekteja. Konservatorion kolmoistutkinto toteutetaan yhteisty\u00f6ss\u00e4 lukiomme kanssa.<\/p>\n<p><a href=\"http:\/\/www.puolalanmusiikki.fi\/\" target=\"_blank\" rel=\"noopener noreferrer\"><img decoding=\"async\" class=\"wp-image-620 alignleft\" src=\"https:\/\/blog.edu.turku.fi\/pml\/files\/2020\/05\/musiikin-tuki-logo-e1588764486511-219x300.png\" alt=\"Puolalan musiikin tuki logo ja linkki heid\u00e4n sivuilleen.\" width=\"70\" srcset=\"https:\/\/blog.edu.turku.fi\/pml\/files\/2020\/05\/musiikin-tuki-logo-e1588764486511-219x300.png 219w, https:\/\/blog.edu.turku.fi\/pml\/files\/2020\/05\/musiikin-tuki-logo-e1588764486511-747x1024.png 747w, https:\/\/blog.edu.turku.fi\/pml\/files\/2020\/05\/musiikin-tuki-logo-e1588764486511-768x1053.png 768w, https:\/\/blog.edu.turku.fi\/pml\/files\/2020\/05\/musiikin-tuki-logo-e1588764486511-1121x1536.png 1121w, https:\/\/blog.edu.turku.fi\/pml\/files\/2020\/05\/musiikin-tuki-logo-e1588764486511-1494x2048.png 1494w, https:\/\/blog.edu.turku.fi\/pml\/files\/2020\/05\/musiikin-tuki-logo-e1588764486511.png 1557w\" sizes=\"(max-width: 219px) 100vw, 219px\" \/><\/a>Musiikkitoimintaa tukee <a href=\"https:\/\/www.puolalanmusiikki.fi\/\" target=\"_blank\" rel=\"noopener\">Puolalan musiikkituki ry<\/a> &#8211; vanhempien yhdistys, joka on aktiivisesti mukana j\u00e4rjest\u00e4m\u00e4ss\u00e4 leirej\u00e4, konsertteja ja matkoja, sek\u00e4 mm. jakaa oppilaille stipendej\u00e4 kev\u00e4isin. Jos sinua kiinnostaa k\u00e4yd\u00e4 katsomassa konserttia tms. tapahtumaa, katso aikataulut <a href=\"https:\/\/www.puolalanmusiikki.fi\/ajankohtaista\/\" target=\"_blank\" rel=\"noopener\">t\u00e4\u00e4lt\u00e4<\/a>.<\/p>\n<p>Loppuunmyydyt joulukonsertit, kev\u00e4\u00e4n suuri gaalakonsertti, p\u00e4\u00e4si\u00e4isajan kirkkokonsertti, sek\u00e4 kuorojen ja orkesterin esiintymiset Turussa ja l\u00e4hiseudulla ovat vakituista toimintaamme. Lis\u00e4ksi koulun loistavat b\u00e4ndit sek\u00e4 laulu- sek\u00e4 piano-oppilaat esiintyv\u00e4t omissa konserteissaan v\u00e4hint\u00e4\u00e4n pari kertaa vuodessa.<\/p>\n<p>Puolalanm\u00e4en musiikkilukiossa todella soi joka p\u00e4iv\u00e4 &#8211; musiikkia laidasta laitaan ja aamusta iltaan.<\/p>\n<\/div>\n<div class=\"alignright\" style=\"width: 390px\">\n<p>&nbsp;<\/p>\n<figure id=\"attachment_759\" aria-describedby=\"caption-attachment-759\" style=\"width: 300px\" class=\"wp-caption alignnone\"><a href=\"https:\/\/drive.google.com\/drive\/folders\/1iFH8kes2Mk_bzOkIEE2tUSY7XjNQrT-R\" target=\"_blank\" rel=\"noopener noreferrer\"><img loading=\"lazy\" decoding=\"async\" class=\"wp-image-759 size-medium\" title=\"Musiikin lukiodiplomit\u00f6it\u00e4\" src=\"https:\/\/blog.edu.turku.fi\/pml\/files\/2020\/05\/Na\u0308ytto\u0308kuva-2019-01-13-kello-3.58.10-PM-300x168.png\" alt=\"Linkki musiikin diplomit\u00f6ihin.\" width=\"300\" height=\"168\" srcset=\"https:\/\/blog.edu.turku.fi\/pml\/files\/2020\/05\/Na\u0308ytto\u0308kuva-2019-01-13-kello-3.58.10-PM-300x168.png 300w, https:\/\/blog.edu.turku.fi\/pml\/files\/2020\/05\/Na\u0308ytto\u0308kuva-2019-01-13-kello-3.58.10-PM-1024x574.png 1024w, https:\/\/blog.edu.turku.fi\/pml\/files\/2020\/05\/Na\u0308ytto\u0308kuva-2019-01-13-kello-3.58.10-PM.png 1280w\" sizes=\"auto, (max-width: 300px) 100vw, 300px\" \/><\/a><figcaption id=\"caption-attachment-759\" class=\"wp-caption-text\">Musiikin lukiodiplomit\u00f6it\u00e4<\/figcaption><\/figure>\n<\/div>\n<p>&nbsp;<\/p>\n<p>&nbsp;<\/p>\n<p>&nbsp;<\/p>\n<p><img decoding=\"async\" class=\"alignright size-large wp-image-771\" src=\"https:\/\/blog.edu.turku.fi\/pml\/files\/2020\/05\/IMG_4551-Edit-675x1024.jpg\" alt=\"Kuvituskuva, oppilaita soittamassa yhdess\u00e4.\" width=\"385\" srcset=\"https:\/\/blog.edu.turku.fi\/pml\/files\/2020\/05\/IMG_4551-Edit-675x1024.jpg 675w, https:\/\/blog.edu.turku.fi\/pml\/files\/2020\/05\/IMG_4551-Edit-198x300.jpg 198w, https:\/\/blog.edu.turku.fi\/pml\/files\/2020\/05\/IMG_4551-Edit.jpg 1187w\" sizes=\"(max-width: 675px) 100vw, 675px\" \/><\/p>\n<div class=\"alignleft\" style=\"width: 1150px\">\n<hr \/>\n<\/div>\n<div class=\"alignleft\" style=\"width: 545px\"><img decoding=\"async\" class=\"alignnone size-large wp-image-607\" src=\"https:\/\/blog.edu.turku.fi\/pml\/files\/2020\/05\/ORKKA-2014-B-1024x768.jpg\" alt=\"Concentus Aboensis\" width=\"545\" srcset=\"https:\/\/blog.edu.turku.fi\/pml\/files\/2020\/05\/ORKKA-2014-B-1024x768.jpg 1024w, https:\/\/blog.edu.turku.fi\/pml\/files\/2020\/05\/ORKKA-2014-B-300x225.jpg 300w, https:\/\/blog.edu.turku.fi\/pml\/files\/2020\/05\/ORKKA-2014-B.jpg 2048w\" sizes=\"(max-width: 1024px) 100vw, 1024px\" \/><\/div>\n<div class=\"alignright\" style=\"width: 545px\">\n<h3>Concentus Aboensis<\/h3>\n<p>Concentus Aboensis on noin nelj\u00e4nkymmenen soittajan sinfoniaorkesteri, joka koostuu Puolalanm\u00e4en lukion ja Puolalan yl\u00e4koulun opiskelijoista.<\/p>\n<p>Orkesteri esiintyy aktiivisesti niin yksin kuin yhdess\u00e4 lukion ja yl\u00e4koulun kuorojen kanssa. Concentus Aboensis soittaa vuosittain koulun tilaisuuksissa, lukion ja yl\u00e4koulun yhteisess\u00e4 joulu- ja kev\u00e4tkonsertissa sek\u00e4 lukion lakkiaisissa.&nbsp;<\/p>\n<p>Orkesterin ohjelmisto vaihtelee perinteisist\u00e4 klassisista teoksista elokuvamusiikkiin ja rytmimusiikin sovituksiin. Viime vuosien ohjelmistossa on ollut mm. Schubertin 8. sinfonia, Bruchin viulukonsertto, Ravelin Pavane \u2013 mutta my\u00f6s musiikkia E.T- sek\u00e4 Pirates Of Caribbean -elokuvista.<\/p>\n<\/div>\n<div class=\"alignleft\" style=\"width: 1150px\">\n<hr \/>\n<\/div>\n<div class=\"alignleft\" style=\"width: 545px\">\n<h3 style=\"text-align: left\">Lempi-kuoro<\/h3>\n<p>Lempi on kaikille lukiolaisille avoin kuoro, johon voi ilmoittautua ilman p\u00e4\u00e4sykokeita. Tavoitteena on, ett\u00e4 kaikki halukkaat p\u00e4\u00e4sev\u00e4t nauttimaan laulamisen riemusta! Opintojaksolla lauletaan moni\u00e4\u00e4nist\u00e4 rytmimusiikkiin painottuvaa ohjelmistoa. Kuoro esiintyy halutessaan erilaisissa tilaisuuksissa.<\/p>\n<p>Lempi\u00e4 johtaa <strong>Essi Putkonen<\/strong><\/p>\n<\/div>\n<div class=\"alignright\" style=\"width: 545px\"><img decoding=\"async\" class=\"alignnone size-large wp-image-600\" src=\"https:\/\/blog.edu.turku.fi\/pml\/files\/2023\/09\/Kuoro1.jpg\" alt=\"Lempi-kuoro\" width=\"250\"\/><\/div>\n<div class=\"alignright\" style=\"width: 545px\">&nbsp;<\/div>\n<div class=\"alignleft\" style=\"width: 1150px\">\n<hr \/>\n<\/div>\n<div class=\"alignleft\" style=\"width: 545px\"><img loading=\"lazy\" decoding=\"async\" class=\"alignnone wp-image-2918\" src=\"https:\/\/blog.edu.turku.fi\/pml\/files\/2025\/04\/JUVE-D-300x200.jpg\" alt=\"\" width=\"562\" height=\"374\" srcset=\"https:\/\/blog.edu.turku.fi\/pml\/files\/2025\/04\/JUVE-D-300x200.jpg 300w, https:\/\/blog.edu.turku.fi\/pml\/files\/2025\/04\/JUVE-D-1024x683.jpg 1024w, https:\/\/blog.edu.turku.fi\/pml\/files\/2025\/04\/JUVE-D.jpg 2048w\" sizes=\"auto, (max-width: 562px) 100vw, 562px\" \/><\/div>\n<div class=\"alignright\" style=\"width: 545px\">\n<h3>&nbsp;<\/h3>\n<h3>Chorus Iuvenalis<\/h3>\n<p>Chorus Iuvenalis eli \u201dJuve\u201d on noin kahdenkymmenenviiden taitavan laulajan diskanttikuoro, jonka laulaa perinteisen ohjelmiston ohella paljon kansanmusiikkil\u00e4ht\u00f6ist\u00e4 musiikkia. Vahvat tulkinnat, visuaalisuus esityksiss\u00e4 ja iloinen meininki ovat Juven toiminnan tunnusmerkkej\u00e4.<\/p>\n<p>Juve osallistui 2019 Riga Sings -festivaaleille Latviassa, ja sijoittui omassa sarjassaan kolmanneksi. 2020 Juve saavutti toisen sijan, eli \u201dhaastaja\u201d-palkinnon Erik Fordell-kuorokilpailussa Kokkolassa. Kev\u00e4\u00e4ll\u00e4 2025 toisessa Erik Fordell-kisassa Juve saavutti j\u00e4lleen saman &#8221;haastaja&#8221; -palkinnon. Kaudella 2022-2023 Juve oli <a href=\"https:\/\/yle.fi\/aihe\/a\/20-10003360\" target=\"_blank\" rel=\"noopener\">Yleisradion vuoden nuorisokuoro<\/a> ja esiintyi mm. Helsingin musiikkitalossa joululaulutilaisuudessa.<\/p>\n<p>Kuoroa johtaa <strong>Timo Lehtovaara<\/strong>.<\/p>\n<\/div>\n<div class=\"alignleft\" style=\"width: 1150px\">\n<hr \/>\n<\/div>\n<div class=\"alignleft\" style=\"width: 545px\">\n<h3 style=\"text-align: left\">Chorus Iucundus<\/h3>\n<p>Chorus Iucundus, eli \u201dJuccis\u201d on musiikkilukion kamarikuoro, jossa laulajia on noin 30. Kuoro laulaa kaikenlaista musiikkia laidasta laitaan; renessanssimadrigaaleista popmusiikin sovituksiin. Chorus Iucundus on ollut mukana mm. Kirmo Lintisen Fitness-barokkioopperassa, Marko Aution Logicomix-sarjakuvaoopperassa, pit\u00e4m\u00e4ss\u00e4 workshoppia Haagin konservatorion kuoronjohdon opiskelijoille, sek\u00e4 esiintym\u00e4ss\u00e4 reformaation merkkivuoden valtakunnallisessa p\u00e4\u00e4juhlassa.<\/p>\n<p>Chorus Iucundus palkittiin Tampereen S\u00e4velen kuorokatselmuksessa 2015 kahdella kultaleimalla, kev\u00e4\u00e4ll\u00e4 2016 kuoro sijoittui toiseksi \u201dSuomen paras koulukuoro\u201d \u2013kilpailussa Espoossa ja syksyll\u00e4 2018 Chorus Iucundus sai Derryn kansainv\u00e4lisill\u00e4 kuorofestivaaleilla Pohjois-Irlannissa erityispalkinnon parhaasta vanhan musiikin tulkinnasta.<br \/>\nKev\u00e4\u00e4ll\u00e4 2025 Juccis edusti Suomea &#8221;Let the Peoples Sing&#8221; -kuorokilpailun lapsi- ja nuorisokuorosarjassa. Juccis valittiin my\u00f6s Erik Fordell -kuorokilpailun finaaliin 2025 \u00e4\u00e4nitekarsinnan perusteella.&nbsp;<\/p>\n<p>Juccis esiintyy ahkerasti Turussa ja l\u00e4hiseudulla, ja tekee aktiivisesti yhteisty\u00f6t\u00e4 mm. Vaskivuoren ja Sibelius-lukion kamarikuorojen kanssa.<\/p>\n<p>Kuoroa johtaa <strong>Timo Lehtovaara<\/strong>.<\/p>\n<p><img loading=\"lazy\" decoding=\"async\" class=\"wp-image-2915 alignright\" src=\"https:\/\/blog.edu.turku.fi\/pml\/files\/2025\/04\/JUCCIS-B-300x200.jpg\" alt=\"\" width=\"613\" height=\"408\" srcset=\"https:\/\/blog.edu.turku.fi\/pml\/files\/2025\/04\/JUCCIS-B-300x200.jpg 300w, https:\/\/blog.edu.turku.fi\/pml\/files\/2025\/04\/JUCCIS-B-1024x683.jpg 1024w, https:\/\/blog.edu.turku.fi\/pml\/files\/2025\/04\/JUCCIS-B.jpg 2048w\" sizes=\"auto, (max-width: 613px) 100vw, 613px\" \/><\/p>\n<\/div>\n<p>&nbsp;<\/p>\n<p>&nbsp;<\/p>\n<p>&nbsp;<\/p>\n<div class=\"alignleft\" style=\"width: 1150px\">&nbsp;<\/div>\n","protected":false},"excerpt":{"rendered":"<p>Musiikkilukiossa tapahtuu Puolalan musiikkituen sivuilta t\u00e4st\u00e4 linkist\u00e4 n\u00e4et musiikkilukion tapahtumien ajankohdat ja voit ostaa niihin lippuja. Tarvitsetko tilaisuuteesi esiintyj\u00e4n? Ehk\u00e4 kuoron, lauluyhtyeen tai solistin? Tiernapojat tai luciat tuomaan joulun tunnelmaa? B\u00e4ndin tai jopa kokonaisen orkesterin? Lis\u00e4tiedot ja esityksen tilaukset musiikkiluokkien<\/p>\n","protected":false},"author":95,"featured_media":0,"parent":0,"menu_order":0,"comment_status":"closed","ping_status":"closed","template":"","meta":{"ngg_post_thumbnail":0,"footnotes":""},"class_list":["post-76","page","type-page","status-publish","hentry"],"_links":{"self":[{"href":"https:\/\/blog.edu.turku.fi\/pml\/wp-json\/wp\/v2\/pages\/76","targetHints":{"allow":["GET"]}}],"collection":[{"href":"https:\/\/blog.edu.turku.fi\/pml\/wp-json\/wp\/v2\/pages"}],"about":[{"href":"https:\/\/blog.edu.turku.fi\/pml\/wp-json\/wp\/v2\/types\/page"}],"author":[{"embeddable":true,"href":"https:\/\/blog.edu.turku.fi\/pml\/wp-json\/wp\/v2\/users\/95"}],"replies":[{"embeddable":true,"href":"https:\/\/blog.edu.turku.fi\/pml\/wp-json\/wp\/v2\/comments?post=76"}],"version-history":[{"count":217,"href":"https:\/\/blog.edu.turku.fi\/pml\/wp-json\/wp\/v2\/pages\/76\/revisions"}],"predecessor-version":[{"id":3067,"href":"https:\/\/blog.edu.turku.fi\/pml\/wp-json\/wp\/v2\/pages\/76\/revisions\/3067"}],"wp:attachment":[{"href":"https:\/\/blog.edu.turku.fi\/pml\/wp-json\/wp\/v2\/media?parent=76"}],"curies":[{"name":"wp","href":"https:\/\/api.w.org\/{rel}","templated":true}]}}