{"id":569,"date":"2020-05-05T17:58:37","date_gmt":"2020-05-05T14:58:37","guid":{"rendered":"https:\/\/blog.edu.turku.fi\/pml\/?page_id=569"},"modified":"2025-03-12T21:11:57","modified_gmt":"2025-03-12T19:11:57","slug":"instituto-de-puolalanmaki","status":"publish","type":"page","link":"https:\/\/blog.edu.turku.fi\/pml\/esittely\/instituto-de-puolalanmaki\/","title":{"rendered":"Instituto de Puolalanm\u00e4ki"},"content":{"rendered":"<p><strong>El Instituto de Educaci\u00f3n Secundaria Puolalanm\u00e4ki<\/strong> est\u00e1 situado en el centro de Turku y tiene tres edificios hist\u00f3ricos, dos de los cuales son compartidos con el colegio Puolala. Unas instalaciones modernas de estilo renovado y Art-Noveau componen un entorno atractivo. El centro fue fundado en 1928 y tom\u00f3 su nombre actual en 1976. El itinerario orientado a estudios musicales fue establecido en 1988 y es, desde 2004, uno de los trece institutos de educaci\u00f3n secundaria especializados en m\u00fasica en Finlandia.<\/p>\n<p>Los m\u00e9todos del centro est\u00e1n basados en la tradici\u00f3n, en los requerimientos actuales, as\u00ed como en las necesidades del ma\u00f1ana en una moderna y cambiante sociedad.<\/p>\n<p>El instituto Puolalanm\u00e4ki es un excelente entorno de aprendizaje, gracias a las actividades de los estudiantes y la determinaci\u00f3n de los mismos en sus estudios. Los estudiantes son alentados a estudiar &#8211; un objetivo el cual es apoyado por la oportunidad de tomar cursos opcionales en distintas asignaturas. El n\u00famero de estudiantes es aproximadamente de 500, el cual nos permite ofrecer una amplia selecci\u00f3n de cursos.<\/p>\n<p style=\"font-size: 16px;border-bottom: 1px dashed black\">Caracter\u00edsticas de Puolalanm\u00e4ki<\/p>\n<ul>\n<li>Una amplia selecci\u00f3n de idiomas y contactos internacionales<\/li>\n<li>M\u00fasica<\/li>\n<li>Educaci\u00f3n cient\u00edfica y human\u00edstica<\/li>\n<li>Enfoque consciente del medio ambiente<\/li>\n<\/ul>\n<p style=\"font-size: 16px;border-bottom: 1px dashed black\">Car\u00e1cter internacional<\/p>\n<ul>\n<li>Una amplia selecci\u00f3n de lenguas: ingl\u00e9s, ruso, alem\u00e1n, franc\u00e9s, espa\u00f1ol y sueco<\/li>\n<li>Participaci\u00f3n activa en proyectos internacionales. Ej: Proyectos de la UE y proyectos del Ministerio de Educaci\u00f3n<\/li>\n<li>Cooperaci\u00f3n con centros educativos asociados en el extranjero como en Alemania, en Francia, en Espa\u00f1a y en Suecia, as\u00ed como viajes a pa\u00edses europeos y hospedaje de visitantes extranjeros a nuestro centro<\/li>\n<li>Participaci\u00f3n en concursos internacionales en diferentes asignaturas<\/li>\n<li>Miembros de la red internacional del Ministerio de Educaci\u00f3n<\/li>\n<li>Posibilidad de obtener certificados internacionales: DELF en franc\u00e9s y Deutsche Sprachdiplom en alem\u00e1n<\/li>\n<\/ul>\n<p style=\"font-size: 16px;border-bottom: 1px dashed black\">M\u00fasica<\/p>\n<ul>\n<li>Variedad de coros de diferentes tipos y tama\u00f1os, tanto del mismo sexo como mixtos<\/li>\n<li>Varias orquestas<\/li>\n<li>Bandas de estudiantes<\/li>\n<li>Cursos de canto e instrumentos<\/li>\n<li>Cambios anuales de selecci\u00f3n de cursos<\/li>\n<li>Profesionales aclamados en diferentes \u00e1reas, ense\u00f1ando cursos individuales<\/li>\n<li>Viajes a varios pa\u00edses como premio por alto rendimiento<\/li>\n<li>El n\u00famero de estudiantes en el programa de m\u00fasica es aproximadamente de 160<\/li>\n<\/ul>\n","protected":false},"excerpt":{"rendered":"<p>El Instituto de Educaci\u00f3n Secundaria Puolalanm\u00e4ki est\u00e1 situado en el centro de Turku y tiene tres edificios hist\u00f3ricos, dos de los cuales son compartidos con el colegio Puolala. Unas instalaciones modernas de estilo renovado y Art-Noveau componen un entorno atractivo.<\/p>\n","protected":false},"author":95,"featured_media":0,"parent":88,"menu_order":0,"comment_status":"closed","ping_status":"closed","template":"","meta":{"ngg_post_thumbnail":0,"footnotes":""},"class_list":["post-569","page","type-page","status-publish","hentry"],"_links":{"self":[{"href":"https:\/\/blog.edu.turku.fi\/pml\/wp-json\/wp\/v2\/pages\/569","targetHints":{"allow":["GET"]}}],"collection":[{"href":"https:\/\/blog.edu.turku.fi\/pml\/wp-json\/wp\/v2\/pages"}],"about":[{"href":"https:\/\/blog.edu.turku.fi\/pml\/wp-json\/wp\/v2\/types\/page"}],"author":[{"embeddable":true,"href":"https:\/\/blog.edu.turku.fi\/pml\/wp-json\/wp\/v2\/users\/95"}],"replies":[{"embeddable":true,"href":"https:\/\/blog.edu.turku.fi\/pml\/wp-json\/wp\/v2\/comments?post=569"}],"version-history":[{"count":5,"href":"https:\/\/blog.edu.turku.fi\/pml\/wp-json\/wp\/v2\/pages\/569\/revisions"}],"predecessor-version":[{"id":2885,"href":"https:\/\/blog.edu.turku.fi\/pml\/wp-json\/wp\/v2\/pages\/569\/revisions\/2885"}],"up":[{"embeddable":true,"href":"https:\/\/blog.edu.turku.fi\/pml\/wp-json\/wp\/v2\/pages\/88"}],"wp:attachment":[{"href":"https:\/\/blog.edu.turku.fi\/pml\/wp-json\/wp\/v2\/media?parent=569"}],"curies":[{"name":"wp","href":"https:\/\/api.w.org\/{rel}","templated":true}]}}