{"id":567,"date":"2020-05-05T17:57:43","date_gmt":"2020-05-05T14:57:43","guid":{"rendered":"https:\/\/blog.edu.turku.fi\/pml\/?page_id=567"},"modified":"2025-03-12T21:10:35","modified_gmt":"2025-03-12T19:10:35","slug":"lycee-de-puolalanmaki","status":"publish","type":"page","link":"https:\/\/blog.edu.turku.fi\/pml\/esittely\/lycee-de-puolalanmaki\/","title":{"rendered":"Lyc\u00e9e de Puolalanm\u00e4ki"},"content":{"rendered":"<p><strong>Le lyc\u00e9e de Puolalanm\u00e4ki<\/strong> est situ\u00e9 dans le centre de Turku et est r\u00e9parti sur trois b\u00e2timents historiques, dont deux sont partag\u00e9s avec le coll\u00e8ge de Puolala. Le lyc\u00e9e a \u00e9t\u00e9 fond\u00e9 en 1928, mais ce n&#8217;est qu&#8217;en 1976 que lui fut attribu\u00e9 son nom actuel. En 1988, y fut cr\u00e9\u00e9e une fili\u00e8re musicale qui est devenue, depuis 2004, l&#8217;un des treize lyc\u00e9es de Finlande sp\u00e9cialis\u00e9s dans l&#8217;enseignement musical.<\/p>\n<p>Le lyc\u00e9e emprunt de traditions, il sait s&#8217;adapter \u00e0 son \u00e9poque pour r\u00e9pondre aux exigences actuelles ainsi qu&#8217;aux besoins et transformations de la soci\u00e9t\u00e9 de demain.<\/p>\n<p>Le lyc\u00e9e de Puolalanm\u00e4ki, ce sont des \u00e9tudiants actifs et d\u00e9termin\u00e9s dans leurs \u00e9tudes, participant \u00e0 cr\u00e9er une atmosph\u00e8re d&#8217;excellence qui invite \u00e0 l&#8217;apprentissage. Puolalanm\u00e4ki, c&#8217;est aussi un encadrement qui encourage et soutient les \u00e9l\u00e8ves dans leurs \u00e9tudes et l&#8217;approfondissement de leurs centres d&#8217;int\u00e9r\u00eats &#8211; ce qui est rendu possible par la grande vari\u00e9t\u00e9 propos\u00e9e de cours optionnels. : Notre lyc\u00e9e accueille environ 500 \u00e9l\u00e8ves, ce qui permet un large \u00e9ventail de mati\u00e8res.<\/p>\n<p style=\"font-size: 16px;border-bottom: 1px dashed black\">Caract\u00e9ristiques de Puolalanm\u00e4ki<\/p>\n<ul>\n<li>une vaste s\u00e9lection de langues et de contacts internationaux<\/li>\n<li>la musique<\/li>\n<li>enseignement scientifique et en sciences humaines<\/li>\n<li>un int\u00e9r\u00eat pour la pr\u00e9servation de l&#8217;environnement<\/li>\n<\/ul>\n<p style=\"font-size: 16px;border-bottom: 1px dashed black\">International<\/p>\n<ul>\n<li>Notre lyc\u00e9e propose l&#8217;enseignement de plusieurs langues : anglais, russe, allemand, fran\u00e7ais, espagnol et su\u00e9dois.<\/li>\n<li>Un enseignement vari\u00e9 et approfondi des langues et de leur culture.<\/li>\n<li>Nous participons activement \u00e0 des projets internationaux tels que des projets europ\u00e9ens et des projets d\u00e9velopp\u00e9s par le minist\u00e8re de l&#8217;\u00e9ducation.<\/li>\n<li>Nous avons des partenariats avec des lyc\u00e9es \u00e9trangers en France, en Allemagne, en Espagne et en Su\u00e8de, aussi bien que l&#8217;organisation de voyages dans divers pays europ\u00e9ens, ou l&#8217;accueil d&#8217;\u00e9tudiants \u00e9trangers au lyc\u00e9e.<\/li>\n<li>Nous participons r\u00e9guli\u00e8rement \u00e0 des concours internationaux dans des mati\u00e8res vari\u00e9es.<\/li>\n<li>Nous dispensons plusieurs cours ayant trait aux relations internationals.<\/li>\n<\/ul>\n<p style=\"font-size: 16px;border-bottom: 1px dashed black\">Musique<\/p>\n<ul>\n<li>il y a plusieurs chorales<\/li>\n<li>un orchestre de chambre et un big band<\/li>\n<li>plusieurs groupes d&#8217;\u00e9tudiants<\/li>\n<li>des cours de chant pour pour une ou plusieurs voix, ainsi que des cours pour divers intruments<\/li>\n<li>le programme des cours change annuellement<\/li>\n<li>des professionnels reconnus viennent dispenser des cours<\/li>\n<li>pour les \u00e9tudiants, des tourn\u00e9es sont organis\u00e9es dans diff\u00e9rents pays<\/li>\n<li>le lyc\u00e9e de musique accueille environ 160 \u00e9tudiants<\/li>\n<\/ul>\n","protected":false},"excerpt":{"rendered":"<p>Le lyc\u00e9e de Puolalanm\u00e4ki est situ\u00e9 dans le centre de Turku et est r\u00e9parti sur trois b\u00e2timents historiques, dont deux sont partag\u00e9s avec le coll\u00e8ge de Puolala. Le lyc\u00e9e a \u00e9t\u00e9 fond\u00e9 en 1928, mais ce n&#8217;est qu&#8217;en 1976 que<\/p>\n","protected":false},"author":95,"featured_media":0,"parent":88,"menu_order":0,"comment_status":"closed","ping_status":"closed","template":"","meta":{"ngg_post_thumbnail":0,"footnotes":""},"class_list":["post-567","page","type-page","status-publish","hentry"],"_links":{"self":[{"href":"https:\/\/blog.edu.turku.fi\/pml\/wp-json\/wp\/v2\/pages\/567","targetHints":{"allow":["GET"]}}],"collection":[{"href":"https:\/\/blog.edu.turku.fi\/pml\/wp-json\/wp\/v2\/pages"}],"about":[{"href":"https:\/\/blog.edu.turku.fi\/pml\/wp-json\/wp\/v2\/types\/page"}],"author":[{"embeddable":true,"href":"https:\/\/blog.edu.turku.fi\/pml\/wp-json\/wp\/v2\/users\/95"}],"replies":[{"embeddable":true,"href":"https:\/\/blog.edu.turku.fi\/pml\/wp-json\/wp\/v2\/comments?post=567"}],"version-history":[{"count":6,"href":"https:\/\/blog.edu.turku.fi\/pml\/wp-json\/wp\/v2\/pages\/567\/revisions"}],"predecessor-version":[{"id":2883,"href":"https:\/\/blog.edu.turku.fi\/pml\/wp-json\/wp\/v2\/pages\/567\/revisions\/2883"}],"up":[{"embeddable":true,"href":"https:\/\/blog.edu.turku.fi\/pml\/wp-json\/wp\/v2\/pages\/88"}],"wp:attachment":[{"href":"https:\/\/blog.edu.turku.fi\/pml\/wp-json\/wp\/v2\/media?parent=567"}],"curies":[{"name":"wp","href":"https:\/\/api.w.org\/{rel}","templated":true}]}}