{"id":235,"date":"2020-04-17T13:49:30","date_gmt":"2020-04-17T10:49:30","guid":{"rendered":"https:\/\/blog.edu.turku.fi\/pml\/?page_id=235"},"modified":"2021-05-14T12:51:09","modified_gmt":"2021-05-14T09:51:09","slug":"laskutusosoite","status":"publish","type":"page","link":"https:\/\/blog.edu.turku.fi\/pml\/laskutusosoite\/","title":{"rendered":"Laskutusosoite"},"content":{"rendered":"<div>Turun kaupungin laskutusosoitteet ja ohjeet <a href=\"https:\/\/www.turku.fi\/laskuttaminen\">t\u00e4st\u00e4 linkist\u00e4<\/a>.<\/div>\n","protected":false},"excerpt":{"rendered":"<p>Turun kaupungin laskutusosoitteet ja ohjeet t\u00e4st\u00e4 linkist\u00e4.<\/p>\n","protected":false},"author":2913,"featured_media":0,"parent":0,"menu_order":0,"comment_status":"closed","ping_status":"closed","template":"","meta":{"ngg_post_thumbnail":0,"footnotes":""},"class_list":["post-235","page","type-page","status-publish","hentry"],"_links":{"self":[{"href":"https:\/\/blog.edu.turku.fi\/pml\/wp-json\/wp\/v2\/pages\/235","targetHints":{"allow":["GET"]}}],"collection":[{"href":"https:\/\/blog.edu.turku.fi\/pml\/wp-json\/wp\/v2\/pages"}],"about":[{"href":"https:\/\/blog.edu.turku.fi\/pml\/wp-json\/wp\/v2\/types\/page"}],"author":[{"embeddable":true,"href":"https:\/\/blog.edu.turku.fi\/pml\/wp-json\/wp\/v2\/users\/2913"}],"replies":[{"embeddable":true,"href":"https:\/\/blog.edu.turku.fi\/pml\/wp-json\/wp\/v2\/comments?post=235"}],"version-history":[{"count":15,"href":"https:\/\/blog.edu.turku.fi\/pml\/wp-json\/wp\/v2\/pages\/235\/revisions"}],"predecessor-version":[{"id":1809,"href":"https:\/\/blog.edu.turku.fi\/pml\/wp-json\/wp\/v2\/pages\/235\/revisions\/1809"}],"wp:attachment":[{"href":"https:\/\/blog.edu.turku.fi\/pml\/wp-json\/wp\/v2\/media?parent=235"}],"curies":[{"name":"wp","href":"https:\/\/api.w.org\/{rel}","templated":true}]}}