{"id":232,"date":"2020-04-17T13:48:45","date_gmt":"2020-04-17T10:48:45","guid":{"rendered":"https:\/\/blog.edu.turku.fi\/pml\/?page_id=232"},"modified":"2025-06-19T13:57:50","modified_gmt":"2025-06-19T10:57:50","slug":"opettajat","status":"publish","type":"page","link":"https:\/\/blog.edu.turku.fi\/pml\/opettajat\/","title":{"rendered":"Opettajat"},"content":{"rendered":"<p><span style=\"color: #3f83bf\">Opettajien s\u00e4hk\u00f6postiosoitteet ovat muotoa<\/span><br \/>\netunimi.sukunimi@edu.turku.fi<\/p>\n<p>HUOM! Seuraavat poikkeukset:<br \/>\nEija Niemisen s\u00e4hk\u00f6postiosoite on: eija.h.nieminen(at)edu.turku.fi<br \/>\nKirsti Tuomisen s\u00e4hk\u00f6postiosoite on: kirsti.s.tuominen(at)edu.turku.fi<\/p>\n<p><img loading=\"lazy\" decoding=\"async\" class=\"alignnone wp-image-1342\" src=\"https:\/\/blog.edu.turku.fi\/pml\/files\/2020\/06\/post-1019869_640-640x640.jpg\" alt=\"\" width=\"139\" height=\"139\" srcset=\"https:\/\/blog.edu.turku.fi\/pml\/files\/2020\/06\/post-1019869_640.jpg 640w, https:\/\/blog.edu.turku.fi\/pml\/files\/2020\/06\/post-1019869_640-150x150.jpg 150w, https:\/\/blog.edu.turku.fi\/pml\/files\/2020\/06\/post-1019869_640-300x300.jpg 300w\" sizes=\"auto, (max-width: 139px) 100vw, 139px\" \/> <img loading=\"lazy\" decoding=\"async\" class=\"alignnone wp-image-1343\" src=\"https:\/\/blog.edu.turku.fi\/pml\/files\/2020\/06\/post-1019880_640-640x640.jpg\" alt=\"\" width=\"139\" height=\"139\" srcset=\"https:\/\/blog.edu.turku.fi\/pml\/files\/2020\/06\/post-1019880_640.jpg 640w, https:\/\/blog.edu.turku.fi\/pml\/files\/2020\/06\/post-1019880_640-150x150.jpg 150w, https:\/\/blog.edu.turku.fi\/pml\/files\/2020\/06\/post-1019880_640-300x300.jpg 300w\" sizes=\"auto, (max-width: 139px) 100vw, 139px\" \/><\/p>\n<p><span style=\"color: #3f83bf\">Aho Esko,<\/span> AHE historia<br \/>\n<span style=\"color: #3f83bf\">Ahonen Johanna,<\/span> AHJ opinto-ohjaus<br \/>\n<span style=\"color: #3f83bf\">Arnivaara Arja,<\/span> ARA ruotsi<br \/>\n<span style=\"color: #3f83bf\">Carlsson Maria,<\/span> CAM erityisopetus. <a href=\"https:\/\/sites.google.com\/view\/maria-carlsson\/etusivu\/opiskelijalle?authuser=0\" target=\"_blank\" rel=\"noopener\">Erityisopettajan sivut opiskelijoille<\/a><br \/>\n<span style=\"color: #3f83bf\">Ein\u00e4l\u00e4 Katariina,<\/span> EIK englanti<br \/>\n<span style=\"color: #3f83bf\">Erlin Anni,<\/span> ERA S2<br \/>\n<span style=\"color: #3f83bf\">Evesti Senja,<\/span> EVS historia<br \/>\n<span style=\"color: #3f83bf\">Hakala Minna,<\/span> HAM suomen kieli ja kirjallisuus<br \/>\n<span style=\"color: #3f83bf\">Heiskanen Arto,<\/span> HEA ruotsi<br \/>\n<span style=\"color: #3f83bf\">Hiekka Sina,<\/span> HIS biologia, maantiede, terveystieto<br \/>\n<span style=\"color: #3f83bf\">Hiidensola Eeva,<\/span> HIE englanti<br \/>\n<span style=\"color: #3f83bf\">Holm\u00e9n Joonas,<\/span> HOJ elektronisen musiikin tuotanto, studio<br \/>\n<span style=\"color: #3f83bf\">Hongisto Ilari,<\/span> HOI s\u00e4vellys<br \/>\n<span style=\"color: #3f83bf\">Huurtela Lea-Lotta,<\/span> HLL englanti<br \/>\n<span style=\"color: #3f83bf\">Jokisaari Olli-Jukka,<\/span> OJJ filosofia<br \/>\n<span style=\"color: #3f83bf\">Juvonen Sari<b>, <\/b><\/span> JUS ranska, espanja<br \/>\n<span style=\"color: #3f83bf\">Ketovuori Heli, <\/span>KEH erityisopetus<br \/>\n<span style=\"color: #3f83bf\">Kivim\u00e4ki Annamaria, <\/span>KIA ruotsi<br \/>\n<span style=\"color: #3f83bf\">Kivim\u00e4ki Kristiina,<\/span> KIK saksa<br \/>\n<span style=\"color: #3f83bf\">Koivula Henry,<\/span> KOH matematiikka, fysiikka<br \/>\n<span style=\"color: #3f83bf\">Laakso Galina,<\/span> LAG ven\u00e4j\u00e4<br \/>\n<span style=\"color: #3f83bf\">Lehtovaara Timo,<\/span> LET musiikki<br \/>\n<span style=\"color: #3f83bf\">Lempi\u00e4inen Riikka-Maria,<\/span> LRM liikunta<br \/>\n<span style=\"color: #3f83bf\">Levanto Lauri,<\/span> akustinen kitara, s\u00e4hk\u00f6kitara, rummut, b\u00e4ndit, studio<br \/>\n<span style=\"color: #3f83bf\">Mets\u00e4nkyl\u00e4 Ilpo,<\/span> MEI matematiikka<br \/>\n<span style=\"color: #3f83bf\">Mikkola Tomi,<\/span> MIT matematiikka, kemia<br \/>\n<span style=\"color: #3f83bf\">Nieminen Eija,<\/span> NIE, filosofia, psykologia<br \/>\n<span style=\"color: #3f83bf\">Nolvi Taru,<\/span> NOT matematiikka, kemia<br \/>\n<span style=\"color: #3f83bf\">Onduto Tanja,<\/span> ONT ven\u00e4j\u00e4, opinto-ohjaus<br \/>\n<span style=\"color: #3f83bf\">Pakola Eija,<\/span> PAE opinto-ohjaus<br \/>\n<span style=\"color: #3f83bf\">Pekanheimo P\u00e4ivi,<\/span> PEP suomen kieli ja kirjallisuus<br \/>\n<span style=\"color: #3f83bf\">Perho Antti,<\/span> PEA liikunta<br \/>\n<span style=\"color: #3f83bf\">Putkonen Essi,<\/span> PUE musiikki<br \/>\n<span style=\"color: #3f83bf\">P\u00e4rssinen Katri,<\/span> P\u00c4K kuvataide<br \/>\n<span style=\"color: #3f83bf\">Raja-aho Sari,<\/span> RAS biologia, terveystieto<br \/>\n<span style=\"color: #3f83bf\">Ruohikko Hanna,<\/span> RUH ev. lut. uskonto, filosofia<br \/>\n<span style=\"color: #3f83bf\">Saarinen Visa,<\/span> SAV matematiikka, fysiikka<br \/>\n<span style=\"color: #3f83bf\">Siirtola Sanna,<\/span> SIS kuvataide<br \/>\n<span style=\"color: #3f83bf\">Sirki\u00e4 Iina,<\/span> SII biologia, maantiede<br \/>\n<span style=\"color: #3f83bf\">Sj\u00f6blom Paula,<\/span> SJP englanti<br \/>\n<span style=\"color: #3f83bf\">Suokivi Elina,<\/span> SUE fysiikka<br \/>\n<span style=\"color: #3f83bf\">Susi Anni,<\/span> SUA musiikki<br \/>\n<span style=\"color: #3f83bf\">Taneli Sini,<\/span> STA el\u00e4m\u00e4nkatsomustieto<br \/>\n<span style=\"color: #3f83bf\">Tarvainen Sanna,<\/span> TAS englanti<br \/>\n<span style=\"color: #3f83bf\">Tolonen Tapani,<\/span> TOT matematiikka, fysiikka<br \/>\n<span style=\"color: #3f83bf\">Tuominen Kirsti,<\/span> TUK yksinlaulu<br \/>\n<span style=\"color: #3f83bf\">Tuovila Tarja,<\/span> TUT \u00e4idinkieli ja kirjallisuus<br \/>\n<span style=\"color: #3f83bf\">Vasseur Josselin,<\/span> VAJ ranska<br \/>\n<span style=\"color: #3f83bf\">Vieno Petri,<\/span> VIP suomen kieli ja kirjallisuus<br \/>\n<span style=\"color: #3f83bf\">Viljanen Harri,<\/span> VIH yhteiskuntaoppi<br \/>\n<span style=\"color: #3f83bf\">Virtanen Alexandra,<\/span> VIA saksa<\/p>\n","protected":false},"excerpt":{"rendered":"<p>Opettajien s\u00e4hk\u00f6postiosoitteet ovat muotoa etunimi.sukunimi@edu.turku.fi HUOM! Seuraavat poikkeukset: Eija Niemisen s\u00e4hk\u00f6postiosoite on: eija.h.nieminen(at)edu.turku.fi Kirsti Tuomisen s\u00e4hk\u00f6postiosoite on: kirsti.s.tuominen(at)edu.turku.fi Aho Esko, AHE historia Ahonen Johanna, AHJ opinto-ohjaus Arnivaara Arja, ARA ruotsi Carlsson Maria, CAM erityisopetus. Erityisopettajan sivut opiskelijoille Ein\u00e4l\u00e4 Katariina, EIK<\/p>\n","protected":false},"author":95,"featured_media":0,"parent":0,"menu_order":0,"comment_status":"closed","ping_status":"closed","template":"","meta":{"ngg_post_thumbnail":0,"footnotes":""},"class_list":["post-232","page","type-page","status-publish","hentry"],"_links":{"self":[{"href":"https:\/\/blog.edu.turku.fi\/pml\/wp-json\/wp\/v2\/pages\/232","targetHints":{"allow":["GET"]}}],"collection":[{"href":"https:\/\/blog.edu.turku.fi\/pml\/wp-json\/wp\/v2\/pages"}],"about":[{"href":"https:\/\/blog.edu.turku.fi\/pml\/wp-json\/wp\/v2\/types\/page"}],"author":[{"embeddable":true,"href":"https:\/\/blog.edu.turku.fi\/pml\/wp-json\/wp\/v2\/users\/95"}],"replies":[{"embeddable":true,"href":"https:\/\/blog.edu.turku.fi\/pml\/wp-json\/wp\/v2\/comments?post=232"}],"version-history":[{"count":66,"href":"https:\/\/blog.edu.turku.fi\/pml\/wp-json\/wp\/v2\/pages\/232\/revisions"}],"predecessor-version":[{"id":2979,"href":"https:\/\/blog.edu.turku.fi\/pml\/wp-json\/wp\/v2\/pages\/232\/revisions\/2979"}],"wp:attachment":[{"href":"https:\/\/blog.edu.turku.fi\/pml\/wp-json\/wp\/v2\/media?parent=232"}],"curies":[{"name":"wp","href":"https:\/\/api.w.org\/{rel}","templated":true}]}}