{"id":1531,"date":"2020-10-15T11:31:31","date_gmt":"2020-10-15T08:31:31","guid":{"rendered":"https:\/\/blog.edu.turku.fi\/pml\/?page_id=1531"},"modified":"2026-02-06T09:22:26","modified_gmt":"2026-02-06T07:22:26","slug":"musiikkilinjan-hakuohjeet","status":"publish","type":"page","link":"https:\/\/blog.edu.turku.fi\/pml\/hakijalle\/musiikkilinjan-hakuohjeet\/","title":{"rendered":"Musiikkilinjan hakuohjeet"},"content":{"rendered":"<p><img loading=\"lazy\" decoding=\"async\" class=\"wp-image-759 aligncenter\" src=\"https:\/\/blog.edu.turku.fi\/pml\/files\/2020\/05\/Na\u0308ytto\u0308kuva-2019-01-13-kello-3.58.10-PM-300x168.png\" alt=\"\" width=\"419\" height=\"235\" srcset=\"https:\/\/blog.edu.turku.fi\/pml\/files\/2020\/05\/Na\u0308ytto\u0308kuva-2019-01-13-kello-3.58.10-PM-300x168.png 300w, https:\/\/blog.edu.turku.fi\/pml\/files\/2020\/05\/Na\u0308ytto\u0308kuva-2019-01-13-kello-3.58.10-PM-1024x574.png 1024w, https:\/\/blog.edu.turku.fi\/pml\/files\/2020\/05\/Na\u0308ytto\u0308kuva-2019-01-13-kello-3.58.10-PM.png 1280w\" sizes=\"auto, (max-width: 419px) 100vw, 419px\" \/><\/p>\n<h4>Puolalanm\u00e4en musiikkilinja<\/h4>\n<p>Lukiomme musiikkilinja tarjoaa monipuolisia el\u00e4myksi\u00e4 ja kokemuksia musiikin parissa sek\u00e4 pyrkii her\u00e4tt\u00e4m\u00e4\u00e4n koko el\u00e4m\u00e4n ajan kest\u00e4v\u00e4n kiinnostuksen musiikkiin. Tuemme musiikkialan jatko-opintoihin ja ammatteihin suuntaavia opinnoissaan. Musiikkikasvatuksemme on monipuolista ja erityisen\u00e4 vahvuutenamme on kuorotoiminta sek\u00e4 suuret musiikkiprojektit, usein yhteisty\u00f6ss\u00e4 Puolalan musiikkiluokkien kanssa. J\u00e4rjest\u00e4mme vuosittain useita konsertteja Turussa ja l\u00e4hikunnissa yhteisty\u00f6ss\u00e4 musiikkioppilaitosten kanssa. Musiikkilinja tuo oman vahvan osansa Puolalanm\u00e4en lukion kansainv\u00e4liseen toimintaan. Kuorot matkustavat s\u00e4\u00e4nn\u00f6llisesti ulkomaille ja koulussamme vierailee esiintyj\u00e4ryhmi\u00e4 vuosittain. Lue lis\u00e4\u00e4 musiikkilukiosta <strong><a href=\"https:\/\/blog.edu.turku.fi\/pml\/musiikkilukio\/\">t\u00e4st\u00e4<\/a><\/strong>. Jos sinua kiinnostaa k\u00e4yd\u00e4 katsomassa konserttia tms. tapahtumaa, katso aikataulut&nbsp;<strong><a href=\"https:\/\/www.puolalanmusiikki.fi\/ajankohtaista\/\" target=\"_blank\" rel=\"noopener\">t\u00e4\u00e4lt\u00e4<\/a><\/strong>.<\/p>\n<h4>Esittelyillat<\/h4>\n<p>Kev\u00e4\u00e4n 2026 esittelyillat on pidetty. L\u00e4mmin kiitos kaikille esittelyiltoihin osallistuneille. Jos sinulle j\u00e4i viel\u00e4 kysytt\u00e4v\u00e4\u00e4 tai pohdittavaa, niin ole meihin yhteydess\u00e4!<\/p>\n<p>Voit tutustua lukiomme toimintaan ja tunnelmiin my\u00f6s kotisivujen ja Instagramin (@puolalanmaenlukio) avulla.<\/p>\n<h4>Musiikkilinjalle haetaan yhteishaun kautta<\/h4>\n<p>Kev\u00e4\u00e4n 2026&nbsp;<strong>yhteishakuaika<\/strong>&nbsp;syksyll\u00e4 2026 alkavaan&nbsp;perusopetuksen j\u00e4lkeiseen koulutukseen on&nbsp;<strong>17.2.\u201317.3.2026<\/strong>.<\/p>\n<p>Lukioomme otetaan vuosittain yhteens\u00e4 165 uutta opiskelijaa: 117 yleislinjalle ja <strong>48 musiikkilinjalle<\/strong>.<\/p>\n<p><strong>Musiikkilinjan p\u00e4\u00e4sykokeet toteutetaan kev\u00e4\u00e4ll\u00e4 2026 videohakuna. <\/strong>Kaikkien hakijoiden tulee osallistua p\u00e4\u00e4sykokeeseen. Lukio ei vastaanota hakijoilta suosituksia, todistuksia musiikkisuorituksista tai paperilla t\u00e4ytettyj\u00e4 taustatietokyselyit\u00e4.<\/p>\n<p>Musiikkilinjan valintapisteet muodostuvat seuraavasti:<\/p>\n<ul>\n<li>p\u00e4\u00e4tt\u00f6todistuksen lukuaineiden keskiarvo: enint\u00e4\u00e4n 10 p.<\/li>\n<li>p\u00e4\u00e4sykoevideo: enint\u00e4\u00e4n 8 p.<\/li>\n<li>mahdollinen taiteen perusopetuksen p\u00e4\u00e4tt\u00f6tutkinto (laaja oppim\u00e4\u00e4r\u00e4): 2 p.<\/li>\n<li>kokonaispistem\u00e4\u00e4r\u00e4 enint\u00e4\u00e4n 20 p.<\/li>\n<\/ul>\n<p>P\u00e4\u00e4sykoevideosta on saatava v\u00e4hint\u00e4\u00e4n 3 pistett\u00e4, jotta voi tulla valituksi.<\/p>\n<h4>Hakuohjeet kev\u00e4\u00e4ll\u00e4 2026<\/h4>\n<ol>\n<li>T\u00e4yt\u00e4 s\u00e4hk\u00f6inen<strong> yhteishakulomake <\/strong>Opintopolussa 17.2.\u201317.3.2026.<\/li>\n<li>T\u00e4yt\u00e4 yhteishaun aikana my\u00f6s<strong> t\u00e4m\u00e4&nbsp;<a href=\"https:\/\/link.webropolsurveys.com\/S\/2DEC3B8070355417\" target=\"_blank\" rel=\"noopener\">musiikkilinjan s\u00e4hk\u00f6inen taustatietokysely<\/a>. <\/strong>Kysely sulkeutuu 17.3. klo 15.00.&nbsp;<br \/>\nT\u00e4st\u00e4 voit katsoa ja halutessasi printata <a href=\"https:\/\/blog.edu.turku.fi\/pml\/files\/2026\/02\/Taustatietolomakkeen-malli.pdf\" target=\"_blank\" rel=\"noopener\">kyselylomakkeen mallin (pdf)<\/a>. Huom. itse kysely t\u00e4ytet\u00e4\u00e4n ja l\u00e4hetet\u00e4\u00e4n s\u00e4hk\u00f6isesti.<br \/>\nLinkki kyselylomakkeeseen l\u00f6ytyy my\u00f6s Opintopolusta kohdasta <em>Valintaperusteet:<\/em> <em>Liitteet<\/em>.<br \/>\nJos sinulla on <strong><em>Taiteen perusopetuksen p\u00e4\u00e4tt\u00f6todistus (laaja oppim\u00e4\u00e4r\u00e4)<\/em><\/strong>, skannaa se tai ota siit\u00e4 kuva ja <strong>liit\u00e4 se mukaan<\/strong> kyselyss\u00e4 ilmoitettuun kohtaan.<\/li>\n<li><strong>Valmista p\u00e4\u00e4sykoevideosi <\/strong>ja lataa se esimerkiksi Youtubeen tai Vimeoon. L\u00e4het\u00e4 linkki s\u00e4hk\u00f6postilla osoitteeseen pmmusiikkilukio@gmail.com 26.4.2026 klo 16.00 menness\u00e4. Jos et pysty lataamaan videota, tallenna se esim. Google Driveen ja jaa linkill\u00e4. Lue ohjeet p\u00e4\u00e4sykoevideoon oikeanpuoleisen sivupalkin linkist\u00e4 &#8221;Musiikkilinjan hakuohjeet&#8221;.<\/li>\n<li>Pid\u00e4 videosi saatavilla elokuun 2026 loppuun asti.<\/li>\n<\/ol>\n<p>Tiedustelut: musiikkilinjan vastaava Timo Lehtovaara timo.lehtovaara@edu.turku.fi<\/p>\n<h4>Ohjeet p\u00e4\u00e4sykoevideon tekemiseen<\/h4>\n<p>Ohjeet l\u00f6ytyv\u00e4t pdf-versiona oikeanpuoleisen sivupalkin linkist\u00e4 &#8221;Musiikkilinjan hakuohjeet&#8221;. LUE OHJEET TARKKAAN!<\/p>\n<h4>Yhteishaun j\u00e4lkeen<\/h4>\n<p>Yhteishaun <strong>tulokset<\/strong> julkaistaan aikaisintaan <strong>11.6.2026<\/strong>. Valinnan tuloksen n\u00e4kee Opintopolusta. Mik\u00e4li s\u00e4hk\u00f6postiosoite on ilmoitettu hakemuksessa, Opintopolusta saa tulokset my\u00f6s s\u00e4hk\u00f6postiin. Lukiopaikka vastaanotetaan Opintopolun s\u00e4hk\u00f6postiviestiss\u00e4 olevan linkin kautta viimeist\u00e4\u00e4n 25.6.2026. Lukion oma suositus on, ett\u00e4 merkitset paikan vastaanotetuksi \/ hylk\u00e4\u00e4t paikan Opintopolussa viimeist\u00e4\u00e4n keskiviikkona 17.6.2026. Voit my\u00f6s ilmoittaa tiedon puhelimitse lukion kansliaan (p. 040 569 2835).<\/p>\n<p>Mik\u00e4li sinulla on kysytt\u00e4v\u00e4\u00e4 lukioomme hakeutumisesta tai lukion toiminnasta, ole yhteydess\u00e4 rehtoreihin tai opinto-ohjaajiin. <a href=\"https:\/\/blog.edu.turku.fi\/pml\/yhteystiedot\/\">T\u00e4\u00e4lt\u00e4 l\u00f6yd\u00e4t yhteystiedot<\/a>.<\/p>\n<p><strong>Tervetuloa Turun viihtyisimp\u00e4\u00e4n lukioon!<\/strong><\/p>\n","protected":false},"excerpt":{"rendered":"<p>Puolalanm\u00e4en musiikkilinja Lukiomme musiikkilinja tarjoaa monipuolisia el\u00e4myksi\u00e4 ja kokemuksia musiikin parissa sek\u00e4 pyrkii her\u00e4tt\u00e4m\u00e4\u00e4n koko el\u00e4m\u00e4n ajan kest\u00e4v\u00e4n kiinnostuksen musiikkiin. Tuemme musiikkialan jatko-opintoihin ja ammatteihin suuntaavia opinnoissaan. Musiikkikasvatuksemme on monipuolista ja erityisen\u00e4 vahvuutenamme on kuorotoiminta sek\u00e4 suuret musiikkiprojektit, usein yhteisty\u00f6ss\u00e4<\/p>\n","protected":false},"author":95,"featured_media":0,"parent":9,"menu_order":0,"comment_status":"closed","ping_status":"closed","template":"page-templates\/contact.php","meta":{"ngg_post_thumbnail":0,"footnotes":""},"class_list":["post-1531","page","type-page","status-publish","hentry"],"_links":{"self":[{"href":"https:\/\/blog.edu.turku.fi\/pml\/wp-json\/wp\/v2\/pages\/1531","targetHints":{"allow":["GET"]}}],"collection":[{"href":"https:\/\/blog.edu.turku.fi\/pml\/wp-json\/wp\/v2\/pages"}],"about":[{"href":"https:\/\/blog.edu.turku.fi\/pml\/wp-json\/wp\/v2\/types\/page"}],"author":[{"embeddable":true,"href":"https:\/\/blog.edu.turku.fi\/pml\/wp-json\/wp\/v2\/users\/95"}],"replies":[{"embeddable":true,"href":"https:\/\/blog.edu.turku.fi\/pml\/wp-json\/wp\/v2\/comments?post=1531"}],"version-history":[{"count":85,"href":"https:\/\/blog.edu.turku.fi\/pml\/wp-json\/wp\/v2\/pages\/1531\/revisions"}],"predecessor-version":[{"id":3077,"href":"https:\/\/blog.edu.turku.fi\/pml\/wp-json\/wp\/v2\/pages\/1531\/revisions\/3077"}],"up":[{"embeddable":true,"href":"https:\/\/blog.edu.turku.fi\/pml\/wp-json\/wp\/v2\/pages\/9"}],"wp:attachment":[{"href":"https:\/\/blog.edu.turku.fi\/pml\/wp-json\/wp\/v2\/media?parent=1531"}],"curies":[{"name":"wp","href":"https:\/\/api.w.org\/{rel}","templated":true}]}}