{"id":1116,"date":"2020-05-14T11:36:59","date_gmt":"2020-05-14T08:36:59","guid":{"rendered":"https:\/\/blog.edu.turku.fi\/pml\/?page_id=1116"},"modified":"2026-04-15T13:32:45","modified_gmt":"2026-04-15T10:32:45","slug":"kotisivujen-etusivu","status":"publish","type":"page","link":"https:\/\/blog.edu.turku.fi\/pml\/","title":{"rendered":"Kotisivujen etusivu"},"content":{"rendered":"<h2>Tervetuloa Puolalanm\u00e4en lukion kotisivuille!<\/h2>\n<p>Puolalanm\u00e4en lukio toimii kolmessa historiallisesti arvokkaassa rakennuksessa, osittain yhdess\u00e4 Puolalan yl\u00e4koulun kanssa. Rakennukset sijaitsevat kaupungin keskustassa Kauppatorin tuntumassa. Lukion sis\u00e4lle sen osana perustettiin v. 1988 valtakunnallinen musiikin erikoislukio, joka opetusministeri\u00f6n v. 2004 tekem\u00e4n p\u00e4\u00e4t\u00f6ksen mukaisesti on yksi Suomen 13 musiikkilukiosta. Puolalanm\u00e4en lukion toiminnan pohjana ovat perinteet, nykyajan vaatimukset ja tulevaisuuden ennakointi muuttuvassa yhteiskunnassa. <a href=\"https:\/\/blog.edu.turku.fi\/pml\/esittely\/\" target=\"_blank\" rel=\"noopener noreferrer\">Lue lis\u00e4\u00e4&#8230;<\/a><\/p>\n<hr \/>\n<h3>Ajankohtaista:<\/h3>\n<p>Kanslia on&nbsp; auki koulup\u00e4ivisin klo 8-12.<\/p>\n<h4>Yhteishaun tulokset<\/h4>\n<p>Yhteishaun tulokset julkaistaan aikaisintaan 11.6.2026. Valinnan tuloksen n\u00e4kee Opintopolusta. Mik\u00e4li s\u00e4hk\u00f6postiosoite on ilmoitettu hakemuksessa, Opintopolusta saa tulokset my\u00f6s s\u00e4hk\u00f6postiin. Lukiopaikka vastaanotetaan Opintopolun s\u00e4hk\u00f6postiviestiss\u00e4 olevan linkin kautta viimeist\u00e4\u00e4n 25.6.2026. Lukion oma suositus on, ett\u00e4 merkitset paikan vastaanotetuksi \/ hylk\u00e4\u00e4t paikan Opintopolussa viimeist\u00e4\u00e4n keskiviikkona 17.6.2026. Voit my\u00f6s ilmoittaa tiedon puhelimitse lukion kansliaan (p. 040 569 2835).<\/p>\n<p>Voit tutustua lukiomme toimintaan ja tunnelmiin my\u00f6s kotisivujen ja Instagramin (@puolalanmaenlukio) avulla.<\/p>\n<h4>Koulumatkatuen hakeminen<\/h4>\n<p>Koulumatkan tulee olla oppivelvollisilla maksuttomaan koulutukseen oikeutetuilla v\u00e4hint\u00e4\u00e4n 7 km ja muilla v\u00e4hint\u00e4\u00e4n 10 km.&nbsp;<strong>Koulumatkatukea haetaan verkkohakemuksella OmaKelassa<\/strong> (<a href=\"http:\/\/www.kela.fi\/omakela\">www.kela.fi\/omakela<\/a>).&nbsp;Jotta voit kirjautua <a href=\"https:\/\/www.kela.fi\/omakela\">OmaKelaan<\/a>, tarvitset omat verkkopankkitunnukset tai mobiilivarmenteen. Huolehdithan siis ajoissa, ett\u00e4 sinulla on k\u00e4yt\u00f6ss\u00e4si tunnukset tai varmenne.&nbsp;Lis\u00e4tietoja koulumatkatuesta on osoitteessa <a href=\"http:\/\/www.kela.fi\/koulumatkatuki\">www.kela.fi\/koulumatkatuki<\/a><\/p>\n<h4>Musiikissa tapahtuu<\/h4>\n<p>Tulevia konsertteja:<\/p>\n<p>Vieraita Ceccanosta Italiasta koulussamme 20.-25.4. Konsertti Betel-kirkossa torstaina 23.4. klo 19&nbsp;<\/p>\n<p><img loading=\"lazy\" decoding=\"async\" class=\"alignnone size-medium wp-image-3090\" src=\"https:\/\/blog.edu.turku.fi\/pml\/files\/2026\/04\/CECCANO2026JULISTE-213x300.jpg\" alt=\"\" width=\"213\" height=\"300\" srcset=\"https:\/\/blog.edu.turku.fi\/pml\/files\/2026\/04\/CECCANO2026JULISTE-213x300.jpg 213w, https:\/\/blog.edu.turku.fi\/pml\/files\/2026\/04\/CECCANO2026JULISTE-728x1024.jpg 728w, https:\/\/blog.edu.turku.fi\/pml\/files\/2026\/04\/CECCANO2026JULISTE.jpg 1192w\" sizes=\"auto, (max-width: 213px) 100vw, 213px\" \/><\/p>\n<p>Perjantaina 24.4. Lempi-kuoron &#8221;Here Comes The Sun&#8221; -konsertti Puutarhakadun alasalissa<br \/>\nklo 17 ja 19!<\/p>\n<p><img loading=\"lazy\" decoding=\"async\" class=\"alignnone size-medium wp-image-3086\" src=\"https:\/\/blog.edu.turku.fi\/pml\/files\/2026\/04\/Lempi-juliste-212x300.jpg\" alt=\"\" width=\"212\" height=\"300\" srcset=\"https:\/\/blog.edu.turku.fi\/pml\/files\/2026\/04\/Lempi-juliste-212x300.jpg 212w, https:\/\/blog.edu.turku.fi\/pml\/files\/2026\/04\/Lempi-juliste-724x1024.jpg 724w, https:\/\/blog.edu.turku.fi\/pml\/files\/2026\/04\/Lempi-juliste.jpg 1448w\" sizes=\"auto, (max-width: 212px) 100vw, 212px\" \/><\/p>\n<p>&nbsp;<\/p>\n<p>Lis\u00e4tietoja kaikista n\u00e4ist\u00e4 tulee t\u00e4lle palstalle!&nbsp;&nbsp;<\/p>\n<p>Katso musiikkiin liittyvi\u00e4 tapahtumia <strong><a href=\"https:\/\/www.puolalanmusiikki.fi\/ajankohtaista\/\" target=\"_blank\" rel=\"noopener\">t\u00e4\u00e4lt\u00e4<\/a><\/strong><\/p>\n<p>Tarvitsetko tilaisuuteesi esiintyj\u00e4n? Ehk\u00e4 kuoron, lauluyhtyeen tai solistin? Tiernapojat tai luciat tuomaan joulun tunnelmaa? B\u00e4ndin tai jopa kokonaisen orkesterin? Lis\u00e4tiedot ja esityksen tilaukset musiikkiluokkien intendentilt\u00e4 Susanna Suorannalta s\u00e4hk\u00f6postitse <a href=\"mailto:puolalan.musiikki@gmail.com\">puolalan.musiikki@gmail.com<\/a>. Kerrothan s\u00e4hk\u00f6postissa, milloin ja millaisen esityksen haluat. Esitysten tuotot k\u00e4ytet\u00e4\u00e4n musiikkiluokkien ja -lukion toiminnan tukemiseksi.<\/p>\n<hr \/>\n<p>&nbsp;<br \/>\n&nbsp;&nbsp;&nbsp; <a href=\"https:\/\/blog.edu.turku.fi\/pml\/files\/2025\/06\/Opinto-opas-2025-2026-opiskelijaversio-nettiin.pdf\" target=\"_blank\" rel=\"noopener\"><img loading=\"lazy\" decoding=\"async\" class=\"alignnone wp-image-2967\" src=\"https:\/\/blog.edu.turku.fi\/pml\/files\/2025\/06\/etukansi-212x300.png\" alt=\"Puolalanm\u00e4en lukion opinto-oppaan 2025-2026 kansikuva\" width=\"200\" height=\"283\" srcset=\"https:\/\/blog.edu.turku.fi\/pml\/files\/2025\/06\/etukansi-212x300.png 212w, https:\/\/blog.edu.turku.fi\/pml\/files\/2025\/06\/etukansi-725x1024.png 725w, https:\/\/blog.edu.turku.fi\/pml\/files\/2025\/06\/etukansi.png 753w\" sizes=\"auto, (max-width: 200px) 100vw, 200px\" \/><\/a> &nbsp;&nbsp;&nbsp; &nbsp; &nbsp;&nbsp;<\/p>\n<hr \/>\n<h4>Kalenteri<\/h4>\n<p>\n<!-- iframe plugin v.6.0 wordpress.org\/plugins\/iframe\/ -->\n<iframe loading=\"lazy\" src=\"https:\/\/calendar.google.com\/calendar\/embed?height=300&#038;wkst=1&#038;bgcolor=%23ffffff&#038;ctz=Europe%2FHelsinki&#038;src=ZWR1LnR1cmt1LmZpX2k2aWJka2xycXFuZmoxbWJjOGQzYnJ2NGNnQGdyb3VwLmNhbGVuZGFyLmdvb2dsZS5jb20&#038;src=ZmkuZmlubmlzaCNob2xpZGF5QGdyb3VwLnYuY2FsZW5kYXIuZ29vZ2xlLmNvbQ&#038;color=%23F4511E&#038;color=%230B8043&#038;showPrint=0&#038;showCalendars=1&#038;showTz=0&#038;showTitle=1&#038;showDate=1&#038;showTabs=1&#038;showNav=1\" style=\"border:solid 1px #777\" width=\"500\" height=\"300\" frameborder=\"0\" 0=\"scrolling=&quot;no&quot;&gt;&lt;\/iframe\" scrolling=\"yes\" class=\"iframe-class\"><\/iframe>\n<br \/>\n&nbsp;<br \/>\nT\u00e4m\u00e4n URL-osoitteen avulla p\u00e4\u00e4set kalenteriin selaimella.<br \/>\n<a href=\"https:\/\/calendar.google.com\/calendar\/embed?src=edu.turku.fi_i6ibdklrqqnfj1mbc8d3brv4cg%40group.calendar.google.com&amp;ctz=Europe%2FHelsinki\" target=\"_blank\" rel=\"noopener noreferrer\">Kalenteri omalla verkkosivullaan.<\/a><\/p>\n<p>T\u00e4m\u00e4n osoitteen avulla p\u00e4\u00e4set kalenteriin muista sovelluksista.<br \/>\n<a href=\"https:\/\/calendar.google.com\/calendar\/ical\/edu.turku.fi_i6ibdklrqqnfj1mbc8d3brv4cg%40group.calendar.google.com\/public\/basic.ics\" target=\"_blank\" rel=\"noopener noreferrer\">iCal-osoite<\/a>.<\/p>\n<p>&nbsp;<\/p>\n","protected":false},"excerpt":{"rendered":"<p>Tervetuloa Puolalanm\u00e4en lukion kotisivuille! Puolalanm\u00e4en lukio toimii kolmessa historiallisesti arvokkaassa rakennuksessa, osittain yhdess\u00e4 Puolalan yl\u00e4koulun kanssa. Rakennukset sijaitsevat kaupungin keskustassa Kauppatorin tuntumassa. Lukion sis\u00e4lle sen osana perustettiin v. 1988 valtakunnallinen musiikin erikoislukio, joka opetusministeri\u00f6n v. 2004 tekem\u00e4n p\u00e4\u00e4t\u00f6ksen mukaisesti on<\/p>\n","protected":false},"author":95,"featured_media":0,"parent":0,"menu_order":0,"comment_status":"closed","ping_status":"closed","template":"","meta":{"ngg_post_thumbnail":0,"footnotes":""},"class_list":["post-1116","page","type-page","status-publish","hentry"],"_links":{"self":[{"href":"https:\/\/blog.edu.turku.fi\/pml\/wp-json\/wp\/v2\/pages\/1116","targetHints":{"allow":["GET"]}}],"collection":[{"href":"https:\/\/blog.edu.turku.fi\/pml\/wp-json\/wp\/v2\/pages"}],"about":[{"href":"https:\/\/blog.edu.turku.fi\/pml\/wp-json\/wp\/v2\/types\/page"}],"author":[{"embeddable":true,"href":"https:\/\/blog.edu.turku.fi\/pml\/wp-json\/wp\/v2\/users\/95"}],"replies":[{"embeddable":true,"href":"https:\/\/blog.edu.turku.fi\/pml\/wp-json\/wp\/v2\/comments?post=1116"}],"version-history":[{"count":662,"href":"https:\/\/blog.edu.turku.fi\/pml\/wp-json\/wp\/v2\/pages\/1116\/revisions"}],"predecessor-version":[{"id":3092,"href":"https:\/\/blog.edu.turku.fi\/pml\/wp-json\/wp\/v2\/pages\/1116\/revisions\/3092"}],"wp:attachment":[{"href":"https:\/\/blog.edu.turku.fi\/pml\/wp-json\/wp\/v2\/media?parent=1116"}],"curies":[{"name":"wp","href":"https:\/\/api.w.org\/{rel}","templated":true}]}}