{"id":1021,"date":"2020-05-13T14:55:42","date_gmt":"2020-05-13T11:55:42","guid":{"rendered":"https:\/\/blog.edu.turku.fi\/pml\/?page_id=1021"},"modified":"2023-06-07T13:11:02","modified_gmt":"2023-06-07T10:11:02","slug":"aktiivinen-kansalainen-kurssi","status":"publish","type":"page","link":"https:\/\/blog.edu.turku.fi\/pml\/opiskelijalle\/kansainvalisyys\/aktiivinen-kansalainen-kurssi\/","title":{"rendered":"Aktiivinen kansalainen -opintojakso"},"content":{"rendered":"<p>Puolalanm\u00e4en lukiossa toteutetaan yhten\u00e4 opetussuunnitelman teemaopintoihin kuuluvana kurssina Aktiivinen maailmankansalainen -kurssi. Kurssin tavoitteena on saada lukiolaiset ja Turussa asuvat maahanmuuttajataustaiset nuoret kohtaamaan.<\/p>\n<p>Yhteisty\u00f6kumppanina on SPR, jonka koulutus valmistaa lukiolaisia toimimaan monikulttuurisissa ymp\u00e4rist\u00f6iss\u00e4. Koulutuksen j\u00e4lkeen suunnitellaan yhdess\u00e4, millaisiin Turussa toteutuviin monikulttuurisiin toimintoihin osallistutaan. T\u00e4m\u00e4n j\u00e4lkeen opiskelijat valitsevat mieleisens\u00e4 toimintamuodot. Lis\u00e4ksi suunnitellaan itse erilaisia monikulttuurisia toimintoja ja tapahtumia kurssin muiden yhteisty\u00f6kumppaneiden kanssa. N\u00e4it\u00e4 ovat olleet esimerkiksi peruskouluun valmistava opetus (valmo), Pansion vastaanottokeskus, SPR:n nuorten ryhm\u00e4koti, Globaalinuoret ry ja Mikaelin seurakunta.<\/p>\n<p>Edla, ylioppilas v. 2018:<br \/>\n<em>\u201dKurssin aikana ehdimme tehd\u00e4 monia mielenkiintoisia ja mahtavia asioita monikulttuurisuuden parissa. Erilaiset aktiviteetit eiv\u00e4t mielest\u00e4ni kuitenkaan olleet kurssin paras puoli vaan niiden j\u00e4tt\u00e4m\u00e4 vaikutus ajatusmaailmaani. Jokainen uusi kohtaaminen t\u00e4ysin tuntemattoman ja erilaisesta taustasta tulevan ihmisen kanssa opetti minulle jotain uutta maailmasta sek\u00e4 itsest\u00e4ni. Opin, ett\u00e4 erilaisesta perspektiivist\u00e4 katsottuna asiat voivat saada t\u00e4ysin eri merkityksen. Samalla kurssi aiheutti minulle kuitenkin my\u00f6s ahdistusta, sill\u00e4 ymm\u00e4rsin, kuinka paljon meill\u00e4 on viel\u00e4 tekemist\u00e4 esimerkiksi rasismin kitkemisess\u00e4 yhteiskunnasta. Aktiivinen maailmankansalainen -kurssi on avartava kokemus, ja suosittelen sit\u00e4 kaikille, jotka haluavat tutkia omaa arvomaailmaansa ja olla mukana muutoksessa. Itse l\u00e4hdin kurssille Emma Watsonin kuuluisien sanojen her\u00e4tt\u00e4m\u00e4n\u00e4: \u201dIf not me, who? If not now, when?\u201d<\/em><\/p>\n<p>&nbsp;<\/p>\n","protected":false},"excerpt":{"rendered":"<p>Puolalanm\u00e4en lukiossa toteutetaan yhten\u00e4 opetussuunnitelman teemaopintoihin kuuluvana kurssina Aktiivinen maailmankansalainen -kurssi. Kurssin tavoitteena on saada lukiolaiset ja Turussa asuvat maahanmuuttajataustaiset nuoret kohtaamaan. Yhteisty\u00f6kumppanina on SPR, jonka koulutus valmistaa lukiolaisia toimimaan monikulttuurisissa ymp\u00e4rist\u00f6iss\u00e4. Koulutuksen j\u00e4lkeen suunnitellaan yhdess\u00e4, millaisiin Turussa toteutuviin monikulttuurisiin<\/p>\n","protected":false},"author":2913,"featured_media":0,"parent":1010,"menu_order":0,"comment_status":"closed","ping_status":"closed","template":"","meta":{"ngg_post_thumbnail":0,"footnotes":""},"class_list":["post-1021","page","type-page","status-publish","hentry"],"_links":{"self":[{"href":"https:\/\/blog.edu.turku.fi\/pml\/wp-json\/wp\/v2\/pages\/1021","targetHints":{"allow":["GET"]}}],"collection":[{"href":"https:\/\/blog.edu.turku.fi\/pml\/wp-json\/wp\/v2\/pages"}],"about":[{"href":"https:\/\/blog.edu.turku.fi\/pml\/wp-json\/wp\/v2\/types\/page"}],"author":[{"embeddable":true,"href":"https:\/\/blog.edu.turku.fi\/pml\/wp-json\/wp\/v2\/users\/2913"}],"replies":[{"embeddable":true,"href":"https:\/\/blog.edu.turku.fi\/pml\/wp-json\/wp\/v2\/comments?post=1021"}],"version-history":[{"count":6,"href":"https:\/\/blog.edu.turku.fi\/pml\/wp-json\/wp\/v2\/pages\/1021\/revisions"}],"predecessor-version":[{"id":2393,"href":"https:\/\/blog.edu.turku.fi\/pml\/wp-json\/wp\/v2\/pages\/1021\/revisions\/2393"}],"up":[{"embeddable":true,"href":"https:\/\/blog.edu.turku.fi\/pml\/wp-json\/wp\/v2\/pages\/1010"}],"wp:attachment":[{"href":"https:\/\/blog.edu.turku.fi\/pml\/wp-json\/wp\/v2\/media?parent=1021"}],"curies":[{"name":"wp","href":"https:\/\/api.w.org\/{rel}","templated":true}]}}