{"id":1010,"date":"2020-05-13T14:40:55","date_gmt":"2020-05-13T11:40:55","guid":{"rendered":"https:\/\/blog.edu.turku.fi\/pml\/?page_id=1010"},"modified":"2024-02-12T14:40:44","modified_gmt":"2024-02-12T12:40:44","slug":"kansainvalisyys","status":"publish","type":"page","link":"https:\/\/blog.edu.turku.fi\/pml\/opiskelijalle\/kansainvalisyys\/","title":{"rendered":"Kansainv\u00e4lisyys ja Unesco"},"content":{"rendered":"<p><img loading=\"lazy\" decoding=\"async\" class=\"alignnone wp-image-1391\" src=\"https:\/\/blog.edu.turku.fi\/pml\/files\/2020\/06\/ikkunabanneri-1024x261-1-1024x261.jpg\" alt=\"Aurakadun lasimosaiikki, kuvassa maapallo. Kuvituskuva.\" width=\"676\" height=\"172\" srcset=\"https:\/\/blog.edu.turku.fi\/pml\/files\/2020\/06\/ikkunabanneri-1024x261-1.jpg 1024w, https:\/\/blog.edu.turku.fi\/pml\/files\/2020\/06\/ikkunabanneri-1024x261-1-300x76.jpg 300w\" sizes=\"auto, (max-width: 676px) 100vw, 676px\" \/><\/p>\n<h3>Unesco<\/h3>\n<p>Puolalanm\u00e4en lukio on osa maailmanlaajuista Unesco-kouluverkostoa. Verkoston tarkoituksena on edist\u00e4\u00e4 kulttuurienv\u00e4list\u00e4 vuorovaikutusta, rauhaa, kest\u00e4v\u00e4\u00e4 tulevaisuutta ja laadukasta koulutusta. Unesco-kouluna j\u00e4rjest\u00e4mme opiskelijoillemme tapahtumia, joissa k\u00e4sitell\u00e4\u00e4n yhdess\u00e4 ajankohtaisia ja globaaleja kysymyksi\u00e4. Tavoitteena on tarjota nuorille paremmat l\u00e4ht\u00f6kohdat ymm\u00e4rt\u00e4\u00e4 yh\u00e4 monimutkaistuvaa, keskin\u00e4isriippuvuuksien maailmaa.<\/p>\n<p>Vuoden 2024 tammikuussa kaikki lukiomme opiskelijat osallistuivat antirasismity\u00f6pajaan. Ty\u00f6pajojen vet\u00e4jin\u00e4 toimivat ryhm\u00e4nohjaajat, joita Rauhankasvatusinstituutti oli ensin kouluttanut.<\/p>\n<p><em>\u201cGlobaalikasvatuksen teht\u00e4v\u00e4n\u00e4 on avata ihmisten silm\u00e4t ja mieli maailman erilaisille todellisuuksille ja her\u00e4tt\u00e4\u00e4 ihmisiss\u00e4 halu rakentaa oikeudenmukaisempaa, tasa-arvoisempaa ja ihmisoikeuksia <\/em><em>kunnioittavampaa maailmaa.\u201d<\/em> (Maastrichtin julistus 2002, Eurooppalainen globaalikasvatus)<\/p>\n<p><a href=\"https:\/\/www.oph.fi\/fi\/opettajat-ja-kasvattajat\/unesco-kouluverkosto-associated-schools-network-aspnet\" target=\"_blank\" rel=\"noopener\">Suomen Unesco-kouluverkosto (OPH)<\/a><\/p>\n<p><a href=\"https:\/\/kohtivuotta2030.blogspot.com\/p\/suomen-unesco-koulut.html\" target=\"_blank\" rel=\"noopener\">Kohti vuotta 2030 Suomen Unesco-koulut<\/a><\/p>\n<p><a href=\"https:\/\/www.unesco.org\/en\/aspnet\" target=\"_blank\" rel=\"noopener\">Kansainv\u00e4linen Unesco-koulujen sivusto<\/a><\/p>\n<p><img loading=\"lazy\" decoding=\"async\" class=\"alignnone wp-image-2584\" src=\"https:\/\/blog.edu.turku.fi\/pml\/files\/2024\/02\/UNESCO-member-logo-260x251.png\" alt=\"\" width=\"216\" height=\"209\"\/><\/p>\n<p>Kotikansainv\u00e4lisyyteen liittyy mm. Aktiivinen kansalainen -kurssi. Sen lis\u00e4ksi kansainv\u00e4lisyyskasvatus tulee esiin monin teemoin eri oppiaineiden kursseilla.<\/p>\n<p><a href=\"https:\/\/blog.edu.turku.fi\/pml\/opiskelijalle\/kansainvalisyys\/aktiivinen-kansalainen-kurssi\/\" target=\"_blank\" rel=\"noopener noreferrer\">Aktiivinen kansalainen<\/a><\/p>\n<p>&nbsp;<\/p>\n<h3>Yst\u00e4vyyskoulut ja opiskelijavaihto<\/h3>\n<p>Puolalanm\u00e4en lukiolla on yst\u00e4vyyskouluja K\u00f6lniss\u00e4, Rennesiss\u00e4 ja Berliiniss\u00e4. Opiskelijavaihtoja yst\u00e4vyyskoulujen v\u00e4lill\u00e4 j\u00e4rjestet\u00e4\u00e4n vuosittain. Lis\u00e4ksi j\u00e4rjestet\u00e4\u00e4n kulttuuri-, kieli- ja kuoromatkoja muualle Eurooppaan. Osa lukion opiskelijoista osallistuu my\u00f6s aktiivisesti Euroopan nuorten parlamentin (EYP) toimintaan.<\/p>\n<p><a href=\"https:\/\/blog.edu.turku.fi\/pml\/opiskelijalle\/kansainvalisyys\/ranskan-kieli-ja-kulttuuri\/\" target=\"_blank\" rel=\"noopener noreferrer\">Ranskan kieli ja kulttuuri<\/a><\/p>\n<p><a href=\"https:\/\/blog.edu.turku.fi\/pml\/opiskelijalle\/kansainvalisyys\/saksan-kieli-ja-kulttuuri\/\" target=\"_blank\" rel=\"noopener noreferrer\">Saksan kieli ja kulttuuri<\/a><\/p>\n<p><a href=\"https:\/\/edumailturku-my.sharepoint.com\/:v:\/g\/personal\/johanna_ahonen_edu_turku_fi\/Ec_KLkSads1ErjQNZfiicuwB_mhwJnUC_l7jWk6SI6BB4A\" target=\"_blank\" rel=\"noopener\">Katso video<\/a> vaihtareiden vaihtovuoteen liittyvist\u00e4 ajatuksista<\/p>\n<p>&nbsp;<\/p>\n<p>&nbsp;<\/p>\n","protected":false},"excerpt":{"rendered":"<p>Unesco Puolalanm\u00e4en lukio on osa maailmanlaajuista Unesco-kouluverkostoa. Verkoston tarkoituksena on edist\u00e4\u00e4 kulttuurienv\u00e4list\u00e4 vuorovaikutusta, rauhaa, kest\u00e4v\u00e4\u00e4 tulevaisuutta ja laadukasta koulutusta. Unesco-kouluna j\u00e4rjest\u00e4mme opiskelijoillemme tapahtumia, joissa k\u00e4sitell\u00e4\u00e4n yhdess\u00e4 ajankohtaisia ja globaaleja kysymyksi\u00e4. Tavoitteena on tarjota nuorille paremmat l\u00e4ht\u00f6kohdat ymm\u00e4rt\u00e4\u00e4 yh\u00e4 monimutkaistuvaa, keskin\u00e4isriippuvuuksien<\/p>\n","protected":false},"author":2913,"featured_media":0,"parent":82,"menu_order":0,"comment_status":"closed","ping_status":"closed","template":"","meta":{"ngg_post_thumbnail":0,"footnotes":""},"class_list":["post-1010","page","type-page","status-publish","hentry"],"_links":{"self":[{"href":"https:\/\/blog.edu.turku.fi\/pml\/wp-json\/wp\/v2\/pages\/1010","targetHints":{"allow":["GET"]}}],"collection":[{"href":"https:\/\/blog.edu.turku.fi\/pml\/wp-json\/wp\/v2\/pages"}],"about":[{"href":"https:\/\/blog.edu.turku.fi\/pml\/wp-json\/wp\/v2\/types\/page"}],"author":[{"embeddable":true,"href":"https:\/\/blog.edu.turku.fi\/pml\/wp-json\/wp\/v2\/users\/2913"}],"replies":[{"embeddable":true,"href":"https:\/\/blog.edu.turku.fi\/pml\/wp-json\/wp\/v2\/comments?post=1010"}],"version-history":[{"count":27,"href":"https:\/\/blog.edu.turku.fi\/pml\/wp-json\/wp\/v2\/pages\/1010\/revisions"}],"predecessor-version":[{"id":2595,"href":"https:\/\/blog.edu.turku.fi\/pml\/wp-json\/wp\/v2\/pages\/1010\/revisions\/2595"}],"up":[{"embeddable":true,"href":"https:\/\/blog.edu.turku.fi\/pml\/wp-json\/wp\/v2\/pages\/82"}],"wp:attachment":[{"href":"https:\/\/blog.edu.turku.fi\/pml\/wp-json\/wp\/v2\/media?parent=1010"}],"curies":[{"name":"wp","href":"https:\/\/api.w.org\/{rel}","templated":true}]}}