{"id":141,"date":"2021-08-30T14:26:10","date_gmt":"2021-08-30T11:26:10","guid":{"rendered":"https:\/\/blog.edu.turku.fi\/peruskoulunabc\/?page_id=141"},"modified":"2022-01-24T16:12:37","modified_gmt":"2022-01-24T14:12:37","slug":"tyoelamataidot","status":"publish","type":"page","link":"https:\/\/blog.edu.turku.fi\/peruskoulunabc\/tyoelamataidot\/","title":{"rendered":"Ty\u00f6el\u00e4m\u00e4taidot ja jatko-opinnot"},"content":{"rendered":"<h4>Yhteishakuopas 2022<\/h4>\n<p>Oppaasta l\u00f6yd\u00e4t yhdell\u00e4 silm\u00e4yksell\u00e4 juuri sinua kiinnostavalta alalta kaiken hakemiseen liittyv\u00e4n, opintojen kuvauksesta opinto-ohjaajan yhteystietoihin.<\/p>\n<div data-url=\"https:\/\/issuu.com\/turun_kasvatus_ja_opetustoimi\/docs\/yhteishakuopas_2022_verkko\" style=\"width: 525px; height: 213px;\" class=\"issuuembed\"><\/div>\n<p><script type=\"text\/javascript\" src=\"\/\/e.issuu.com\/embed.js\" async=\"true\"><\/script><\/p>\n<p style=\"text-align: center\">***<\/p>\n<h4>Tietoa Turun lukioista ja Turun ammatti-instituutista<\/h4>\n<p><a href=\"https:\/\/www.turku.fi\/paivahoito-ja-koulutus\/lukiokoulutus\/hakeminen\/turun-lukioiden-hakijan-oppaat\">Turun lukioiden hakijan oppaat<\/a><br \/>\n<a href=\"https:\/\/www.turku.fi\/paivahoito-ja-koulutus\/lukiokoulutus\/turun-lukiot-ja-erityislinjat\/videoesittelyt-turun-kaupungin\">Turun lukioiden videoesittelyt<\/a><br \/>\n<a href=\"https:\/\/www.turkuai.fi\/turun-ammatti-instituutti\/hakijalle\/yhteishaku\">Turun ammatti-instituutti &#8211; tietoa yhteishausta<\/a><br \/>\n<a href=\"https:\/\/www.turkuai.fi\/ohjaus-ja-hakupalvelu\">Turun ammatti-instituutin ohjaus- ja hakupalvelu<\/a><br \/>\n<a href=\"https:\/\/www.turkuai.fi\/turun-ammatti-instituutti\/hakijalle\/videoesittelyt-turun-ammatti-instituutista\">Turun ammatti-instituutin videoesittelyt<\/a><br \/>\n<a href=\"https:\/\/www.turku.fi\/paivahoito-ja-koulutus\/ammatillinen-koulutus\/muut-toisen-asteen-ammatillista-peruskoulutusta-antavat\">Muut toisen asteen ammatillista peruskoulutusta antavat oppilaitokset<\/a><br \/>\n<a href=\"https:\/\/www.turku.fi\/paivahoito-ja-koulutus\/lukiokoulutus\/jaitko-ilman-opiskelupaikkaa-yhteishaussa\">J\u00e4itk\u00f6 ilman opiskelupaikkaa yhteishaussa?<\/a><\/p>\n<p style=\"text-align: center\">***<\/p>\n<p><iframe loading=\"lazy\" title=\"Unelmoi isosti!\" width=\"525\" height=\"295\" src=\"https:\/\/www.youtube.com\/embed\/WEAk_-Rtduo?list=PLJVoz2oh3-6ZaGYhdezDLFDx_WFs2jNX2\" frameborder=\"0\" allow=\"accelerometer; autoplay; clipboard-write; encrypted-media; gyroscope; picture-in-picture; web-share\" referrerpolicy=\"strict-origin-when-cross-origin\" allowfullscreen><\/iframe><\/p>\n<p><iframe loading=\"lazy\" title=\"Unelmoi isosti - Noor Hadi, Heikki Salonen ja kumppanit\" width=\"525\" height=\"295\" src=\"https:\/\/www.youtube.com\/embed\/bv4VUdDaUZw?feature=oembed\" frameborder=\"0\" allow=\"accelerometer; autoplay; clipboard-write; encrypted-media; gyroscope; picture-in-picture; web-share\" referrerpolicy=\"strict-origin-when-cross-origin\" allowfullscreen><\/iframe><\/p>\n<h4>Unelmoi isosti!<\/h4>\n<p>Unelmoi isosti -kampanja j\u00e4rjestettiin Turussa, Vantaalla ja Espoossa\u00a0 helmikuussa 2021. 7.-9.-luokkalaisille suunnatun kokonaisuuden tavoitteena oli her\u00e4tt\u00e4\u00e4 oppilaissa innostusta ja intohimoa eri ammatteja kohtaan \u2013 ja sit\u00e4 kautta osoittaa, ett\u00e4 peruskoulusta saa valmiudet siihen, mit\u00e4 aikuisena voi olla.<\/p>\n<p>Kampanjan esikuvina toimivat n\u00e4yttelij\u00e4 Chike Ohanwe, Michelin-kokki Kim Mikkola, yritt\u00e4j\u00e4 Marianne Lehikoinen, videotuottaja Dennis Storhannus, j\u00e4\u00e4kiekkoilija Noora R\u00e4ty, rikoskomisario Katja Rekola, kuvittaja ja opiskelija Venla Vaattovaara, fonetiikan professori Maija S. Peltola, video- ja valokuvaaja Heikki Salonen, merikapteeniksi opiskeleva Pauliina Niinist\u00f6 sek\u00e4 materiaalitekniikan professori Kati Miettunen ja materiaalitekniikan lehtori Ulriika Mattinen.<\/p>\n<p>Soittolistalta l\u00f6ytyy 45 minuutin mittainen virtuaalioppitunti sek\u00e4 esikuvien 2-3 minuutin mittaiset videot. Alempi video on toinen 45 minuutin mittainen virtuaalioppitunti. Materiaaleja voi k\u00e4ytt\u00e4\u00e4 esimerkiksi yl\u00e4koulun ja lukion opinto-ohjauksen tunneilla.<\/p>\n<p style=\"text-align: center\">***<\/p>\n<p><iframe loading=\"lazy\" title=\"Ihan perus - tulevaisuuden tekij\u00e4t (opettajat)\" width=\"525\" height=\"295\" src=\"https:\/\/www.youtube.com\/embed\/Vhwh-8T93lQ?feature=oembed\" frameborder=\"0\" allow=\"accelerometer; autoplay; clipboard-write; encrypted-media; gyroscope; picture-in-picture; web-share\" referrerpolicy=\"strict-origin-when-cross-origin\" allowfullscreen><\/iframe><\/p>\n<p><iframe loading=\"lazy\" title=\"Ihan perus - tulevaisuuden tekij\u00e4t (koululaiset)\" width=\"525\" height=\"295\" src=\"https:\/\/www.youtube.com\/embed\/c4009K1SOiU?feature=oembed\" frameborder=\"0\" allow=\"accelerometer; autoplay; clipboard-write; encrypted-media; gyroscope; picture-in-picture; web-share\" referrerpolicy=\"strict-origin-when-cross-origin\" allowfullscreen><\/iframe><\/p>\n<h4>Tulevaisuuden tekij\u00e4t<\/h4>\n<p>Videoilla kerrotaan muun muassa siit\u00e4, mink\u00e4laisia taitoja tulevaisuuden ty\u00f6el\u00e4m\u00e4ss\u00e4 tarvitaan.<\/p>\n<p style=\"text-align: center\">***<\/p>\n<p><iframe loading=\"lazy\" title=\"Koulua el\u00e4m\u00e4\u00e4 varten\" width=\"525\" height=\"295\" src=\"https:\/\/www.youtube.com\/embed\/yvo-hwC3ivI?feature=oembed\" frameborder=\"0\" allow=\"accelerometer; autoplay; clipboard-write; encrypted-media; gyroscope; picture-in-picture; web-share\" referrerpolicy=\"strict-origin-when-cross-origin\" allowfullscreen><\/iframe><\/p>\n<p><iframe loading=\"lazy\" title=\"Skola f\u00f6r livet\" width=\"525\" height=\"295\" src=\"https:\/\/www.youtube.com\/embed\/mVaXrgiS9nU?feature=oembed\" frameborder=\"0\" allow=\"accelerometer; autoplay; clipboard-write; encrypted-media; gyroscope; picture-in-picture; web-share\" referrerpolicy=\"strict-origin-when-cross-origin\" allowfullscreen><\/iframe><\/p>\n<h4>Koulua el\u00e4m\u00e4\u00e4 varten<\/h4>\n<p>Videolla kerrotaan, miten 2020-luvun peruskoulu valmistaa lasta ja nuorta (ty\u00f6)el\u00e4m\u00e4\u00e4 varten.<\/p>\n","protected":false},"excerpt":{"rendered":"<p>Yhteishakuopas 2022 Oppaasta l\u00f6yd\u00e4t yhdell\u00e4 silm\u00e4yksell\u00e4 juuri sinua kiinnostavalta alalta kaiken hakemiseen liittyv\u00e4n, opintojen kuvauksesta opinto-ohjaajan yhteystietoihin. *** Tietoa Turun lukioista ja Turun ammatti-instituutista Turun lukioiden hakijan oppaat Turun lukioiden videoesittelyt Turun ammatti-instituutti &#8211; tietoa yhteishausta Turun ammatti-instituutin ohjaus- ja hakupalvelu Turun ammatti-instituutin videoesittelyt Muut toisen asteen ammatillista peruskoulutusta antavat oppilaitokset J\u00e4itk\u00f6 ilman opiskelupaikkaa yhteishaussa? &hellip; <\/p>\n<p class=\"link-more\"><a href=\"https:\/\/blog.edu.turku.fi\/peruskoulunabc\/tyoelamataidot\/\" class=\"more-link\">Jatka lukemista<span class=\"screen-reader-text\"> &#8221;Ty\u00f6el\u00e4m\u00e4taidot ja jatko-opinnot&#8221;<\/span><\/a><\/p>\n","protected":false},"author":3146,"featured_media":0,"parent":0,"menu_order":0,"comment_status":"closed","ping_status":"closed","template":"","meta":{"footnotes":""},"class_list":["post-141","page","type-page","status-publish","hentry"],"_links":{"self":[{"href":"https:\/\/blog.edu.turku.fi\/peruskoulunabc\/wp-json\/wp\/v2\/pages\/141","targetHints":{"allow":["GET"]}}],"collection":[{"href":"https:\/\/blog.edu.turku.fi\/peruskoulunabc\/wp-json\/wp\/v2\/pages"}],"about":[{"href":"https:\/\/blog.edu.turku.fi\/peruskoulunabc\/wp-json\/wp\/v2\/types\/page"}],"author":[{"embeddable":true,"href":"https:\/\/blog.edu.turku.fi\/peruskoulunabc\/wp-json\/wp\/v2\/users\/3146"}],"replies":[{"embeddable":true,"href":"https:\/\/blog.edu.turku.fi\/peruskoulunabc\/wp-json\/wp\/v2\/comments?post=141"}],"version-history":[{"count":12,"href":"https:\/\/blog.edu.turku.fi\/peruskoulunabc\/wp-json\/wp\/v2\/pages\/141\/revisions"}],"predecessor-version":[{"id":303,"href":"https:\/\/blog.edu.turku.fi\/peruskoulunabc\/wp-json\/wp\/v2\/pages\/141\/revisions\/303"}],"wp:attachment":[{"href":"https:\/\/blog.edu.turku.fi\/peruskoulunabc\/wp-json\/wp\/v2\/media?parent=141"}],"curies":[{"name":"wp","href":"https:\/\/api.w.org\/{rel}","templated":true}]}}