{"id":138,"date":"2021-08-30T14:25:59","date_gmt":"2021-08-30T11:25:59","guid":{"rendered":"https:\/\/blog.edu.turku.fi\/peruskoulunabc\/?page_id=138"},"modified":"2022-01-24T12:30:14","modified_gmt":"2022-01-24T10:30:14","slug":"turvallisuus","status":"publish","type":"page","link":"https:\/\/blog.edu.turku.fi\/peruskoulunabc\/turvallisuus\/","title":{"rendered":"Turvallisuus"},"content":{"rendered":"<h4>Kiusaamisen vastainen ty\u00f6 Turun kaupungin kouluissa<\/h4>\n<p>Kiusaamisen vastaisen ty\u00f6n perustana ovat yhteinen arvopohja, visio ja tavoitteet, joihin koulun henkil\u00f6kunta, oppilaat ja huoltajat ovat sitoutuneet. Ty\u00f6n tulisi painottua ennaltaehk\u00e4isev\u00e4\u00e4n koko kouluyhteis\u00f6\u00f6n kohdistuvaan ty\u00f6h\u00f6n, jota ohjaavat yhten\u00e4iset periaatteet. Yhteisesti sovittu kiusaamisen puuttumisen malli varmistaa my\u00f6s sen, ett\u00e4 kohtelu on tasapuolista kaikkia oppilaita kohtaan. Tutustu lis\u00e4\u00e4 oppaaseen!<\/p>\n<p><a href=\"https:\/\/www.turku.fi\/sites\/default\/files\/atoms\/files\/kiusaamisen_vastainen_tyo_turun_kaupungin_kouluissa_-_opas.pdf\">Kiusaamisen vastainen ty\u00f6 Turun kaupungin kouluissa -opas<\/a><\/p>\n<p style=\"text-align: center\">***<\/p>\n<p><iframe loading=\"lazy\" title=\"Ihan perus - kaikkien koulu (opettajat)\" width=\"525\" height=\"295\" src=\"https:\/\/www.youtube.com\/embed\/BkZJGLVRwk0?feature=oembed\" frameborder=\"0\" allow=\"accelerometer; autoplay; clipboard-write; encrypted-media; gyroscope; picture-in-picture; web-share\" referrerpolicy=\"strict-origin-when-cross-origin\" allowfullscreen><\/iframe><\/p>\n<p><iframe loading=\"lazy\" title=\"Ihan perus - kaikkien koulu (koululaiset)\" width=\"525\" height=\"295\" src=\"https:\/\/www.youtube.com\/embed\/bBydq3puugw?feature=oembed\" frameborder=\"0\" allow=\"accelerometer; autoplay; clipboard-write; encrypted-media; gyroscope; picture-in-picture; web-share\" referrerpolicy=\"strict-origin-when-cross-origin\" allowfullscreen><\/iframe><\/p>\n<h4>Kaikkien koulu -videot<\/h4>\n<p>Videoilla kerrotaan muun muassa siit\u00e4, mink\u00e4lainen on turvallinen koulu ja mit\u00e4 tarkoittaa tasa-arvo kouluissa.<\/p>\n<p style=\"text-align: center\">***<\/p>\n<h4>Kiusaamisen vastainen ty\u00f6 kouluissa -opas<\/h4>\n<p>Opetushallituksen opas.<\/p>\n<p><a href=\"https:\/\/blog.edu.turku.fi\/peruskoulunabc\/files\/2022\/01\/Kiusaamisen-vastainen-tyo-kouluissa-ja-oppilaitoksissa.pdf\">Kiusaamisen vastainen ty\u00f6 kouluissa ja oppilaitoksissa<\/a><\/p>\n","protected":false},"excerpt":{"rendered":"<p>Kiusaamisen vastainen ty\u00f6 Turun kaupungin kouluissa Kiusaamisen vastaisen ty\u00f6n perustana ovat yhteinen arvopohja, visio ja tavoitteet, joihin koulun henkil\u00f6kunta, oppilaat ja huoltajat ovat sitoutuneet. Ty\u00f6n tulisi painottua ennaltaehk\u00e4isev\u00e4\u00e4n koko kouluyhteis\u00f6\u00f6n kohdistuvaan ty\u00f6h\u00f6n, jota ohjaavat yhten\u00e4iset periaatteet. Yhteisesti sovittu kiusaamisen puuttumisen malli varmistaa my\u00f6s sen, ett\u00e4 kohtelu on tasapuolista kaikkia oppilaita kohtaan. Tutustu lis\u00e4\u00e4 oppaaseen! Kiusaamisen &hellip; <\/p>\n<p class=\"link-more\"><a href=\"https:\/\/blog.edu.turku.fi\/peruskoulunabc\/turvallisuus\/\" class=\"more-link\">Jatka lukemista<span class=\"screen-reader-text\"> &#8221;Turvallisuus&#8221;<\/span><\/a><\/p>\n","protected":false},"author":3146,"featured_media":0,"parent":0,"menu_order":0,"comment_status":"closed","ping_status":"closed","template":"","meta":{"footnotes":""},"class_list":["post-138","page","type-page","status-publish","hentry"],"_links":{"self":[{"href":"https:\/\/blog.edu.turku.fi\/peruskoulunabc\/wp-json\/wp\/v2\/pages\/138","targetHints":{"allow":["GET"]}}],"collection":[{"href":"https:\/\/blog.edu.turku.fi\/peruskoulunabc\/wp-json\/wp\/v2\/pages"}],"about":[{"href":"https:\/\/blog.edu.turku.fi\/peruskoulunabc\/wp-json\/wp\/v2\/types\/page"}],"author":[{"embeddable":true,"href":"https:\/\/blog.edu.turku.fi\/peruskoulunabc\/wp-json\/wp\/v2\/users\/3146"}],"replies":[{"embeddable":true,"href":"https:\/\/blog.edu.turku.fi\/peruskoulunabc\/wp-json\/wp\/v2\/comments?post=138"}],"version-history":[{"count":6,"href":"https:\/\/blog.edu.turku.fi\/peruskoulunabc\/wp-json\/wp\/v2\/pages\/138\/revisions"}],"predecessor-version":[{"id":169,"href":"https:\/\/blog.edu.turku.fi\/peruskoulunabc\/wp-json\/wp\/v2\/pages\/138\/revisions\/169"}],"wp:attachment":[{"href":"https:\/\/blog.edu.turku.fi\/peruskoulunabc\/wp-json\/wp\/v2\/media?parent=138"}],"curies":[{"name":"wp","href":"https:\/\/api.w.org\/{rel}","templated":true}]}}