{"id":132,"date":"2021-08-30T14:25:33","date_gmt":"2021-08-30T11:25:33","guid":{"rendered":"https:\/\/blog.edu.turku.fi\/peruskoulunabc\/?page_id=132"},"modified":"2022-01-26T16:24:47","modified_gmt":"2022-01-26T14:24:47","slug":"oppilashuolto-ja-hyvinvointi","status":"publish","type":"page","link":"https:\/\/blog.edu.turku.fi\/peruskoulunabc\/oppilashuolto-ja-hyvinvointi\/","title":{"rendered":"Oppilashuolto, hyvinvointi ja koulunk\u00e4ynnin tuki"},"content":{"rendered":"<div class=\"info-box\">\n<div class=\"info-box__content\">\n<h4>Tukea hyvinvointiin<\/h4>\n<p>Lapsille ja nuorille on tarjolla paljon erilaisia hyvinvointia tukevia palveluita koulussa ja koulun ulkopuolella. T\u00e4st\u00e4 koosteesta l\u00f6yd\u00e4t tietoa siit\u00e4, mist\u00e4 lapsi tai nuori voi saada apua el\u00e4m\u00e4n pieniin ja suuriin haasteisiin.<\/p>\n<p><a href=\"https:\/\/blog.edu.turku.fi\/peruskoulunabc\/files\/2022\/01\/Tukea-hyvinvointiin-tulostus.pdf\">Tukea hyvinvointiin tulostus<\/a><br \/>\n<a href=\"https:\/\/blog.edu.turku.fi\/peruskoulunabc\/files\/2022\/01\/Tukea-hyvinvointiin-vuorovaikutteinen.pdf\">Tukea hyvinvointiin vuorovaikutteinen<\/a><br \/>\n<a href=\"https:\/\/blog.edu.turku.fi\/peruskoulunabc\/files\/2022\/01\/Stod-for-valbefinnandet-interaktiv.pdf\">St\u00f6d f\u00f6r v\u00e4lbefinnandet interaktiv<\/a><br \/>\n<a href=\"https:\/\/blog.edu.turku.fi\/peruskoulunabc\/files\/2022\/01\/Stod-for-valbefinnandet-print.pdf\">St\u00f6d f\u00f6r v\u00e4lbefinnandet print<\/a><\/p>\n<p>***<\/p>\n<h4>Apua ja tukea nuorille -opas<\/h4>\n<p>Tuntuuko opiskelu vaikealta? Onko mieli maassa? Turussa on tarjolla paljon apua ja tukea erilaisiin pulmiin. Ongelmien kanssa ei tarvitse kamppailla yksin.<\/p>\n<\/div>\n<\/div>\n<p><a href=\"https:\/\/www.turku.fi\/nuorten-tukipalvelut\">Apua ja tukea nuorille -opas<\/a><\/p>\n<p align=\"center\">***<\/p>\n<h4>Matalan kynnyksen palvelut -opas<\/h4>\n<p><a href=\"https:\/\/blog.edu.turku.fi\/peruskoulunabc\/files\/2021\/09\/matalan_kynnyksen_palvelut_19042021.pdf\">Matalan kynnyksen palvelut<\/a> -oppaaseen on koottu matalan kynnyksen palveluita, joista saa apua el\u00e4m\u00e4n erilaisissa pulmatilanteissa. Opas on suunnattu paitsi asukkaille my\u00f6s lasten, nuorten ja perheiden parissa ty\u00f6skenteleville.<\/p>\n<p align=\"center\">***<\/p>\n<h4>Oppimisen ja koulunk\u00e4ynnin tuki<\/h4>\n<p>Alta l\u00f6yd\u00e4t valmiin esityspohjan oppimisen ja koulunk\u00e4ynnin tuesta.<\/p>\n<p><a href=\"https:\/\/blog.edu.turku.fi\/peruskoulunabc\/files\/2022\/01\/FI_Oppimisen-ja-koulunkaynnin-tuki_VALMIS.pptx\">Oppimisen ja koulunk\u00e4ynnin tuki<\/a><br \/>\n<a href=\"https:\/\/blog.edu.turku.fi\/peruskoulunabc\/files\/2022\/01\/SV_Oppimisen-ja-koulunkaynnin-tuki_VALMIS.pptx\">Oppimisen ja koulunk\u00e4ynnin tuki &#8211; ruotsi<\/a><\/p>\n<p style=\"text-align: center\">***<\/p>\n<p><iframe loading=\"lazy\" title=\"Punainen lanka - tukea huoleen ja murheeseen\" width=\"525\" height=\"295\" src=\"https:\/\/www.youtube.com\/embed\/HAFhSHqwh-I?feature=oembed\" frameborder=\"0\" allow=\"accelerometer; autoplay; clipboard-write; encrypted-media; gyroscope; picture-in-picture; web-share\" referrerpolicy=\"strict-origin-when-cross-origin\" allowfullscreen><\/iframe><\/p>\n<p><strong>Punainen lanka -video<\/strong><\/p>\n<p>Punainen lanka\u202f-videossa\u202falkoholistiperheess\u00e4 kasvanut\u202fLauri ja\u202fmononukleoosiin sairastunut\u202fRonja kertovat\u202ftarinansa\u202fsiit\u00e4,\u202fmiten he saivat kouluaikana tukea tilanteeseensa.\u202fVideon ydinviestin\u00e4 on, ett\u00e4\u202fapua\u202fhakemalla asiat alkavat k\u00e4\u00e4nty\u00e4 parempaan suuntaan.\u202fSamalla videon\u202ftavoitteena\u202fon madaltaa avun pyyt\u00e4misen kynnyst\u00e4 ja osoittaa, ett\u00e4 apua voi hakea, vaikka\u202fnuori\u202fei tied\u00e4, mik\u00e4 taho pulmassa voisi parhaiten auttaa.\u202fHuolen kuullut aikuinen\u202fvoi ohjata\u202fnuoren\u202fsopivan palvelun \u00e4\u00e4reen.<\/p>\n","protected":false},"excerpt":{"rendered":"<p>Tukea hyvinvointiin Lapsille ja nuorille on tarjolla paljon erilaisia hyvinvointia tukevia palveluita koulussa ja koulun ulkopuolella. T\u00e4st\u00e4 koosteesta l\u00f6yd\u00e4t tietoa siit\u00e4, mist\u00e4 lapsi tai nuori voi saada apua el\u00e4m\u00e4n pieniin ja suuriin haasteisiin. Tukea hyvinvointiin tulostus Tukea hyvinvointiin vuorovaikutteinen St\u00f6d f\u00f6r v\u00e4lbefinnandet interaktiv St\u00f6d f\u00f6r v\u00e4lbefinnandet print *** Apua ja tukea nuorille -opas Tuntuuko opiskelu &hellip; <\/p>\n<p class=\"link-more\"><a href=\"https:\/\/blog.edu.turku.fi\/peruskoulunabc\/oppilashuolto-ja-hyvinvointi\/\" class=\"more-link\">Jatka lukemista<span class=\"screen-reader-text\"> &#8221;Oppilashuolto, hyvinvointi ja koulunk\u00e4ynnin tuki&#8221;<\/span><\/a><\/p>\n","protected":false},"author":3146,"featured_media":0,"parent":0,"menu_order":0,"comment_status":"closed","ping_status":"closed","template":"","meta":{"footnotes":""},"class_list":["post-132","page","type-page","status-publish","hentry"],"_links":{"self":[{"href":"https:\/\/blog.edu.turku.fi\/peruskoulunabc\/wp-json\/wp\/v2\/pages\/132","targetHints":{"allow":["GET"]}}],"collection":[{"href":"https:\/\/blog.edu.turku.fi\/peruskoulunabc\/wp-json\/wp\/v2\/pages"}],"about":[{"href":"https:\/\/blog.edu.turku.fi\/peruskoulunabc\/wp-json\/wp\/v2\/types\/page"}],"author":[{"embeddable":true,"href":"https:\/\/blog.edu.turku.fi\/peruskoulunabc\/wp-json\/wp\/v2\/users\/3146"}],"replies":[{"embeddable":true,"href":"https:\/\/blog.edu.turku.fi\/peruskoulunabc\/wp-json\/wp\/v2\/comments?post=132"}],"version-history":[{"count":11,"href":"https:\/\/blog.edu.turku.fi\/peruskoulunabc\/wp-json\/wp\/v2\/pages\/132\/revisions"}],"predecessor-version":[{"id":318,"href":"https:\/\/blog.edu.turku.fi\/peruskoulunabc\/wp-json\/wp\/v2\/pages\/132\/revisions\/318"}],"wp:attachment":[{"href":"https:\/\/blog.edu.turku.fi\/peruskoulunabc\/wp-json\/wp\/v2\/media?parent=132"}],"curies":[{"name":"wp","href":"https:\/\/api.w.org\/{rel}","templated":true}]}}