{"id":126,"date":"2021-08-30T14:25:10","date_gmt":"2021-08-30T11:25:10","guid":{"rendered":"https:\/\/blog.edu.turku.fi\/peruskoulunabc\/?page_id=126"},"modified":"2022-01-21T13:24:17","modified_gmt":"2022-01-21T11:24:17","slug":"hallinto","status":"publish","type":"page","link":"https:\/\/blog.edu.turku.fi\/peruskoulunabc\/hallinto\/","title":{"rendered":"Hallinto"},"content":{"rendered":"<p><strong>Hallinnon sanastoa<\/strong><\/p>\n<p><a href=\"https:\/\/blog.edu.turku.fi\/peruskoulunabc\/files\/2022\/01\/Saavutettava-Hallinnon-sanastoa.pdf\">Hallinnon sanastoa<\/a><br \/>\n<a href=\"https:\/\/blog.edu.turku.fi\/peruskoulunabc\/files\/2022\/01\/Forvaltningsordlista.pdf\">F\u00f6rvaltningsordlista<\/a><\/p>\n<p><strong>Oppilaan oikeudet ja velvollisuudet<\/strong><\/p>\n<p><a href=\"https:\/\/blog.edu.turku.fi\/peruskoulunabc\/files\/2022\/01\/Saavutettava-Oppilaan-oikeudet-ja-velvollisuudet.pdf\">Oppilaan oikeudet ja velvollisuudet<\/a><br \/>\n<a href=\"https:\/\/blog.edu.turku.fi\/peruskoulunabc\/files\/2022\/01\/Saavutettava-Oppilaan-oikeudet-ja-velvollisuudet-SVE.pdf\">Elevens centrala r\u00e4ttigheter<\/a><\/p>\n<p><strong>Perusopetuksen ohjausj\u00e4rjestelm\u00e4<\/strong><\/p>\n<p><a href=\"https:\/\/blog.edu.turku.fi\/peruskoulunabc\/files\/2022\/01\/Saavutettava-Perusopetuksen-ohjausjarjestelma.pdf\">Perusopetuksen ohjausj\u00e4rjestelm\u00e4<\/a><br \/>\n<a href=\"https:\/\/blog.edu.turku.fi\/peruskoulunabc\/files\/2022\/01\/Saavutettava-Perusopetuksen-ohjausjarjestelma-SVE.pdf\">Systemet f\u00f6r styrning av den grundl\u00e4ggande utbildningen<\/a><\/p>\n","protected":false},"excerpt":{"rendered":"<p>Hallinnon sanastoa Hallinnon sanastoa F\u00f6rvaltningsordlista Oppilaan oikeudet ja velvollisuudet Oppilaan oikeudet ja velvollisuudet Elevens centrala r\u00e4ttigheter Perusopetuksen ohjausj\u00e4rjestelm\u00e4 Perusopetuksen ohjausj\u00e4rjestelm\u00e4 Systemet f\u00f6r styrning av den grundl\u00e4ggande utbildningen<\/p>\n","protected":false},"author":3146,"featured_media":0,"parent":0,"menu_order":0,"comment_status":"closed","ping_status":"closed","template":"","meta":{"footnotes":""},"class_list":["post-126","page","type-page","status-publish","hentry"],"_links":{"self":[{"href":"https:\/\/blog.edu.turku.fi\/peruskoulunabc\/wp-json\/wp\/v2\/pages\/126","targetHints":{"allow":["GET"]}}],"collection":[{"href":"https:\/\/blog.edu.turku.fi\/peruskoulunabc\/wp-json\/wp\/v2\/pages"}],"about":[{"href":"https:\/\/blog.edu.turku.fi\/peruskoulunabc\/wp-json\/wp\/v2\/types\/page"}],"author":[{"embeddable":true,"href":"https:\/\/blog.edu.turku.fi\/peruskoulunabc\/wp-json\/wp\/v2\/users\/3146"}],"replies":[{"embeddable":true,"href":"https:\/\/blog.edu.turku.fi\/peruskoulunabc\/wp-json\/wp\/v2\/comments?post=126"}],"version-history":[{"count":3,"href":"https:\/\/blog.edu.turku.fi\/peruskoulunabc\/wp-json\/wp\/v2\/pages\/126\/revisions"}],"predecessor-version":[{"id":309,"href":"https:\/\/blog.edu.turku.fi\/peruskoulunabc\/wp-json\/wp\/v2\/pages\/126\/revisions\/309"}],"wp:attachment":[{"href":"https:\/\/blog.edu.turku.fi\/peruskoulunabc\/wp-json\/wp\/v2\/media?parent=126"}],"curies":[{"name":"wp","href":"https:\/\/api.w.org\/{rel}","templated":true}]}}