{"id":123,"date":"2021-08-30T14:24:55","date_gmt":"2021-08-30T11:24:55","guid":{"rendered":"https:\/\/blog.edu.turku.fi\/peruskoulunabc\/?page_id=123"},"modified":"2022-01-21T13:16:42","modified_gmt":"2022-01-21T11:16:42","slug":"arviointi","status":"publish","type":"page","link":"https:\/\/blog.edu.turku.fi\/peruskoulunabc\/arviointi\/","title":{"rendered":"Arviointi"},"content":{"rendered":"<p><strong>Arviointimyytinmurtajat<\/strong><\/p>\n<p>Onko kasi hyv\u00e4 numero? Vaikuttaako oppilaan luonne arvosanaan? Vertaillaanko oppilaita toisiinsa? Arviointimyytinmurtajat kumoavat perusopetuksen arvioinnin myyttej\u00e4!<\/p>\n<p><a href=\"https:\/\/blog.edu.turku.fi\/peruskoulunabc\/files\/2022\/01\/Arviointimyytinmurtajat.pdf\">Arviointimyytinmurtajat<\/a><br \/>\n<a href=\"https:\/\/blog.edu.turku.fi\/peruskoulunabc\/files\/2022\/01\/Bedomningsmytknackarna.pdf\">Bed\u00f6mningsmytkn\u00e4ckarna<\/a><br \/>\n<a href=\"https:\/\/blog.edu.turku.fi\/peruskoulunabc\/files\/2022\/01\/Assesment-mythbusters.pdf\">Assesment mythbusters<\/a><\/p>\n","protected":false},"excerpt":{"rendered":"<p>Arviointimyytinmurtajat Onko kasi hyv\u00e4 numero? Vaikuttaako oppilaan luonne arvosanaan? Vertaillaanko oppilaita toisiinsa? Arviointimyytinmurtajat kumoavat perusopetuksen arvioinnin myyttej\u00e4! Arviointimyytinmurtajat Bed\u00f6mningsmytkn\u00e4ckarna Assesment mythbusters<\/p>\n","protected":false},"author":3146,"featured_media":0,"parent":0,"menu_order":0,"comment_status":"closed","ping_status":"closed","template":"","meta":{"footnotes":""},"class_list":["post-123","page","type-page","status-publish","hentry"],"_links":{"self":[{"href":"https:\/\/blog.edu.turku.fi\/peruskoulunabc\/wp-json\/wp\/v2\/pages\/123","targetHints":{"allow":["GET"]}}],"collection":[{"href":"https:\/\/blog.edu.turku.fi\/peruskoulunabc\/wp-json\/wp\/v2\/pages"}],"about":[{"href":"https:\/\/blog.edu.turku.fi\/peruskoulunabc\/wp-json\/wp\/v2\/types\/page"}],"author":[{"embeddable":true,"href":"https:\/\/blog.edu.turku.fi\/peruskoulunabc\/wp-json\/wp\/v2\/users\/3146"}],"replies":[{"embeddable":true,"href":"https:\/\/blog.edu.turku.fi\/peruskoulunabc\/wp-json\/wp\/v2\/comments?post=123"}],"version-history":[{"count":4,"href":"https:\/\/blog.edu.turku.fi\/peruskoulunabc\/wp-json\/wp\/v2\/pages\/123\/revisions"}],"predecessor-version":[{"id":181,"href":"https:\/\/blog.edu.turku.fi\/peruskoulunabc\/wp-json\/wp\/v2\/pages\/123\/revisions\/181"}],"wp:attachment":[{"href":"https:\/\/blog.edu.turku.fi\/peruskoulunabc\/wp-json\/wp\/v2\/media?parent=123"}],"curies":[{"name":"wp","href":"https:\/\/api.w.org\/{rel}","templated":true}]}}