{"id":117,"date":"2021-08-30T14:24:06","date_gmt":"2021-08-30T11:24:06","guid":{"rendered":"https:\/\/blog.edu.turku.fi\/peruskoulunabc\/?page_id=117"},"modified":"2022-01-24T11:55:16","modified_gmt":"2022-01-24T09:55:16","slug":"oppiminen","status":"publish","type":"page","link":"https:\/\/blog.edu.turku.fi\/peruskoulunabc\/oppiminen\/","title":{"rendered":"Oppiminen"},"content":{"rendered":"<h4>Tervetuloa kouluun! -opas<\/h4>\n<p>Perusopetuksen opas 2021-2022 tarjoaa ajankohtaista tietoa Turun kaupungin perusopetuksesta, kouluista ja koulunk\u00e4yntiin liittyvist\u00e4 asioista.<\/p>\n<p><a href=\"https:\/\/www.turku.fi\/sites\/default\/files\/atoms\/files\/perusopetuksen_opas_2021.pdf\">Tervetuloa kouluun! -opas<\/a><\/p>\n<p align=\"center\">***<\/p>\n<p><iframe loading=\"lazy\" title=\"Nelj\u00e4 faktaa suomalaisesta peruskoulusta\" width=\"525\" height=\"295\" src=\"https:\/\/www.youtube.com\/embed\/vt6AmnI35DA?feature=oembed\" frameborder=\"0\" allow=\"accelerometer; autoplay; clipboard-write; encrypted-media; gyroscope; picture-in-picture; web-share\" referrerpolicy=\"strict-origin-when-cross-origin\" allowfullscreen><\/iframe><\/p>\n<h4>Nelj\u00e4 faktaa suomalaisesta peruskoulusta<\/h4>\n<p>Video avaa suomalaisen peruskoulun keskeisimpi\u00e4 asioita, kuten mit\u00e4 oppivelvollisuus tarkoittaa ja keit\u00e4 koulussa ty\u00f6skentelee. Video on suunnattu erityisesti maahanmuuttajataustaisille huoltajille (muut kieliversiot l\u00f6yd\u00e4t Vieraskielinen materiaali -sivulta). Se on tehty osana Teemme tulevaisuuden tekij\u00f6it\u00e4 \u2013 peruskoulu on parasta! -hanketta.<\/p>\n<p>Video: Tussitaikurit Oy \/ Marker Wizards Ltd.<\/p>\n<p align=\"center\">***<\/p>\n<p><iframe loading=\"lazy\" title=\"Laaja-alainen osaaminen\" width=\"525\" height=\"295\" src=\"https:\/\/www.youtube.com\/embed\/U17v99VHo4Y?feature=oembed\" frameborder=\"0\" allow=\"accelerometer; autoplay; clipboard-write; encrypted-media; gyroscope; picture-in-picture; web-share\" referrerpolicy=\"strict-origin-when-cross-origin\" allowfullscreen><\/iframe><\/p>\n<h4>Laaja-alainen osaaminen kouluissa<\/h4>\n<p>V\u00e4h\u00e4-Heikkil\u00e4n koulun rehtori Taru P\u00e4t\u00e4ri kertoo laaja-alaisesta oppimisesta ja sen merkityksest\u00e4 oppilaille.<\/p>\n<p align=\"center\">***<\/p>\n<p><iframe loading=\"lazy\" title=\"Uusi askel kielipolulla   tekstitetty\" width=\"525\" height=\"295\" src=\"https:\/\/www.youtube.com\/embed\/8WxrSP7QW9M?feature=oembed\" frameborder=\"0\" allow=\"accelerometer; autoplay; clipboard-write; encrypted-media; gyroscope; picture-in-picture; web-share\" referrerpolicy=\"strict-origin-when-cross-origin\" allowfullscreen><\/iframe><\/p>\n<h4>Uusi askel kielipolulla<\/h4>\n<p>Kurkista kielen tunnille ja katso miten toiminnallista alkuvaiheen A2-kielen opiskelu on nyky\u00e4\u00e4n. Tammi-helmikuussa kolmosluokkalaiset voivat valita itselleen A2-kielen, jota opiskellaan nelj\u00e4s-yhdeks\u00e4sluokalla kaksi tuntia viikossa.<\/p>\n<p>Tutustu my\u00f6s <a href=\"https:\/\/www.turku.fi\/sites\/default\/files\/atoms\/files\/a2-kielet_saavutettava_verkko.pdf\">A2-kielten opiskelu Turussa -oppaaseen<\/a> ja <a href=\"https:\/\/www.turku.fi\/sites\/default\/files\/atoms\/files\/kielten_opiskelu_alkaa_jo_ensimmaisella_luokalla_2020.pdf\">Kielten opiskelu alkaa jo ensimm\u00e4isell\u00e4 luokalla -infotekstiin<\/a>. Kieli-infon esikouluik\u00e4isten huoltajille l\u00f6yd\u00e4t t\u00e4\u00e4lt\u00e4:<\/p>\n<p><iframe loading=\"lazy\" title=\"Vanhempainilta A1 kielist\u00e4 peruskoulun syksyll\u00e4 2021 aloittavien huoltajille\" width=\"525\" height=\"295\" src=\"https:\/\/www.youtube.com\/embed\/Xj9LZJqMmBE?feature=oembed\" frameborder=\"0\" allow=\"accelerometer; autoplay; clipboard-write; encrypted-media; gyroscope; picture-in-picture; web-share\" referrerpolicy=\"strict-origin-when-cross-origin\" allowfullscreen><\/iframe><\/p>\n<p align=\"center\">***<\/p>\n<p><iframe loading=\"lazy\" title=\"Videop\u00e4iv\u00e4kirja V\u00e4h\u00e4-Heikkil\u00e4n koulu\" width=\"525\" height=\"295\" src=\"https:\/\/www.youtube.com\/embed\/YNSb1azfJQE?feature=oembed\" frameborder=\"0\" allow=\"accelerometer; autoplay; clipboard-write; encrypted-media; gyroscope; picture-in-picture; web-share\" referrerpolicy=\"strict-origin-when-cross-origin\" allowfullscreen><\/iframe><\/p>\n<h4>Videop\u00e4iv\u00e4kirja<\/h4>\n<p>V\u00e4h\u00e4-Heikkil\u00e4n koulun oppilaat ja opettaja pitiv\u00e4t kev\u00e4ttalvella 2021 videop\u00e4iv\u00e4kirjaa. K\u00e4y kurkkaamassa, milt\u00e4 opiskelu n\u00e4ytt\u00e4\u00e4 2020-luvun peruskoulussa.<\/p>\n<p align=\"center\">***<\/p>\n<p><iframe loading=\"lazy\" title=\"Digitaalisuus ja digioppiminen koulussa\" width=\"525\" height=\"295\" src=\"https:\/\/www.youtube.com\/embed\/6xc_31ERfXM?feature=oembed\" frameborder=\"0\" allow=\"accelerometer; autoplay; clipboard-write; encrypted-media; gyroscope; picture-in-picture; web-share\" referrerpolicy=\"strict-origin-when-cross-origin\" allowfullscreen><\/iframe><\/p>\n<h4>Digioppiminen kouluissa<\/h4>\n<p>Mit\u00e4 on digioppiminen ja mihin sit\u00e4 tarvitaan? Miten kouluissa k\u00e4ytet\u00e4\u00e4n digilaitteita? Muun muassa n\u00e4ihin kysymyksiin vastaavat Hiidenkiven peruskoulun erityisluokanopettaja Timo Hirvonen sek\u00e4 seiskaluokan oppilaat Aino ja Netta.<\/p>\n<p style=\"text-align: center\">***<\/p>\n<p><iframe loading=\"lazy\" title=\"Mandi, Kerttu ja Vesa\" src=\"https:\/\/player.vimeo.com\/video\/434292713?h=4f9574fec0&amp;dnt=1&amp;app_id=122963\" width=\"525\" height=\"295\" frameborder=\"0\" allow=\"autoplay; fullscreen; picture-in-picture; clipboard-write\"><\/iframe><\/p>\n<h4>Koulukoulu<\/h4>\n<p>Laaja-alaista osaamista Juvanpuiston koulussa.<\/p>\n<p align=\"center\">***<\/p>\n<p><iframe loading=\"lazy\" title=\"Kokkola \u2013 oppilaat\" src=\"https:\/\/player.vimeo.com\/video\/434324863?h=3955467b69&amp;dnt=1&amp;app_id=122963\" width=\"525\" height=\"295\" frameborder=\"0\" allow=\"autoplay; fullscreen; picture-in-picture; clipboard-write\"><\/iframe><\/p>\n<h4>Koulukoulu<\/h4>\n<p>Monialaista oppimista Kokkolassa.<\/p>\n","protected":false},"excerpt":{"rendered":"<p>Tervetuloa kouluun! -opas Perusopetuksen opas 2021-2022 tarjoaa ajankohtaista tietoa Turun kaupungin perusopetuksesta, kouluista ja koulunk\u00e4yntiin liittyvist\u00e4 asioista. Tervetuloa kouluun! -opas *** Nelj\u00e4 faktaa suomalaisesta peruskoulusta Video avaa suomalaisen peruskoulun keskeisimpi\u00e4 asioita, kuten mit\u00e4 oppivelvollisuus tarkoittaa ja keit\u00e4 koulussa ty\u00f6skentelee. Video on suunnattu erityisesti maahanmuuttajataustaisille huoltajille (muut kieliversiot l\u00f6yd\u00e4t Vieraskielinen materiaali -sivulta). Se on tehty osana &hellip; <\/p>\n<p class=\"link-more\"><a href=\"https:\/\/blog.edu.turku.fi\/peruskoulunabc\/oppiminen\/\" class=\"more-link\">Jatka lukemista<span class=\"screen-reader-text\"> &#8221;Oppiminen&#8221;<\/span><\/a><\/p>\n","protected":false},"author":3146,"featured_media":0,"parent":0,"menu_order":0,"comment_status":"closed","ping_status":"closed","template":"","meta":{"footnotes":""},"class_list":["post-117","page","type-page","status-publish","hentry"],"_links":{"self":[{"href":"https:\/\/blog.edu.turku.fi\/peruskoulunabc\/wp-json\/wp\/v2\/pages\/117","targetHints":{"allow":["GET"]}}],"collection":[{"href":"https:\/\/blog.edu.turku.fi\/peruskoulunabc\/wp-json\/wp\/v2\/pages"}],"about":[{"href":"https:\/\/blog.edu.turku.fi\/peruskoulunabc\/wp-json\/wp\/v2\/types\/page"}],"author":[{"embeddable":true,"href":"https:\/\/blog.edu.turku.fi\/peruskoulunabc\/wp-json\/wp\/v2\/users\/3146"}],"replies":[{"embeddable":true,"href":"https:\/\/blog.edu.turku.fi\/peruskoulunabc\/wp-json\/wp\/v2\/comments?post=117"}],"version-history":[{"count":17,"href":"https:\/\/blog.edu.turku.fi\/peruskoulunabc\/wp-json\/wp\/v2\/pages\/117\/revisions"}],"predecessor-version":[{"id":261,"href":"https:\/\/blog.edu.turku.fi\/peruskoulunabc\/wp-json\/wp\/v2\/pages\/117\/revisions\/261"}],"wp:attachment":[{"href":"https:\/\/blog.edu.turku.fi\/peruskoulunabc\/wp-json\/wp\/v2\/media?parent=117"}],"curies":[{"name":"wp","href":"https:\/\/api.w.org\/{rel}","templated":true}]}}