{"id":114,"date":"2021-08-30T14:22:47","date_gmt":"2021-08-30T11:22:47","guid":{"rendered":"https:\/\/blog.edu.turku.fi\/peruskoulunabc\/?page_id=114"},"modified":"2022-01-24T16:25:33","modified_gmt":"2022-01-24T14:25:33","slug":"etusivu","status":"publish","type":"page","link":"https:\/\/blog.edu.turku.fi\/peruskoulunabc\/etusivu\/","title":{"rendered":"Etusivu"},"content":{"rendered":"<div data-url=\"https:\/\/issuu.com\/turun_kasvatus_ja_opetustoimi\/docs\/peruskoulu_on_parasta_-_issuu\" style=\"width: 525px; height: 334px;\" class=\"issuuembed\"><\/div>\n<p><script type=\"text\/javascript\" src=\"\/\/e.issuu.com\/embed.js\" async=\"true\"><\/script><\/p>\n<h4>Peruskoulu on parasta -lehti<\/h4>\n<p class=\"standfirst\">Peruskoulu on parasta -lehti avaa k\u00e4yt\u00e4nn\u00f6n esimerkkien sek\u00e4 oppilas- ja asiantuntijahaastatteluiden kautta peruskoulun arkea huoltajille. Tarkoituksena on parantaa huoltajien ja p\u00e4\u00e4tt\u00e4jien ymm\u00e4rryst\u00e4 siit\u00e4, millaista on opiskelu 2020-luvun peruskoulussa.<\/p>\n<p>Lehti on osa Helsingin, Espoon, Vantaan, Tampereen, Turun ja Oulun kaupunkien yhteist\u00e4 Teemme tulevaisuuden tekij\u00f6it\u00e4 \u2013 peruskoulu on parasta! -hanketta.<\/p>\n<p>Lehti on p\u00e4\u00e4asiassa suomen- ja ruotsinkielinen, mutta sis\u00e4lt\u00f6j\u00e4 l\u00f6ytyy my\u00f6s englanniksi, ven\u00e4j\u00e4ksi, viroksi, arabiaksi ja somaliksi.<\/p>\n","protected":false},"excerpt":{"rendered":"<p>Peruskoulu on parasta -lehti Peruskoulu on parasta -lehti avaa k\u00e4yt\u00e4nn\u00f6n esimerkkien sek\u00e4 oppilas- ja asiantuntijahaastatteluiden kautta peruskoulun arkea huoltajille. Tarkoituksena on parantaa huoltajien ja p\u00e4\u00e4tt\u00e4jien ymm\u00e4rryst\u00e4 siit\u00e4, millaista on opiskelu 2020-luvun peruskoulussa. Lehti on osa Helsingin, Espoon, Vantaan, Tampereen, Turun ja Oulun kaupunkien yhteist\u00e4 Teemme tulevaisuuden tekij\u00f6it\u00e4 \u2013 peruskoulu on parasta! -hanketta. Lehti on p\u00e4\u00e4asiassa &hellip; <\/p>\n<p class=\"link-more\"><a href=\"https:\/\/blog.edu.turku.fi\/peruskoulunabc\/etusivu\/\" class=\"more-link\">Jatka lukemista<span class=\"screen-reader-text\"> &#8221;Etusivu&#8221;<\/span><\/a><\/p>\n","protected":false},"author":3146,"featured_media":0,"parent":0,"menu_order":0,"comment_status":"closed","ping_status":"closed","template":"","meta":{"footnotes":""},"class_list":["post-114","page","type-page","status-publish","hentry"],"_links":{"self":[{"href":"https:\/\/blog.edu.turku.fi\/peruskoulunabc\/wp-json\/wp\/v2\/pages\/114","targetHints":{"allow":["GET"]}}],"collection":[{"href":"https:\/\/blog.edu.turku.fi\/peruskoulunabc\/wp-json\/wp\/v2\/pages"}],"about":[{"href":"https:\/\/blog.edu.turku.fi\/peruskoulunabc\/wp-json\/wp\/v2\/types\/page"}],"author":[{"embeddable":true,"href":"https:\/\/blog.edu.turku.fi\/peruskoulunabc\/wp-json\/wp\/v2\/users\/3146"}],"replies":[{"embeddable":true,"href":"https:\/\/blog.edu.turku.fi\/peruskoulunabc\/wp-json\/wp\/v2\/comments?post=114"}],"version-history":[{"count":3,"href":"https:\/\/blog.edu.turku.fi\/peruskoulunabc\/wp-json\/wp\/v2\/pages\/114\/revisions"}],"predecessor-version":[{"id":316,"href":"https:\/\/blog.edu.turku.fi\/peruskoulunabc\/wp-json\/wp\/v2\/pages\/114\/revisions\/316"}],"wp:attachment":[{"href":"https:\/\/blog.edu.turku.fi\/peruskoulunabc\/wp-json\/wp\/v2\/media?parent=114"}],"curies":[{"name":"wp","href":"https:\/\/api.w.org\/{rel}","templated":true}]}}