{"id":9,"date":"2024-06-19T13:10:48","date_gmt":"2024-06-19T10:10:48","guid":{"rendered":"https:\/\/blog.edu.turku.fi\/perhepaivahoito\/?page_id=9"},"modified":"2024-09-03T14:06:20","modified_gmt":"2024-09-03T11:06:20","slug":"yhteystiedot","status":"publish","type":"page","link":"https:\/\/blog.edu.turku.fi\/perhepaivahoito\/yhteystiedot\/","title":{"rendered":"Yhteystiedot"},"content":{"rendered":"<h2><\/h2>\n<p><strong>Outi Wiik<\/strong>\u200b, perhep\u00e4iv\u00e4hoidon l\u00e4hijohtaja<br \/>\nNummi-Varissuo, It\u00e4inen ja pohjoinen <span style=\"color: #242424\">perhep\u00e4iv\u00e4hoito<br \/>\nVarhaiskasvatuksen palvelualue<br \/>\n<\/span>Kasvatuksen ja opetuksen palvelukokonaisuus<br \/>\nTurun kaupunki<br \/>\nK\u00e4rs\u00e4m\u00e4entie 11, 4 krs,\u00a0 20360 Turku<br \/>\np. 050 5590 263<br \/>\nouti.wiik(at)edu.turku.fi<\/p>\n<p>&nbsp;<\/p>\n<p class=\"xmsonormal\" style=\"background: white\"><span style=\"color: #242424\"><strong>Jaana Virta<\/strong>, <\/span><span style=\"color: #242424\">perhep\u00e4iv\u00e4hoidon l\u00e4hijohtaja<br \/>\n<\/span><span style=\"color: #242424\">Etel\u00e4inen perhep\u00e4iv\u00e4hoito<br \/>\n<\/span><span style=\"color: #242424\">Varhaiskasvatuksen palvelualue<br \/>\n<\/span><span style=\"color: #242424\">Kasvatuksen ja opetuksen palvelukokonaisuus<br \/>\n<\/span><span style=\"color: #242424\">Turun kaupunki<br \/>\n<\/span><span style=\"color: #242424\">K\u00e4rs\u00e4m\u00e4entie 11, 4.krs, 20360 Turku<br \/>\n<\/span><span style=\"color: #242424\">p. 040 6898 146<br \/>\n<\/span><span style=\"color: #000000\">jaana.k.virta(at)edu.turku.fi<\/span><\/p>\n<p class=\"xmsonormal\" style=\"background: white\"><span style=\"color: #242424\">\u00a0<\/span><\/p>\n<p>&nbsp;<\/p>\n<p>&nbsp;<\/p>\n<p>&nbsp;<\/p>\n","protected":false},"excerpt":{"rendered":"<p>Outi Wiik\u200b, perhep\u00e4iv\u00e4hoidon l\u00e4hijohtaja Nummi-Varissuo, It\u00e4inen ja pohjoinen perhep\u00e4iv\u00e4hoito Varhaiskasvatuksen palvelualue Kasvatuksen ja opetuksen palvelukokonaisuus Turun kaupunki K\u00e4rs\u00e4m\u00e4entie 11, 4 krs,\u00a0 20360 Turku p. 050 5590 263 outi.wiik(at)edu.turku.fi &nbsp; Jaana Virta, perhep\u00e4iv\u00e4hoidon l\u00e4hijohtaja Etel\u00e4inen perhep\u00e4iv\u00e4hoito Varhaiskasvatuksen palvelualue Kasvatuksen ja opetuksen palvelukokonaisuus Turun kaupunki K\u00e4rs\u00e4m\u00e4entie 11, 4.krs, 20360 Turku p. 040 6898 146 jaana.k.virta(at)edu.turku.fi \u00a0 &nbsp; &hellip; <a href=\"https:\/\/blog.edu.turku.fi\/perhepaivahoito\/yhteystiedot\/\" class=\"more-link\">Jatka lukemista<span class=\"screen-reader-text\"> &#8221;Yhteystiedot&#8221;<\/span><\/a><\/p>\n","protected":false},"author":3065,"featured_media":0,"parent":0,"menu_order":0,"comment_status":"closed","ping_status":"closed","template":"","meta":{"footnotes":""},"class_list":["post-9","page","type-page","status-publish","hentry"],"_links":{"self":[{"href":"https:\/\/blog.edu.turku.fi\/perhepaivahoito\/wp-json\/wp\/v2\/pages\/9","targetHints":{"allow":["GET"]}}],"collection":[{"href":"https:\/\/blog.edu.turku.fi\/perhepaivahoito\/wp-json\/wp\/v2\/pages"}],"about":[{"href":"https:\/\/blog.edu.turku.fi\/perhepaivahoito\/wp-json\/wp\/v2\/types\/page"}],"author":[{"embeddable":true,"href":"https:\/\/blog.edu.turku.fi\/perhepaivahoito\/wp-json\/wp\/v2\/users\/3065"}],"replies":[{"embeddable":true,"href":"https:\/\/blog.edu.turku.fi\/perhepaivahoito\/wp-json\/wp\/v2\/comments?post=9"}],"version-history":[{"count":41,"href":"https:\/\/blog.edu.turku.fi\/perhepaivahoito\/wp-json\/wp\/v2\/pages\/9\/revisions"}],"predecessor-version":[{"id":627,"href":"https:\/\/blog.edu.turku.fi\/perhepaivahoito\/wp-json\/wp\/v2\/pages\/9\/revisions\/627"}],"wp:attachment":[{"href":"https:\/\/blog.edu.turku.fi\/perhepaivahoito\/wp-json\/wp\/v2\/media?parent=9"}],"curies":[{"name":"wp","href":"https:\/\/api.w.org\/{rel}","templated":true}]}}