{"id":533,"date":"2024-09-03T11:35:44","date_gmt":"2024-09-03T08:35:44","guid":{"rendered":"https:\/\/blog.edu.turku.fi\/perhepaivahoito\/?page_id=533"},"modified":"2024-09-03T14:21:53","modified_gmt":"2024-09-03T11:21:53","slug":"rekrytointi","status":"publish","type":"page","link":"https:\/\/blog.edu.turku.fi\/perhepaivahoito\/rekrytointi\/","title":{"rendered":"Rekrytointi"},"content":{"rendered":"<p>Turussa voi toimia perhep\u00e4iv\u00e4hoitajana tai ryhm\u00e4perhep\u00e4iv\u00e4hoitajana ainoastaan kunnan hyv\u00e4ksym\u00e4n\u00e4 ja toiminta voi alkaa vasta, kun kunnalta on saanut kirjallisen hyv\u00e4ksynn\u00e4n.<\/p>\n<h3>Aloittava perhep\u00e4iv\u00e4hoitaja<\/h3>\n<p>Perhep\u00e4iv\u00e4hoidossa noudatetaan Turun varhaiskasvatussuunnitelmaa. Kelpoisuusvaatimuksena perhep\u00e4iv\u00e4hoitajan teht\u00e4viin on teht\u00e4v\u00e4\u00e4n soveltuva ammattitutkinto tai muu alalle soveltuva koulutus (Varhaiskasvatuslaki 540\/2018, 29\u00a7). Muu soveltuva koulutus voi olla esimerkiksi l\u00e4hihoitajakoulutus (lanupe) tai lastenohjaaja. Lis\u00e4ksi odotamme sinulta muun muassa kokemusta lasten kanssa ty\u00f6skentelyst\u00e4, oma-aloitteisuutta sek\u00e4 hyvi\u00e4 vuorovaikutustaitoja lasten ja huoltajien kanssa.<\/p>\n<p>Jos haluat aloittaa perhep\u00e4iv\u00e4hoitajana, niin ota yhteytt\u00e4 perhep\u00e4iv\u00e4hoidon l\u00e4hijohtajaan. T\u00e4ll\u00f6in keskustellaan, oletko kiinnostunut toimimaan kunnallisena vai yksityisen\u00e4 perhep\u00e4iv\u00e4hoitajana ja sen perusteella edet\u00e4\u00e4n rekrytoinnissa sek\u00e4 tarvittavien asiakirjojen toimittamisessa.<\/p>\n<h3>Ryhm\u00e4perhep\u00e4iv\u00e4hoidon aloittaminen<\/h3>\n<p>Ryhm\u00e4perhep\u00e4iv\u00e4hoidossa kaksi perhep\u00e4iv\u00e4hoitajaa ty\u00f6skentelee yhdess\u00e4 hoitaen kahdeksaa lasta.\u00a0Lis\u00e4ksi ryhm\u00e4\u00e4n voidaan sijoittaa osap\u00e4iv\u00e4ksi kaksi esiopetusik\u00e4ist\u00e4.<\/p>\n<p>Ryhm\u00e4perhep\u00e4iv\u00e4hoidossa noudatetaan Turun varhaiskasvatussuunnitelmaa. Kelpoisuusvaatimuksena ryhm\u00e4perhep\u00e4iv\u00e4hoitokodissa toimivien hoitajien teht\u00e4viin vaaditaan teht\u00e4v\u00e4\u00e4n soveltuva ammattitutkinto tai muu alalle soveltuva koulutus (Varhaiskasvatuslaki 540\/2018, 29\u00a7). Muu soveltuva koulutus voi olla esimerkiksi l\u00e4hihoitajakoulutus (lanupe) tai lastenohjaaja. Lis\u00e4ksi odotamme hoitajilta muun muassa kokemusta lasten kanssa ty\u00f6skentelyst\u00e4, oma-aloitteisuutta sek\u00e4 hyvi\u00e4 vuorovaikutustaitoja lasten ja huoltajien kanssa.<\/p>\n<p><a href=\"https:\/\/blog.edu.turku.fi\/perhepaivahoito\/files\/2020\/04\/mets\u00e4ss\u00e4-hannunniittu.jpeg\"><img loading=\"lazy\" decoding=\"async\" class=\" wp-image-111 alignright\" src=\"https:\/\/blog.edu.turku.fi\/perhepaivahoito\/files\/2020\/04\/mets\u00e4ss\u00e4-hannunniittu-225x300.jpeg\" alt=\"\" width=\"241\" height=\"322\" srcset=\"https:\/\/blog.edu.turku.fi\/perhepaivahoito\/files\/2020\/04\/mets\u00e4ss\u00e4-hannunniittu-225x300.jpeg 225w, https:\/\/blog.edu.turku.fi\/perhepaivahoito\/files\/2020\/04\/mets\u00e4ss\u00e4-hannunniittu.jpeg 720w\" sizes=\"auto, (max-width: 241px) 85vw, 241px\" \/><\/a>Ryhm\u00e4perhep\u00e4iv\u00e4hoitokodin tiloiksi soveltuu tarkastettu ja hyv\u00e4ksytty tila, jonka tilavaatimukset ovat osittain samoja, kuin p\u00e4iv\u00e4kodin perustamisessa. Tilojen toimivuus on t\u00e4rke\u00e4\u00e4. Vaatimuksena ovat esimerkiksi: 2 wc:t\u00e4 (toinen lapsille ja toinen ty\u00f6ntekij\u00f6ille), koneellinen ilmastointi, keitti\u00f6, siivousv\u00e4lineiden s\u00e4ilytystilat, toimivat eteistilat, leikkitilaa, esteett\u00f6myys, aidattu piha. Ryhm\u00e4perhep\u00e4iv\u00e4hoitokodin tarkastuksen ja hyv\u00e4ksymisen tekev\u00e4t varhaiskasvatuksesta perhep\u00e4iv\u00e4hoidon l\u00e4hijohtajat, terveystarkastaja, palotarkastaja sek\u00e4 rakennusvalvonta, josta anotaan tilaan k\u00e4ytt\u00f6tarkoituksen muutosta p\u00e4iv\u00e4hoitotilaksi.<\/p>\n<p>Jos olet kiinnostunut perustamaan ryhm\u00e4perhep\u00e4iv\u00e4hoitokodin, ota ensin yhteytt\u00e4 perhep\u00e4iv\u00e4hoidon l\u00e4hijohtajaan ja kerro ajatuksistasi ryhm\u00e4perhep\u00e4iv\u00e4kodin perustamisesta lis\u00e4tietojen saamiseksi <a href=\"https:\/\/blog.edu.turku.fi\/perhepaivahoito\/yhteystiedot\/\">Yhteystiedot<\/a><\/p>\n<p>&nbsp;<\/p>\n<p>&nbsp;<\/p>\n","protected":false},"excerpt":{"rendered":"<p>Turussa voi toimia perhep\u00e4iv\u00e4hoitajana tai ryhm\u00e4perhep\u00e4iv\u00e4hoitajana ainoastaan kunnan hyv\u00e4ksym\u00e4n\u00e4 ja toiminta voi alkaa vasta, kun kunnalta on saanut kirjallisen hyv\u00e4ksynn\u00e4n. Aloittava perhep\u00e4iv\u00e4hoitaja Perhep\u00e4iv\u00e4hoidossa noudatetaan Turun varhaiskasvatussuunnitelmaa. Kelpoisuusvaatimuksena perhep\u00e4iv\u00e4hoitajan teht\u00e4viin on teht\u00e4v\u00e4\u00e4n soveltuva ammattitutkinto tai muu alalle soveltuva koulutus (Varhaiskasvatuslaki 540\/2018, 29\u00a7). Muu soveltuva koulutus voi olla esimerkiksi l\u00e4hihoitajakoulutus (lanupe) tai lastenohjaaja. Lis\u00e4ksi odotamme sinulta muun &hellip; <a href=\"https:\/\/blog.edu.turku.fi\/perhepaivahoito\/rekrytointi\/\" class=\"more-link\">Jatka lukemista<span class=\"screen-reader-text\"> &#8221;Rekrytointi&#8221;<\/span><\/a><\/p>\n","protected":false},"author":9,"featured_media":0,"parent":0,"menu_order":0,"comment_status":"closed","ping_status":"closed","template":"","meta":{"footnotes":""},"class_list":["post-533","page","type-page","status-publish","hentry"],"_links":{"self":[{"href":"https:\/\/blog.edu.turku.fi\/perhepaivahoito\/wp-json\/wp\/v2\/pages\/533","targetHints":{"allow":["GET"]}}],"collection":[{"href":"https:\/\/blog.edu.turku.fi\/perhepaivahoito\/wp-json\/wp\/v2\/pages"}],"about":[{"href":"https:\/\/blog.edu.turku.fi\/perhepaivahoito\/wp-json\/wp\/v2\/types\/page"}],"author":[{"embeddable":true,"href":"https:\/\/blog.edu.turku.fi\/perhepaivahoito\/wp-json\/wp\/v2\/users\/9"}],"replies":[{"embeddable":true,"href":"https:\/\/blog.edu.turku.fi\/perhepaivahoito\/wp-json\/wp\/v2\/comments?post=533"}],"version-history":[{"count":13,"href":"https:\/\/blog.edu.turku.fi\/perhepaivahoito\/wp-json\/wp\/v2\/pages\/533\/revisions"}],"predecessor-version":[{"id":640,"href":"https:\/\/blog.edu.turku.fi\/perhepaivahoito\/wp-json\/wp\/v2\/pages\/533\/revisions\/640"}],"wp:attachment":[{"href":"https:\/\/blog.edu.turku.fi\/perhepaivahoito\/wp-json\/wp\/v2\/media?parent=533"}],"curies":[{"name":"wp","href":"https:\/\/api.w.org\/{rel}","templated":true}]}}