{"id":530,"date":"2024-09-03T11:33:56","date_gmt":"2024-09-03T08:33:56","guid":{"rendered":"https:\/\/blog.edu.turku.fi\/perhepaivahoito\/?page_id=530"},"modified":"2024-09-03T13:53:10","modified_gmt":"2024-09-03T10:53:10","slug":"hoitajan-palkkaaminen-kotiin","status":"publish","type":"page","link":"https:\/\/blog.edu.turku.fi\/perhepaivahoito\/hoitajan-palkkaaminen-kotiin\/","title":{"rendered":"Hoitajan palkkaaminen kotiin"},"content":{"rendered":"<p>Voit palkata lastenhoitajan ja saada Kelasta yksityisen hoidon tuen\u00a0alle kouluik\u00e4iselle tai\u00a0kotihoidon tuen\u00a0alle 3-vuotiaalle. T\u00e4ll\u00f6in toimit ty\u00f6nantajana hoitajalle.<\/p>\n<p>Perhe voi palkata hoitajan yhdess\u00e4 toisen tai usean perheen kanssa. T\u00e4ss\u00e4 ns. hoitoringiss\u00e4 yksi hoitaja hoitaa perheiden lapsia yleens\u00e4 vuorotellen kunkin lapsen kotona. Jokainen perhe voi saada alle kouluik\u00e4isest\u00e4\u00a0yksityisen hoidon tuen. Yksityisen hoidon tuen saamisen edellytyksen\u00e4 on, ett\u00e4 alle kouluik\u00e4inen lapsi on yksityisess\u00e4 varhaiskasvatuksessa, eik\u00e4 voi olla samanaikaisesti kunnan j\u00e4rjest\u00e4m\u00e4ss\u00e4 varhaiskasvatuksessa. Yksityisen hoidon tukea voi saada sen vuoden hein\u00e4kuun loppuun asti, jolloin lapsi siirtyy perusopetukseen.<\/p>\n<p>Tuen m\u00e4\u00e4r\u00e4\u00e4n vaikuttaa mm. hoitoaika. Lis\u00e4ksi turkulaisille perheille maksetaan kuntalis\u00e4\u00e4. Perheet sopivat hoitajan palkanmaksusta itse. Kela maksaa yksityisen hoidon tuen suoraan hoitajalle. Kaikkien perheiden t\u00e4ytyy tehd\u00e4 ty\u00f6sopimus hoitajan kanssa ja hoitaa kaikki lakis\u00e4\u00e4teiset maksut omalta osaltaan.<\/p>\n<h3>Perhe ty\u00f6nantajana<\/h3>\n<p>Kun palkkaat hoitajan ty\u00f6suhteeseen, sinun tulee ty\u00f6nantajana tehd\u00e4 ennakonpid\u00e4tys maksamastasi palkasta hoitajan verokortin mukaan. Lis\u00e4ksi sinun pit\u00e4\u00e4 maksaa sosiaaliturvamaksu ja huolehtia lakis\u00e4\u00e4teisist\u00e4 vakuutusmaksuista, joita ovat ty\u00f6tt\u00f6myysvakuutusmaksu, ty\u00f6el\u00e4kemaksu, tapaturmavakuutus ja ryhm\u00e4henkivakuutus. Huolehdi maksuista koko palkan osalta, my\u00f6s Kelan maksamasta tuen osuudesta.<\/p>\n<p>Kun kotitalous on ty\u00f6nantaja-asemassa, se on my\u00f6s velvollinen j\u00e4rjest\u00e4m\u00e4\u00e4n\u00a0ty\u00f6terveyshuollon\u00a0ty\u00f6ntekij\u00e4lleen (Ty\u00f6nantajat-osio). Lis\u00e4ksi kaikkien ty\u00f6nantajien t\u00e4ytyy ilmoittaa maksetut palkat\u00a0kansalliseen\u00a0tulorekisteriin (vero.fi).<\/p>\n<h3>Yksityisen hoidon tuki<\/h3>\n<p>Yksityisen hoidon tukea haetaan Kelan lomakkeella WH1 ja WH2.\u00a0Yksityisen hoidon tuen saamisen edellytyksen\u00e4 on, ett\u00e4 alle kouluik\u00e4inen lapsi on yksityisess\u00e4 varhaiskasvatuksessa kunnan j\u00e4rjest\u00e4m\u00e4n\u00a0varhaiskasvatuksen (p\u00e4iv\u00e4hoidon)\u00a0sijasta. Yksityist\u00e4\u00a0varhaiskasvatusta voi tuottaa yksityinen p\u00e4iv\u00e4koti, ryhm\u00e4perhep\u00e4iv\u00e4hoitaja, perhep\u00e4iv\u00e4hoitaja tai hoitaja, jonka perhe palkkaa kotiinsa lapsen hoitajaksi. Tukea voi saada sen vuoden hein\u00e4kuun loppuun asti, jolloin lapsi siirtyy perusopetukseen.<\/p>\n<p>Ty\u00f6sopimussuhteisen hoitajan kuntalis\u00e4 Turussa 1.8.2024 alkaen on<\/p>\n<ul>\n<li style=\"list-style-type: none\">\n<ul>\n<li style=\"list-style-type: none\">\n<ul>\n<li>alle 3v. lapselle 470\u00a0\u20ac \/kk<\/li>\n<li>yli 3v. lapselle 384\u00a0\u20ac \/kk<\/li>\n<li>Esikoululaiselle kuntalis\u00e4 on 176 \u20ac \/ kk \/ lapsi<\/li>\n<\/ul>\n<\/li>\n<\/ul>\n<\/li>\n<\/ul>\n<p>Yksityisen hoidon tuen hoitorahan ja kuntalis\u00e4n saa kokom\u00e4\u00e4r\u00e4isen\u00e4 yli 25h\/vko varhaiskasvatuksesta. Lis\u00e4tietoja\u00a0<a href=\"https:\/\/www.kela.fi\/lapsen-syntyma-ja-hoito\" target=\"_blank\" rel=\"noopener\">Kelan verkkosivulta<\/a><\/p>\n<p>Jos palkkaat hoitajan kotiin, niin WH2 lomakkeeseen tarvitaan kunnan hyv\u00e4ksynt\u00e4.<\/p>\n<p>Kunnan hyv\u00e4ksynt\u00e4\u00e4 varten ota yhteytt\u00e4 varhaiskasvatuksen palveluohjaukseen.<\/p>\n<ul>\n<li style=\"list-style-type: none\">\n<ul>\n<li style=\"list-style-type: none\">\n<ul>\n<li>puhelimitse: 02 262 5610, klo 9\u201315 ja keskiviikkoisin klo 9\u201312<\/li>\n<li>chatin kautta klo 9\u201315 ja keskiviikkoisin klo 9-12<\/li>\n<li>s\u00e4hk\u00f6postitse: varhaiskasvatus(at)turku.fi<\/li>\n<\/ul>\n<\/li>\n<\/ul>\n<\/li>\n<\/ul>\n<p>Palveluohjaajat tavoitat perjantaisin my\u00f6s Kauppatorin Monitorista, osoitteesta Aurakatu 8, ajanvarauksella tai jonottamalla. Korona-aikana asiakkaita kuitenkin kannustetaan ottamaan yhteytt\u00e4 verkon kautta ja puhelimitse.<\/p>\n<p><a href=\"https:\/\/blog.edu.turku.fi\/perhepaivahoito\/files\/2024\/09\/20190315_092553_resized.jpg\"><img loading=\"lazy\" decoding=\"async\" class=\" wp-image-604 aligncenter\" src=\"https:\/\/blog.edu.turku.fi\/perhepaivahoito\/files\/2024\/09\/20190315_092553_resized-225x300.jpg\" alt=\"\" width=\"283\" height=\"377\" srcset=\"https:\/\/blog.edu.turku.fi\/perhepaivahoito\/files\/2024\/09\/20190315_092553_resized-225x300.jpg 225w, https:\/\/blog.edu.turku.fi\/perhepaivahoito\/files\/2024\/09\/20190315_092553_resized-768x1024.jpg 768w, https:\/\/blog.edu.turku.fi\/perhepaivahoito\/files\/2024\/09\/20190315_092553_resized.jpg 774w\" sizes=\"auto, (max-width: 283px) 85vw, 283px\" \/><\/a><\/p>\n","protected":false},"excerpt":{"rendered":"<p>Voit palkata lastenhoitajan ja saada Kelasta yksityisen hoidon tuen\u00a0alle kouluik\u00e4iselle tai\u00a0kotihoidon tuen\u00a0alle 3-vuotiaalle. T\u00e4ll\u00f6in toimit ty\u00f6nantajana hoitajalle. Perhe voi palkata hoitajan yhdess\u00e4 toisen tai usean perheen kanssa. T\u00e4ss\u00e4 ns. hoitoringiss\u00e4 yksi hoitaja hoitaa perheiden lapsia yleens\u00e4 vuorotellen kunkin lapsen kotona. Jokainen perhe voi saada alle kouluik\u00e4isest\u00e4\u00a0yksityisen hoidon tuen. Yksityisen hoidon tuen saamisen edellytyksen\u00e4 on, ett\u00e4 &hellip; <a href=\"https:\/\/blog.edu.turku.fi\/perhepaivahoito\/hoitajan-palkkaaminen-kotiin\/\" class=\"more-link\">Jatka lukemista<span class=\"screen-reader-text\"> &#8221;Hoitajan palkkaaminen kotiin&#8221;<\/span><\/a><\/p>\n","protected":false},"author":9,"featured_media":0,"parent":0,"menu_order":0,"comment_status":"closed","ping_status":"closed","template":"","meta":{"footnotes":""},"class_list":["post-530","page","type-page","status-publish","hentry"],"_links":{"self":[{"href":"https:\/\/blog.edu.turku.fi\/perhepaivahoito\/wp-json\/wp\/v2\/pages\/530","targetHints":{"allow":["GET"]}}],"collection":[{"href":"https:\/\/blog.edu.turku.fi\/perhepaivahoito\/wp-json\/wp\/v2\/pages"}],"about":[{"href":"https:\/\/blog.edu.turku.fi\/perhepaivahoito\/wp-json\/wp\/v2\/types\/page"}],"author":[{"embeddable":true,"href":"https:\/\/blog.edu.turku.fi\/perhepaivahoito\/wp-json\/wp\/v2\/users\/9"}],"replies":[{"embeddable":true,"href":"https:\/\/blog.edu.turku.fi\/perhepaivahoito\/wp-json\/wp\/v2\/comments?post=530"}],"version-history":[{"count":5,"href":"https:\/\/blog.edu.turku.fi\/perhepaivahoito\/wp-json\/wp\/v2\/pages\/530\/revisions"}],"predecessor-version":[{"id":619,"href":"https:\/\/blog.edu.turku.fi\/perhepaivahoito\/wp-json\/wp\/v2\/pages\/530\/revisions\/619"}],"wp:attachment":[{"href":"https:\/\/blog.edu.turku.fi\/perhepaivahoito\/wp-json\/wp\/v2\/media?parent=530"}],"curies":[{"name":"wp","href":"https:\/\/api.w.org\/{rel}","templated":true}]}}