{"id":527,"date":"2026-01-07T11:00:00","date_gmt":"2026-01-07T09:00:00","guid":{"rendered":"https:\/\/blog.edu.turku.fi\/perhepaivahoito\/?page_id=527"},"modified":"2026-01-07T13:00:25","modified_gmt":"2026-01-07T11:00:25","slug":"yksityinen-ryhmaperhepaivahoito","status":"publish","type":"page","link":"https:\/\/blog.edu.turku.fi\/perhepaivahoito\/yksityinen-ryhmaperhepaivahoito\/","title":{"rendered":"Yksityinen ryhm\u00e4perhep\u00e4iv\u00e4hoito"},"content":{"rendered":"<p>Ryhm\u00e4perhep\u00e4iv\u00e4hoidossa ty\u00f6skentelee kaksi perhep\u00e4iv\u00e4hoitajaa yhteens\u00e4 kahdeksan lapsen kanssa. Lis\u00e4ksi ryhm\u00e4\u00e4n voidaan sijoittaa osap\u00e4iv\u00e4ksi kaksi esiopetusik\u00e4ist\u00e4. Ryhm\u00e4perhep\u00e4iv\u00e4hoito toimii erillisiss\u00e4, kunnan hyv\u00e4ksymiss\u00e4 tiloissa. Hoitopaikkaa haetaan ottamalla suoraan yhteytt\u00e4 ryhm\u00e4perhep\u00e4iv\u00e4hoitokotiin.<\/p>\n<p>Turun kaupunki ohjaa ja valvoo yksityist\u00e4 varhaiskasvatusta sek\u00e4 neuvoo palveluntuottajaa yksityisen varhaiskasvatuksen toimipaikan perustamisessa. Varhaiskasvatusta toteutetaan Turun kaupungin varhaiskasvatussuunnitelman ja lapsen yksil\u00f6llisen varhaiskasvatussuunnitelman mukaisesti.<\/p>\n<p>Tiedustelut vapaista paikosta tulee tehd\u00e4 suoraan ryhm\u00e4perhep\u00e4iv\u00e4hoitokotiin<br \/>\n<a href=\"http:\/\/www.ryhmaperhepaivakodit.fi\/\">Ryhm\u00e4perhep\u00e4iv\u00e4kodit Turussa<\/a><\/p>\n<h5>Yksityist\u00e4 ryhm\u00e4perhep\u00e4iv\u00e4hoitoa on sek\u00e4 yksityisen hoidon tuella ett\u00e4 palvelusetelill\u00e4<\/h5>\n<p>Hakiessa paikkaa palvelusetelituottajalta, t\u00e4yt\u00e4 sama s\u00e4hk\u00f6isen lomakkeen, kuin haettaessa kunnalliseen p\u00e4iv\u00e4hoitoon. Valitse t\u00e4ll\u00f6in\u00a0alueeksi Palveluseteli.\u00a0T\u00e4ll\u00f6in s\u00e4hk\u00f6iseen lomakkeeseen avautuu pudotusvalikko, josta l\u00f6yd\u00e4t yksityiset varhaiskasvatuspaikat.<\/p>\n<p>Yksityisen hoidon tukea haetaan Kelasta. Lakis\u00e4\u00e4teisen tuen lis\u00e4ksi Turku maksaa turkulaisille yksityisen hoidon tukeen kuntalis\u00e4\u00e4 kokop\u00e4iv\u00e4hoidosta. Yksityisen hoidon tuen saamisen edellytyksen\u00e4 on, ett\u00e4 alle kouluik\u00e4inen lapsi on yksityisess\u00e4 varhaiskasvatuksessa, eik\u00e4 voi olla samanaikaisesti kunnan j\u00e4rjest\u00e4m\u00e4ss\u00e4 varhaiskasvatuksessa. Yksityisen hoidon tukea voi saada sen vuoden hein\u00e4kuun loppuun asti, jolloin lapsi siirtyy perusopetukseen. Yksityisen hoidon tukeen kuuluu hoitoraha ja hoitolis\u00e4.\u00a0Tuki voi olla enint\u00e4\u00e4n lapsen hoitomaksun suuruinen <a href=\"https:\/\/www.kela.fi\/yksityisen-hoidon-tuki\" target=\"_blank\" rel=\"noopener\">https:\/\/www.kela.fi\/lastenhoidon-tuet<\/a><\/p>\n<p>Yksityisen hoidon tuki ja kuntalis\u00e4 my\u00f6nnet\u00e4\u00e4n vanhemmille lapsen p\u00e4iv\u00e4hoidon j\u00e4rjest\u00e4miseen ja Kela maksaa sen suoraan ryhm\u00e4perhep\u00e4iv\u00e4hoitokotiin. Ryhm\u00e4perhep\u00e4iv\u00e4hoitajat kertovat p\u00e4iv\u00e4hoitomaksun ja vanhempien osuuden siit\u00e4.<\/p>\n<p>Ryhm\u00e4perhep\u00e4iv\u00e4hoidon kuntalis\u00e4 Turussa 1.8.2024 alkaen on<\/p>\n<ul>\n<li style=\"list-style-type: none\">\n<ul>\n<li style=\"list-style-type: none\">\n<ul>\n<li>alle 3v. lapselle 689\u20ac \/kk<\/li>\n<li>yli 3v. lapselle 497\u20ac \/kk<\/li>\n<li>esikoululaiselle kuntalis\u00e4 on 198\u20ac \/kk \/ lapsi<\/li>\n<\/ul>\n<\/li>\n<\/ul>\n<\/li>\n<\/ul>\n<p>Yksityisen hoidon tuen hoitorahan ja kuntalis\u00e4n saa kokom\u00e4\u00e4r\u00e4isen\u00e4 yli 25h\/vko varhaiskasvatuksesta.<\/p>\n<p>N\u00e4ist\u00e4 sek\u00e4 palvelusetelist\u00e4 voitte kysy\u00e4 lis\u00e4\u00e4 palveluntuottajalta tai varhaiskasvatuksen palveluohjauksesta. Lis\u00e4tietoa ja hoitolis\u00e4n tulorajat l\u00f6ytyv\u00e4t Kelan nettisivuilta <a href=\"http:\/\/www.kela.fi\/yksityisen-hoidon-tuki-maara-ja-maksaminen\" target=\"_blank\" rel=\"noopener\">http:\/\/www.kela.fi\/yksityisen-hoidon-tuki-maara-ja-maksaminen<\/a><\/p>\n<h3>Turussa toimivat yksityiset ryhm\u00e4perhep\u00e4iv\u00e4kodit:<\/h3>\n<h5><strong>Palvelusetelill\u00e4 ja yksityisen hoidon tuella:<\/strong><\/h5>\n<p><strong>Pikku Heikki<\/strong><br \/>\nSyv\u00e4lahdentie 31, 20900 TURKU<br \/>\nPuhelin 040 594 5463, 040 822 5447<br \/>\nryhmispikku.heikki(at)gmail.com<\/p>\n<p><strong>Pikku P\u00e4\u00e4sky<\/strong><br \/>\nKivikartiontie 1, 20810 TURKU<br \/>\nPuhelin: 0442547779, 0405482820<br \/>\nS\u00e4hk\u00f6posti: pikkupaasky(at)gmail.com<br \/>\nPikku P\u00e4\u00e4skyn facebook sivut<\/p>\n<p><strong>Toivolan Tenavat<\/strong><br \/>\nToivolankatu 27, 20810 TURKU<br \/>\nPuhelin: 040 543 2269<br \/>\nS\u00e4hk\u00f6posti: toivolantenavat(at)gmail.com<br \/>\n<a href=\"https:\/\/www.toivolantenavat.fi\/\" target=\"_blank\" rel=\"noopener\">www.toivolantenavat.fi\/<\/a><\/p>\n<p><strong>Mets\u00e4nv\u00e4ki<\/strong><br \/>\nToivolankatu 19, 20810 TURKU<br \/>\nPuhelin: 045\u00a0201 1480<br \/>\nS\u00e4hk\u00f6posti: ryhmismetsanvaki(at)gmail.com<br \/>\n<a href=\"http:\/\/www.paivahoitometsanvaki.fi\/\" target=\"_blank\" rel=\"noopener\">www.paivahoitometsanvaki.fi\/<\/a><\/p>\n<p><strong>Satumets\u00e4<\/strong><br \/>\nTalvitie 38, 20610 Turku<br \/>\nPuhelin: 045 2040228<br \/>\nS\u00e4hk\u00f6posti: info@satumetsa.net<br \/>\n<a href=\"https:\/\/satumetsa.net\/\">https:\/\/satumetsa.net\/\u00a0\u00a0<\/a><\/p>\n<h5><strong>Yksityisen hoidon tuella:<\/strong><\/h5>\n<p><strong>Saariset<\/strong><br \/>\nH\u00e4r\u00e4najajanpolku 1 A , 20210 TURKU<br \/>\nPuhelin:\u00a0050 598 1756<br \/>\nS\u00e4hk\u00f6posti: saarinen.kirsi(at)gmail.com<\/p>\n<p><strong>Veitikat<\/strong><br \/>\nPaavinkatu 14 F 21, 20540 TURKU<br \/>\nPuhelin: 040 816 6168<br \/>\nInstagram: veitikatryhmis<\/p>\n<p><strong>Wipatukset &amp; Wipelt\u00e4j\u00e4t<\/strong><br \/>\nRunosm\u00e4enkatu 2 C 19, 20360 TURKU<br \/>\nPuhelin:\u00a0040 591 1594<br \/>\nS\u00e4hk\u00f6posti:\u00a0perhetuplaweet(at)gmail.com<\/p>\n<p>&nbsp;<\/p>\n<p><a href=\"https:\/\/blog.edu.turku.fi\/perhepaivahoito\/files\/2024\/09\/20180925_092334-1.jpg\"><img loading=\"lazy\" decoding=\"async\" class=\"alignright wp-image-602 size-full\" src=\"https:\/\/blog.edu.turku.fi\/perhepaivahoito\/files\/2024\/09\/20180925_092334-1-e1725360442338.jpg\" alt=\"\" width=\"2048\" height=\"1314\" srcset=\"https:\/\/blog.edu.turku.fi\/perhepaivahoito\/files\/2024\/09\/20180925_092334-1-e1725360442338.jpg 2048w, https:\/\/blog.edu.turku.fi\/perhepaivahoito\/files\/2024\/09\/20180925_092334-1-e1725360442338-300x192.jpg 300w, https:\/\/blog.edu.turku.fi\/perhepaivahoito\/files\/2024\/09\/20180925_092334-1-e1725360442338-1024x657.jpg 1024w, https:\/\/blog.edu.turku.fi\/perhepaivahoito\/files\/2024\/09\/20180925_092334-1-e1725360442338-768x493.jpg 768w, https:\/\/blog.edu.turku.fi\/perhepaivahoito\/files\/2024\/09\/20180925_092334-1-e1725360442338-1536x986.jpg 1536w, https:\/\/blog.edu.turku.fi\/perhepaivahoito\/files\/2024\/09\/20180925_092334-1-e1725360442338-1200x770.jpg 1200w\" sizes=\"auto, (max-width: 709px) 85vw, (max-width: 909px) 67vw, (max-width: 1362px) 62vw, 840px\" \/><\/a><\/p>\n","protected":false},"excerpt":{"rendered":"<p>Ryhm\u00e4perhep\u00e4iv\u00e4hoidossa ty\u00f6skentelee kaksi perhep\u00e4iv\u00e4hoitajaa yhteens\u00e4 kahdeksan lapsen kanssa. Lis\u00e4ksi ryhm\u00e4\u00e4n voidaan sijoittaa osap\u00e4iv\u00e4ksi kaksi esiopetusik\u00e4ist\u00e4. Ryhm\u00e4perhep\u00e4iv\u00e4hoito toimii erillisiss\u00e4, kunnan hyv\u00e4ksymiss\u00e4 tiloissa. Hoitopaikkaa haetaan ottamalla suoraan yhteytt\u00e4 ryhm\u00e4perhep\u00e4iv\u00e4hoitokotiin. Turun kaupunki ohjaa ja valvoo yksityist\u00e4 varhaiskasvatusta sek\u00e4 neuvoo palveluntuottajaa yksityisen varhaiskasvatuksen toimipaikan perustamisessa. Varhaiskasvatusta toteutetaan Turun kaupungin varhaiskasvatussuunnitelman ja lapsen yksil\u00f6llisen varhaiskasvatussuunnitelman mukaisesti. Tiedustelut vapaista paikosta tulee &hellip; <a href=\"https:\/\/blog.edu.turku.fi\/perhepaivahoito\/yksityinen-ryhmaperhepaivahoito\/\" class=\"more-link\">Jatka lukemista<span class=\"screen-reader-text\"> &#8221;Yksityinen ryhm\u00e4perhep\u00e4iv\u00e4hoito&#8221;<\/span><\/a><\/p>\n","protected":false},"author":9,"featured_media":0,"parent":0,"menu_order":0,"comment_status":"closed","ping_status":"closed","template":"","meta":{"footnotes":""},"class_list":["post-527","page","type-page","status-publish","hentry"],"_links":{"self":[{"href":"https:\/\/blog.edu.turku.fi\/perhepaivahoito\/wp-json\/wp\/v2\/pages\/527","targetHints":{"allow":["GET"]}}],"collection":[{"href":"https:\/\/blog.edu.turku.fi\/perhepaivahoito\/wp-json\/wp\/v2\/pages"}],"about":[{"href":"https:\/\/blog.edu.turku.fi\/perhepaivahoito\/wp-json\/wp\/v2\/types\/page"}],"author":[{"embeddable":true,"href":"https:\/\/blog.edu.turku.fi\/perhepaivahoito\/wp-json\/wp\/v2\/users\/9"}],"replies":[{"embeddable":true,"href":"https:\/\/blog.edu.turku.fi\/perhepaivahoito\/wp-json\/wp\/v2\/comments?post=527"}],"version-history":[{"count":15,"href":"https:\/\/blog.edu.turku.fi\/perhepaivahoito\/wp-json\/wp\/v2\/pages\/527\/revisions"}],"predecessor-version":[{"id":699,"href":"https:\/\/blog.edu.turku.fi\/perhepaivahoito\/wp-json\/wp\/v2\/pages\/527\/revisions\/699"}],"wp:attachment":[{"href":"https:\/\/blog.edu.turku.fi\/perhepaivahoito\/wp-json\/wp\/v2\/media?parent=527"}],"curies":[{"name":"wp","href":"https:\/\/api.w.org\/{rel}","templated":true}]}}